{"id":590,"date":"2016-11-28T16:39:25","date_gmt":"2016-11-28T19:39:25","guid":{"rendered":"http:\/\/kavantan.com.br\/2016\/?page_id=590"},"modified":"2016-12-05T11:23:38","modified_gmt":"2016-12-05T14:23:38","slug":"20-anos-do-premio-avon-de-maquiagem","status":"publish","type":"page","link":"https:\/\/kavantan.com.br\/2016\/projetos\/realizacoes\/20-anos-do-premio-avon-de-maquiagem\/","title":{"rendered":"20 Anos do Pr\u00eamio Avon de Maquiagem"},"content":{"rendered":"<p><img loading=\"lazy\" decoding=\"async\" class=\"alignleft size-full wp-image-666\" src=\"http:\/\/kavantan.com.br\/2016\/wp-content\/uploads\/2016\/11\/20AnosPAM_1400x400_02.jpg\" alt=\"20anospam_1400x400_02\" width=\"1400\" height=\"400\" srcset=\"https:\/\/kavantan.com.br\/2016\/wp-content\/uploads\/2016\/11\/20AnosPAM_1400x400_02.jpg 1400w, https:\/\/kavantan.com.br\/2016\/wp-content\/uploads\/2016\/11\/20AnosPAM_1400x400_02-300x86.jpg 300w, https:\/\/kavantan.com.br\/2016\/wp-content\/uploads\/2016\/11\/20AnosPAM_1400x400_02-768x219.jpg 768w, https:\/\/kavantan.com.br\/2016\/wp-content\/uploads\/2016\/11\/20AnosPAM_1400x400_02-1024x293.jpg 1024w\" sizes=\"auto, (max-width: 1400px) 100vw, 1400px\" \/><\/p>\n<p>Primeira e, at\u00e9 hoje, \u00fanica premia\u00e7\u00e3o no Brasil voltada exclusivamente a maquiadores, a hist\u00f3ria do Pr\u00eamio Avon de Maquiagem acompanhou o desenvolvimento e a profissionaliza\u00e7\u00e3o do segmento, as transforma\u00e7\u00f5es culturais e de comportamento no pa\u00eds. As grandes produ\u00e7\u00f5es da TV, o renascimento do cinema, a evolu\u00e7\u00e3o do teatro, a consolida\u00e7\u00e3o da moda, a explos\u00e3o dos v\u00eddeo clipes. Tudo isso permeia a trajet\u00f3ria da premia\u00e7\u00e3o que, h\u00e1 duas d\u00e9cadas, colabora para valorizar o papel do maquiador como agente criativo. Foram 180 trof\u00e9us entregues para 123 maquiadores; milhares de trabalhos avaliados e mais de 500 profissionais conquistando um lugar na final da premia\u00e7\u00e3o mais desejada da maquiagem. Uma hist\u00f3ria constru\u00edda com seriedade, orgulho e de m\u00e3os dadas com os beauty artists.<\/p>\n<p>Para celebrar a entrega do 20\u00ba Pr\u00eamio Avon de Maquiagem, a Kavantan organizou e editou um livro comemorativo, com um resgate hist\u00f3rico ano a ano da premia\u00e7\u00e3o. Nesse per\u00edodo diversas tend\u00eancias surgiram, assim como novas tecnologias, tanto na \u00e1rea como na m\u00eddia, e o livro retrata tamb\u00e9m todo esse desenvolvimento.<\/p>\n<p style=\"text-align: center;\"><strong>Fotos do evento e trechos do livro<\/strong><\/p>\n<!-- Rendered by FancyBox without labels BEGIN -->\n\n\t<style type=\"text\/css\">\n\t\t\t\t\t#gallery-0 {\n\t\t\t\t\t\tmargin: auto;\n\t\t\t\t\t}\n\t\t\t\t\t#gallery-0 .gallery-item {\n\t\t\t\t\t\tfloat: left;\n\t\t\t\t\t\tmargin-top: 10px;\n\t\t\t\t\t\ttext-align: center;\n\t\t\t\t\t\twidth: 24%;\n\t\t\t\t\t}\n\t\t\t\t\t#gallery-0 img {\n\t\t\t\t\t\tborder: 2px solid #cfcfcf;\n\t\t\t\t\t}\n\t\t\t\t\t#gallery-0 .gallery-caption {\n\t\t\t\t\t\tmargin-left: 0;\n\t\t\t\t\t}\n\t<\/style>\n<script type=\"text\/javascript\">\n$(document).ready(function() {\n\t\/*\n\t *  Simple image gallery. Uses default settings\n\t *\/\n\n\t$(\".fancybox\").fancybox({\n\t\t\"transitionIn\"\t\t: \"none\",\n\t\t\"transitionOut\"\t\t: \"none\",\n\t\t\"titlePosition\" \t: \"over\"\n\n\t});\n});\n<\/script>\n\n\t<div id=\"gallery-0\" class=\"gallery galleryid-0 gallery-size-thumbnail\" style=\"\"><dl class=\"gallery-item\"><dt class=\"gallery-icon\">\n\t\t<a class=\"fancybox\" href=\"https:\/\/kavantan.com.br\/2016\/wp-content\/uploads\/2016\/11\/trofeu.jpg\" rel=\"gallery-0\"><img loading=\"lazy\" decoding=\"async\" width=\"150\" height=\"150\" class=\"attachment-thumbnail\" alt=\"\" src=\"https:\/\/kavantan.com.br\/2016\/wp-content\/uploads\/2016\/11\/trofeu-150x150.jpg\" \/><\/a><\/dt><\/dl>\n\n<dl class=\"gallery-item\"><dt class=\"gallery-icon\">\n\t\t<a class=\"fancybox\" href=\"https:\/\/kavantan.com.br\/2016\/wp-content\/uploads\/2016\/11\/20AnosPAM_013.jpg\" rel=\"gallery-0\"><img loading=\"lazy\" decoding=\"async\" width=\"150\" height=\"150\" class=\"attachment-thumbnail\" alt=\"\" src=\"https:\/\/kavantan.com.br\/2016\/wp-content\/uploads\/2016\/11\/20AnosPAM_013-150x150.jpg\" \/><\/a><\/dt><\/dl>\n\n<dl class=\"gallery-item\"><dt class=\"gallery-icon\">\n\t\t<a class=\"fancybox\" href=\"https:\/\/kavantan.com.br\/2016\/wp-content\/uploads\/2016\/11\/20AnosPAM_003.jpg\" rel=\"gallery-0\"><img loading=\"lazy\" decoding=\"async\" width=\"150\" height=\"150\" class=\"attachment-thumbnail\" alt=\"\" src=\"https:\/\/kavantan.com.br\/2016\/wp-content\/uploads\/2016\/11\/20AnosPAM_003-150x150.jpg\" \/><\/a><\/dt><\/dl>\n\n<dl class=\"gallery-item\"><dt class=\"gallery-icon\">\n\t\t<a class=\"fancybox\" href=\"https:\/\/kavantan.com.br\/2016\/wp-content\/uploads\/2016\/11\/20AnosPAM_004.jpg\" rel=\"gallery-0\"><img loading=\"lazy\" decoding=\"async\" width=\"150\" height=\"150\" class=\"attachment-thumbnail\" alt=\"\" src=\"https:\/\/kavantan.com.br\/2016\/wp-content\/uploads\/2016\/11\/20AnosPAM_004-150x150.jpg\" \/><\/a><\/dt><\/dl>\n\n<dl class=\"gallery-item\"><dt class=\"gallery-icon\">\n\t\t<a class=\"fancybox\" href=\"https:\/\/kavantan.com.br\/2016\/wp-content\/uploads\/2016\/11\/20AnosPAM_005.jpg\" rel=\"gallery-0\"><img loading=\"lazy\" decoding=\"async\" width=\"150\" height=\"150\" class=\"attachment-thumbnail\" alt=\"\" src=\"https:\/\/kavantan.com.br\/2016\/wp-content\/uploads\/2016\/11\/20AnosPAM_005-150x150.jpg\" \/><\/a><\/dt><\/dl>\n\n<dl class=\"gallery-item\"><dt class=\"gallery-icon\">\n\t\t<a class=\"fancybox\" href=\"https:\/\/kavantan.com.br\/2016\/wp-content\/uploads\/2016\/11\/20AnosPAM_006.jpg\" rel=\"gallery-0\"><img loading=\"lazy\" decoding=\"async\" width=\"150\" height=\"150\" class=\"attachment-thumbnail\" alt=\"\" src=\"https:\/\/kavantan.com.br\/2016\/wp-content\/uploads\/2016\/11\/20AnosPAM_006-150x150.jpg\" \/><\/a><\/dt><\/dl>\n\n<dl class=\"gallery-item\"><dt class=\"gallery-icon\">\n\t\t<a class=\"fancybox\" href=\"https:\/\/kavantan.com.br\/2016\/wp-content\/uploads\/2016\/11\/20AnosPAM_012.jpg\" rel=\"gallery-0\"><img loading=\"lazy\" decoding=\"async\" width=\"150\" height=\"150\" class=\"attachment-thumbnail\" alt=\"\" src=\"https:\/\/kavantan.com.br\/2016\/wp-content\/uploads\/2016\/11\/20AnosPAM_012-150x150.jpg\" \/><\/a><\/dt><\/dl>\n\n<dl class=\"gallery-item\"><dt class=\"gallery-icon\">\n\t\t<a class=\"fancybox\" href=\"https:\/\/kavantan.com.br\/2016\/wp-content\/uploads\/2016\/11\/20AnosPAM_007.jpg\" rel=\"gallery-0\"><img loading=\"lazy\" decoding=\"async\" width=\"150\" height=\"150\" class=\"attachment-thumbnail\" alt=\"\" src=\"https:\/\/kavantan.com.br\/2016\/wp-content\/uploads\/2016\/11\/20AnosPAM_007-150x150.jpg\" \/><\/a><\/dt><\/dl>\n\n<dl class=\"gallery-item\"><dt class=\"gallery-icon\">\n\t\t<a class=\"fancybox\" href=\"https:\/\/kavantan.com.br\/2016\/wp-content\/uploads\/2016\/11\/20AnosPAM_009.jpg\" rel=\"gallery-0\"><img loading=\"lazy\" decoding=\"async\" width=\"150\" height=\"150\" class=\"attachment-thumbnail\" alt=\"\" src=\"https:\/\/kavantan.com.br\/2016\/wp-content\/uploads\/2016\/11\/20AnosPAM_009-150x150.jpg\" \/><\/a><\/dt><\/dl>\n\n<dl class=\"gallery-item\"><dt class=\"gallery-icon\">\n\t\t<a class=\"fancybox\" href=\"https:\/\/kavantan.com.br\/2016\/wp-content\/uploads\/2016\/11\/20AnosPAM_008.jpg\" rel=\"gallery-0\"><img loading=\"lazy\" decoding=\"async\" width=\"150\" height=\"150\" class=\"attachment-thumbnail\" alt=\"\" src=\"https:\/\/kavantan.com.br\/2016\/wp-content\/uploads\/2016\/11\/20AnosPAM_008-150x150.jpg\" \/><\/a><\/dt><\/dl>\n\n<dl class=\"gallery-item\"><dt class=\"gallery-icon\">\n\t\t<a class=\"fancybox\" href=\"https:\/\/kavantan.com.br\/2016\/wp-content\/uploads\/2016\/11\/20AnosPAM_011.jpg\" rel=\"gallery-0\"><img loading=\"lazy\" decoding=\"async\" width=\"150\" height=\"150\" class=\"attachment-thumbnail\" alt=\"\" src=\"https:\/\/kavantan.com.br\/2016\/wp-content\/uploads\/2016\/11\/20AnosPAM_011-150x150.jpg\" \/><\/a><\/dt><\/dl>\n\n<dl class=\"gallery-item\"><dt class=\"gallery-icon\">\n\t\t<a class=\"fancybox\" href=\"https:\/\/kavantan.com.br\/2016\/wp-content\/uploads\/2016\/11\/20AnosPAM_001.jpg\" rel=\"gallery-0\"><img loading=\"lazy\" decoding=\"async\" width=\"150\" height=\"150\" class=\"attachment-thumbnail\" alt=\"\" src=\"https:\/\/kavantan.com.br\/2016\/wp-content\/uploads\/2016\/11\/20AnosPAM_001-150x150.jpg\" \/><\/a><\/dt><\/dl>\n\n<\/div><br clear=\"all\" \/><!-- Rendered by FancyBox without labels END -->\n\n","protected":false},"excerpt":{"rendered":"<p>Primeira e, at\u00e9 hoje, \u00fanica premia\u00e7\u00e3o no Brasil voltada exclusivamente a maquiadores, [&hellip;]<\/p>\n","protected":false},"author":1,"featured_media":0,"parent":40,"menu_order":0,"comment_status":"closed","ping_status":"closed","template":"","meta":{"_monsterinsights_skip_tracking":false,"_monsterinsights_sitenote_active":false,"_monsterinsights_sitenote_note":"","_monsterinsights_sitenote_category":0,"spay_email":"","footnotes":""},"class_list":["post-590","page","type-page","status-publish","hentry"],"yoast_head":"<!-- This site is optimized with the Yoast SEO plugin v18.0 - https:\/\/yoast.com\/wordpress\/plugins\/seo\/ -->\n<title>20 Anos do Pr\u00eamio Avon de Maquiagem &ndash; Kavantan Projetos e Eventos Culturais<\/title>\n<meta name=\"robots\" content=\"index, follow, max-snippet:-1, max-image-preview:large, max-video-preview:-1\" \/>\n<link rel=\"canonical\" href=\"https:\/\/kavantan.com.br\/2016\/projetos\/realizacoes\/20-anos-do-premio-avon-de-maquiagem\/\" \/>\n<meta property=\"og:locale\" content=\"pt_BR\" \/>\n<meta property=\"og:type\" content=\"article\" \/>\n<meta property=\"og:title\" content=\"20 Anos do Pr\u00eamio Avon de Maquiagem &ndash; Kavantan Projetos e Eventos Culturais\" \/>\n<meta property=\"og:description\" content=\"Primeira e, at\u00e9 hoje, \u00fanica premia\u00e7\u00e3o no Brasil voltada exclusivamente a maquiadores, [&hellip;]\" \/>\n<meta property=\"og:url\" content=\"https:\/\/kavantan.com.br\/2016\/projetos\/realizacoes\/20-anos-do-premio-avon-de-maquiagem\/\" \/>\n<meta property=\"og:site_name\" content=\"Kavantan Projetos e Eventos Culturais\" \/>\n<meta property=\"article:publisher\" content=\"https:\/\/www.facebook.com\/KavantanCultural\/\" \/>\n<meta property=\"article:modified_time\" content=\"2016-12-05T14:23:38+00:00\" \/>\n<meta property=\"og:image\" content=\"https:\/\/kavantan.com.br\/2016\/wp-content\/uploads\/2016\/11\/trofeu-150x150.jpg\" \/>\n<meta name=\"twitter:card\" content=\"summary\" \/>\n<meta name=\"twitter:label1\" content=\"Est. tempo de leitura\" \/>\n\t<meta name=\"twitter:data1\" content=\"1 minuto\" \/>\n<script type=\"application\/ld+json\" class=\"yoast-schema-graph\">{\"@context\":\"https:\/\/schema.org\",\"@graph\":[{\"@type\":\"Organization\",\"@id\":\"https:\/\/kavantan.com.br\/2016\/#organization\",\"name\":\"Kavantan Projetos e Eventos Culturais\",\"url\":\"https:\/\/kavantan.com.br\/2016\/\",\"sameAs\":[\"https:\/\/www.facebook.com\/KavantanCultural\/\",\"http:\/\/instagram.com\/KavantanCultural\",\"https:\/\/www.youtube.com\/channel\/UCb9iwGfNUFnBax2SqznpQYA\"],\"logo\":{\"@type\":\"ImageObject\",\"@id\":\"https:\/\/kavantan.com.br\/2016\/#logo\",\"inLanguage\":\"pt-BR\",\"url\":\"https:\/\/kavantan.com.br\/2016\/wp-content\/uploads\/2016\/09\/Kavantan_319x100.jpg\",\"contentUrl\":\"https:\/\/kavantan.com.br\/2016\/wp-content\/uploads\/2016\/09\/Kavantan_319x100.jpg\",\"width\":319,\"height\":100,\"caption\":\"Kavantan Projetos e Eventos Culturais\"},\"image\":{\"@id\":\"https:\/\/kavantan.com.br\/2016\/#logo\"}},{\"@type\":\"WebSite\",\"@id\":\"https:\/\/kavantan.com.br\/2016\/#website\",\"url\":\"https:\/\/kavantan.com.br\/2016\/\",\"name\":\"Kavantan Projetos e Eventos Culturais\",\"description\":\"\",\"publisher\":{\"@id\":\"https:\/\/kavantan.com.br\/2016\/#organization\"},\"potentialAction\":[{\"@type\":\"SearchAction\",\"target\":{\"@type\":\"EntryPoint\",\"urlTemplate\":\"https:\/\/kavantan.com.br\/2016\/?s={search_term_string}\"},\"query-input\":\"required name=search_term_string\"}],\"inLanguage\":\"pt-BR\"},{\"@type\":\"ImageObject\",\"@id\":\"https:\/\/kavantan.com.br\/2016\/projetos\/realizacoes\/20-anos-do-premio-avon-de-maquiagem\/#primaryimage\",\"inLanguage\":\"pt-BR\",\"url\":\"http:\/\/kavantan.com.br\/2016\/wp-content\/uploads\/2016\/11\/20AnosPAM_1400x400_02.jpg\",\"contentUrl\":\"http:\/\/kavantan.com.br\/2016\/wp-content\/uploads\/2016\/11\/20AnosPAM_1400x400_02.jpg\"},{\"@type\":\"WebPage\",\"@id\":\"https:\/\/kavantan.com.br\/2016\/projetos\/realizacoes\/20-anos-do-premio-avon-de-maquiagem\/#webpage\",\"url\":\"https:\/\/kavantan.com.br\/2016\/projetos\/realizacoes\/20-anos-do-premio-avon-de-maquiagem\/\",\"name\":\"20 Anos do Pr\u00eamio Avon de Maquiagem &ndash; Kavantan Projetos e Eventos Culturais\",\"isPartOf\":{\"@id\":\"https:\/\/kavantan.com.br\/2016\/#website\"},\"primaryImageOfPage\":{\"@id\":\"https:\/\/kavantan.com.br\/2016\/projetos\/realizacoes\/20-anos-do-premio-avon-de-maquiagem\/#primaryimage\"},\"datePublished\":\"2016-11-28T19:39:25+00:00\",\"dateModified\":\"2016-12-05T14:23:38+00:00\",\"breadcrumb\":{\"@id\":\"https:\/\/kavantan.com.br\/2016\/projetos\/realizacoes\/20-anos-do-premio-avon-de-maquiagem\/#breadcrumb\"},\"inLanguage\":\"pt-BR\",\"potentialAction\":[{\"@type\":\"ReadAction\",\"target\":[\"https:\/\/kavantan.com.br\/2016\/projetos\/realizacoes\/20-anos-do-premio-avon-de-maquiagem\/\"]}]},{\"@type\":\"BreadcrumbList\",\"@id\":\"https:\/\/kavantan.com.br\/2016\/projetos\/realizacoes\/20-anos-do-premio-avon-de-maquiagem\/#breadcrumb\",\"itemListElement\":[{\"@type\":\"ListItem\",\"position\":1,\"name\":\"In\u00edcio\",\"item\":\"https:\/\/kavantan.com.br\/2016\/\"},{\"@type\":\"ListItem\",\"position\":2,\"name\":\"Projetos\",\"item\":\"https:\/\/kavantan.com.br\/2016\/projetos\/\"},{\"@type\":\"ListItem\",\"position\":3,\"name\":\"Realiza\u00e7\u00f5es\",\"item\":\"https:\/\/kavantan.com.br\/2016\/projetos\/realizacoes\/\"},{\"@type\":\"ListItem\",\"position\":4,\"name\":\"20 Anos do Pr\u00eamio Avon de Maquiagem\"}]}]}<\/script>\n<!-- \/ Yoast SEO plugin. -->","yoast_head_json":{"title":"20 Anos do Pr\u00eamio Avon de Maquiagem &ndash; Kavantan Projetos e Eventos Culturais","robots":{"index":"index","follow":"follow","max-snippet":"max-snippet:-1","max-image-preview":"max-image-preview:large","max-video-preview":"max-video-preview:-1"},"canonical":"https:\/\/kavantan.com.br\/2016\/projetos\/realizacoes\/20-anos-do-premio-avon-de-maquiagem\/","og_locale":"pt_BR","og_type":"article","og_title":"20 Anos do Pr\u00eamio Avon de Maquiagem &ndash; Kavantan Projetos e Eventos Culturais","og_description":"Primeira e, at\u00e9 hoje, \u00fanica premia\u00e7\u00e3o no Brasil voltada exclusivamente a maquiadores, [&hellip;]","og_url":"https:\/\/kavantan.com.br\/2016\/projetos\/realizacoes\/20-anos-do-premio-avon-de-maquiagem\/","og_site_name":"Kavantan Projetos e Eventos Culturais","article_publisher":"https:\/\/www.facebook.com\/KavantanCultural\/","article_modified_time":"2016-12-05T14:23:38+00:00","og_image":[{"url":"https:\/\/kavantan.com.br\/2016\/wp-content\/uploads\/2016\/11\/trofeu-150x150.jpg"}],"twitter_card":"summary","twitter_misc":{"Est. tempo de leitura":"1 minuto"},"schema":{"@context":"https:\/\/schema.org","@graph":[{"@type":"Organization","@id":"https:\/\/kavantan.com.br\/2016\/#organization","name":"Kavantan Projetos e Eventos Culturais","url":"https:\/\/kavantan.com.br\/2016\/","sameAs":["https:\/\/www.facebook.com\/KavantanCultural\/","http:\/\/instagram.com\/KavantanCultural","https:\/\/www.youtube.com\/channel\/UCb9iwGfNUFnBax2SqznpQYA"],"logo":{"@type":"ImageObject","@id":"https:\/\/kavantan.com.br\/2016\/#logo","inLanguage":"pt-BR","url":"https:\/\/kavantan.com.br\/2016\/wp-content\/uploads\/2016\/09\/Kavantan_319x100.jpg","contentUrl":"https:\/\/kavantan.com.br\/2016\/wp-content\/uploads\/2016\/09\/Kavantan_319x100.jpg","width":319,"height":100,"caption":"Kavantan Projetos e Eventos Culturais"},"image":{"@id":"https:\/\/kavantan.com.br\/2016\/#logo"}},{"@type":"WebSite","@id":"https:\/\/kavantan.com.br\/2016\/#website","url":"https:\/\/kavantan.com.br\/2016\/","name":"Kavantan Projetos e Eventos Culturais","description":"","publisher":{"@id":"https:\/\/kavantan.com.br\/2016\/#organization"},"potentialAction":[{"@type":"SearchAction","target":{"@type":"EntryPoint","urlTemplate":"https:\/\/kavantan.com.br\/2016\/?s={search_term_string}"},"query-input":"required name=search_term_string"}],"inLanguage":"pt-BR"},{"@type":"ImageObject","@id":"https:\/\/kavantan.com.br\/2016\/projetos\/realizacoes\/20-anos-do-premio-avon-de-maquiagem\/#primaryimage","inLanguage":"pt-BR","url":"http:\/\/kavantan.com.br\/2016\/wp-content\/uploads\/2016\/11\/20AnosPAM_1400x400_02.jpg","contentUrl":"http:\/\/kavantan.com.br\/2016\/wp-content\/uploads\/2016\/11\/20AnosPAM_1400x400_02.jpg"},{"@type":"WebPage","@id":"https:\/\/kavantan.com.br\/2016\/projetos\/realizacoes\/20-anos-do-premio-avon-de-maquiagem\/#webpage","url":"https:\/\/kavantan.com.br\/2016\/projetos\/realizacoes\/20-anos-do-premio-avon-de-maquiagem\/","name":"20 Anos do Pr\u00eamio Avon de Maquiagem &ndash; Kavantan Projetos e Eventos Culturais","isPartOf":{"@id":"https:\/\/kavantan.com.br\/2016\/#website"},"primaryImageOfPage":{"@id":"https:\/\/kavantan.com.br\/2016\/projetos\/realizacoes\/20-anos-do-premio-avon-de-maquiagem\/#primaryimage"},"datePublished":"2016-11-28T19:39:25+00:00","dateModified":"2016-12-05T14:23:38+00:00","breadcrumb":{"@id":"https:\/\/kavantan.com.br\/2016\/projetos\/realizacoes\/20-anos-do-premio-avon-de-maquiagem\/#breadcrumb"},"inLanguage":"pt-BR","potentialAction":[{"@type":"ReadAction","target":["https:\/\/kavantan.com.br\/2016\/projetos\/realizacoes\/20-anos-do-premio-avon-de-maquiagem\/"]}]},{"@type":"BreadcrumbList","@id":"https:\/\/kavantan.com.br\/2016\/projetos\/realizacoes\/20-anos-do-premio-avon-de-maquiagem\/#breadcrumb","itemListElement":[{"@type":"ListItem","position":1,"name":"In\u00edcio","item":"https:\/\/kavantan.com.br\/2016\/"},{"@type":"ListItem","position":2,"name":"Projetos","item":"https:\/\/kavantan.com.br\/2016\/projetos\/"},{"@type":"ListItem","position":3,"name":"Realiza\u00e7\u00f5es","item":"https:\/\/kavantan.com.br\/2016\/projetos\/realizacoes\/"},{"@type":"ListItem","position":4,"name":"20 Anos do Pr\u00eamio Avon de Maquiagem"}]}]}},"_links":{"self":[{"href":"https:\/\/kavantan.com.br\/2016\/wp-json\/wp\/v2\/pages\/590","targetHints":{"allow":["GET"]}}],"collection":[{"href":"https:\/\/kavantan.com.br\/2016\/wp-json\/wp\/v2\/pages"}],"about":[{"href":"https:\/\/kavantan.com.br\/2016\/wp-json\/wp\/v2\/types\/page"}],"author":[{"embeddable":true,"href":"https:\/\/kavantan.com.br\/2016\/wp-json\/wp\/v2\/users\/1"}],"replies":[{"embeddable":true,"href":"https:\/\/kavantan.com.br\/2016\/wp-json\/wp\/v2\/comments?post=590"}],"version-history":[{"count":2,"href":"https:\/\/kavantan.com.br\/2016\/wp-json\/wp\/v2\/pages\/590\/revisions"}],"predecessor-version":[{"id":669,"href":"https:\/\/kavantan.com.br\/2016\/wp-json\/wp\/v2\/pages\/590\/revisions\/669"}],"up":[{"embeddable":true,"href":"https:\/\/kavantan.com.br\/2016\/wp-json\/wp\/v2\/pages\/40"}],"wp:attachment":[{"href":"https:\/\/kavantan.com.br\/2016\/wp-json\/wp\/v2\/media?parent=590"}],"curies":[{"name":"wp","href":"https:\/\/api.w.org\/{rel}","templated":true}]}}