{"id":474,"date":"2016-11-28T09:16:28","date_gmt":"2016-11-28T12:16:28","guid":{"rendered":"http:\/\/kavantan.com.br\/2016\/?page_id=474"},"modified":"2019-12-04T14:42:22","modified_gmt":"2019-12-04T17:42:22","slug":"em-cartaz","status":"publish","type":"page","link":"https:\/\/kavantan.com.br\/2016\/projetos\/em-cartaz\/","title":{"rendered":"Em Cartaz"},"content":{"rendered":"\t\t<div data-elementor-type=\"wp-page\" data-elementor-id=\"474\" class=\"elementor elementor-474\" data-elementor-settings=\"[]\">\n\t\t\t\t\t\t<div class=\"elementor-inner\">\n\t\t\t\t\t\t\t<div class=\"elementor-section-wrap\">\n\t\t\t\t\t\t\t<section class=\"elementor-section elementor-top-section elementor-element elementor-element-46272d70 elementor-section-boxed elementor-section-height-default elementor-section-height-default\" data-id=\"46272d70\" data-element_type=\"section\">\n\t\t\t\t\t\t<div class=\"elementor-container elementor-column-gap-default\">\n\t\t\t\t\t\t\t<div class=\"elementor-row\">\n\t\t\t\t\t<div class=\"elementor-column elementor-col-100 elementor-top-column elementor-element elementor-element-3251a7fc\" data-id=\"3251a7fc\" data-element_type=\"column\">\n\t\t\t<div class=\"elementor-column-wrap elementor-element-populated\">\n\t\t\t\t\t\t\t<div class=\"elementor-widget-wrap\">\n\t\t\t\t\r\n\t\t<div class=\"elementor-element elementor-element-5f20e99b elementor-widget elementor-widget-text-editor\" data-id=\"5f20e99b\" data-element_type=\"widget\" data-widget_type=\"text-editor.default\">\n\t\t\t\t<div class=\"elementor-widget-container\">\n\t\t\t\t\t\t\t\t<div class=\"elementor-text-editor elementor-clearfix\">\n\t\t\t\t<p><img loading=\"lazy\" decoding=\"async\" class=\"aligncenter size-full wp-image-341\" src=\"http:\/\/kavantan.com.br\/2016\/wp-content\/uploads\/2016\/09\/realizacoes_1400x400.jpg\" alt=\"realizacoes_1400x400\" width=\"1400\" height=\"400\" srcset=\"https:\/\/kavantan.com.br\/2016\/wp-content\/uploads\/2016\/09\/realizacoes_1400x400.jpg 1400w, https:\/\/kavantan.com.br\/2016\/wp-content\/uploads\/2016\/09\/realizacoes_1400x400-300x86.jpg 300w, https:\/\/kavantan.com.br\/2016\/wp-content\/uploads\/2016\/09\/realizacoes_1400x400-768x219.jpg 768w, https:\/\/kavantan.com.br\/2016\/wp-content\/uploads\/2016\/09\/realizacoes_1400x400-1024x293.jpg 1024w\" sizes=\"auto, (max-width: 1400px) 100vw, 1400px\" \/><\/p><p>Esses s\u00e3o os projetos atualmente em cartaz ou dispon\u00edveis para contrata\u00e7\u00e3o. Alguns deles j\u00e1 t\u00eam anos de estrada e sucesso de p\u00fablico e cr\u00edtica, alguns acabaram de sair da prancheta, mas todos s\u00e3o frutos de um desenvolvimento cuidadoso e sens\u00edvel.<\/p><p>Confira abaixo esses projetos\u00a0ou <strong><a href=\"http:\/\/kavantan.com.br\/2016\/projetos\/\">clique aqui<\/a><\/strong> para ver os projetos para os quais estamos captando atualmente ou <a href=\"http:\/\/kavantan.com.br\/2016\/projetos\/realizacoes\/\"><strong>clique aqui<\/strong><\/a> para conhecer os nossos projetos passados.<\/p><div style=\"text-align: center;\"><figure id=\"attachment_817\" aria-describedby=\"caption-attachment-817\" style=\"width: 150px\" class=\"wp-caption alignleft\"><a href=\"http:\/\/kavantan.com.br\/2016\/projetos\/palavra-de-stela\/\"><img loading=\"lazy\" decoding=\"async\" class=\"wp-image-817 size-thumbnail\" src=\"http:\/\/kavantan.com.br\/2016\/wp-content\/uploads\/2016\/11\/Foto-Joao-Caldas-F\u00ba_326318press-150x150.jpg\" alt=\"\" width=\"150\" height=\"150\" srcset=\"https:\/\/kavantan.com.br\/2016\/wp-content\/uploads\/2016\/11\/Foto-Joao-Caldas-F\u00ba_326318press-150x150.jpg 150w, https:\/\/kavantan.com.br\/2016\/wp-content\/uploads\/2016\/11\/Foto-Joao-Caldas-F\u00ba_326318press-270x270.jpg 270w, https:\/\/kavantan.com.br\/2016\/wp-content\/uploads\/2016\/11\/Foto-Joao-Caldas-F\u00ba_326318press-230x230.jpg 230w, https:\/\/kavantan.com.br\/2016\/wp-content\/uploads\/2016\/11\/Foto-Joao-Caldas-F\u00ba_326318press-640x640.jpg 640w\" sizes=\"auto, (max-width: 150px) 100vw, 150px\" \/><\/a><figcaption id=\"caption-attachment-817\" class=\"wp-caption-text\">Palavra de Stela<\/figcaption><\/figure><figure id=\"attachment_820\" aria-describedby=\"caption-attachment-820\" style=\"width: 150px\" class=\"wp-caption alignleft\"><a href=\"http:\/\/kavantan.com.br\/2016\/projetos\/aeroplanos\/\"><img loading=\"lazy\" decoding=\"async\" class=\"wp-image-820 size-thumbnail\" title=\"\u00a9 Joao Caldas F\u00ba\" src=\"http:\/\/kavantan.com.br\/2016\/wp-content\/uploads\/2016\/11\/Foto-Joao-Caldas-F\u00ba_05127-press-150x150.jpg\" alt=\"\" width=\"150\" height=\"150\" srcset=\"https:\/\/kavantan.com.br\/2016\/wp-content\/uploads\/2016\/11\/Foto-Joao-Caldas-F\u00ba_05127-press-150x150.jpg 150w, https:\/\/kavantan.com.br\/2016\/wp-content\/uploads\/2016\/11\/Foto-Joao-Caldas-F\u00ba_05127-press-270x270.jpg 270w, https:\/\/kavantan.com.br\/2016\/wp-content\/uploads\/2016\/11\/Foto-Joao-Caldas-F\u00ba_05127-press-230x230.jpg 230w, https:\/\/kavantan.com.br\/2016\/wp-content\/uploads\/2016\/11\/Foto-Joao-Caldas-F\u00ba_05127-press-640x640.jpg 640w\" sizes=\"auto, (max-width: 150px) 100vw, 150px\" \/><\/a><figcaption id=\"caption-attachment-820\" class=\"wp-caption-text\">Aeroplanos<\/figcaption><\/figure><\/div><div style=\"text-align: center;\"><figure id=\"attachment_824\" aria-describedby=\"caption-attachment-824\" style=\"width: 150px\" class=\"wp-caption alignleft\"><a href=\"http:\/\/kavantan.com.br\/2016\/projetos\/realizacoes\/financas-praticas-amor-a-vista\/\"><img loading=\"lazy\" decoding=\"async\" class=\"wp-image-824 size-thumbnail\" src=\"http:\/\/kavantan.com.br\/2016\/wp-content\/uploads\/2016\/11\/120913VisaTeatro-33-150x150.jpg\" alt=\"credito claudio belli\" width=\"150\" height=\"150\" srcset=\"https:\/\/kavantan.com.br\/2016\/wp-content\/uploads\/2016\/11\/120913VisaTeatro-33-150x150.jpg 150w, https:\/\/kavantan.com.br\/2016\/wp-content\/uploads\/2016\/11\/120913VisaTeatro-33-270x270.jpg 270w, https:\/\/kavantan.com.br\/2016\/wp-content\/uploads\/2016\/11\/120913VisaTeatro-33-230x230.jpg 230w, https:\/\/kavantan.com.br\/2016\/wp-content\/uploads\/2016\/11\/120913VisaTeatro-33-640x640.jpg 640w\" sizes=\"auto, (max-width: 150px) 100vw, 150px\" \/><\/a><figcaption id=\"caption-attachment-824\" class=\"wp-caption-text\">Amor \u00e0 vista<\/figcaption><\/figure><figure id=\"attachment_825\" aria-describedby=\"caption-attachment-825\" style=\"width: 150px\" class=\"wp-caption alignleft\"><a href=\"http:\/\/kavantan.com.br\/2016\/projetos\/realizacoes\/financas-praticas-rede-de-protecao-2\/\"><img loading=\"lazy\" decoding=\"async\" class=\"wp-image-825 size-thumbnail\" src=\"http:\/\/kavantan.com.br\/2016\/wp-content\/uploads\/2016\/11\/MG_7135-150x150.jpg\" alt=\"credito Marcelo Pereira\" width=\"150\" height=\"150\" srcset=\"https:\/\/kavantan.com.br\/2016\/wp-content\/uploads\/2016\/11\/MG_7135-150x150.jpg 150w, https:\/\/kavantan.com.br\/2016\/wp-content\/uploads\/2016\/11\/MG_7135-270x270.jpg 270w, https:\/\/kavantan.com.br\/2016\/wp-content\/uploads\/2016\/11\/MG_7135-230x230.jpg 230w, https:\/\/kavantan.com.br\/2016\/wp-content\/uploads\/2016\/11\/MG_7135-640x640.jpg 640w\" sizes=\"auto, (max-width: 150px) 100vw, 150px\" \/><\/a><figcaption id=\"caption-attachment-825\" class=\"wp-caption-text\">Rede de prote\u00e7\u00e3o<\/figcaption><\/figure><\/div>\t\t\t\t\t<\/div>\n\t\t\t\t\t\t<\/div>\n\t\t\t\t<\/div>\n\t\t\t\t\t\t<\/div>\n\t\t\t\t\t<\/div>\n\t\t<\/div>\n\t\t\t\t\t\t\t\t<\/div>\n\t\t\t\t\t<\/div>\n\t\t<\/section>\n\t\t\t\t\t\t<\/div>\n\t\t\t\t\t\t<\/div>\n\t\t\t\t\t<\/div>\n\t\t","protected":false},"excerpt":{"rendered":"<p>Esses s\u00e3o os projetos atualmente em cartaz ou dispon\u00edveis para contrata\u00e7\u00e3o. Alguns [&hellip;]<\/p>\n","protected":false},"author":1,"featured_media":0,"parent":23,"menu_order":0,"comment_status":"closed","ping_status":"closed","template":"page-templates\/page_fullwidth.php","meta":{"_monsterinsights_skip_tracking":false,"_monsterinsights_sitenote_active":false,"_monsterinsights_sitenote_note":"","_monsterinsights_sitenote_category":0,"spay_email":"","footnotes":""},"class_list":["post-474","page","type-page","status-publish","hentry"],"yoast_head":"<!-- This site is optimized with the Yoast SEO plugin v18.0 - https:\/\/yoast.com\/wordpress\/plugins\/seo\/ -->\n<title>Em Cartaz &ndash; Kavantan Projetos e Eventos Culturais<\/title>\n<meta name=\"robots\" content=\"index, follow, max-snippet:-1, max-image-preview:large, max-video-preview:-1\" \/>\n<link rel=\"canonical\" href=\"https:\/\/kavantan.com.br\/2016\/projetos\/em-cartaz\/\" \/>\n<meta property=\"og:locale\" content=\"pt_BR\" \/>\n<meta property=\"og:type\" content=\"article\" \/>\n<meta property=\"og:title\" content=\"Em Cartaz &ndash; Kavantan Projetos e Eventos Culturais\" \/>\n<meta property=\"og:description\" content=\"Esses s\u00e3o os projetos atualmente em cartaz ou dispon\u00edveis para contrata\u00e7\u00e3o. Alguns [&hellip;]\" \/>\n<meta property=\"og:url\" content=\"https:\/\/kavantan.com.br\/2016\/projetos\/em-cartaz\/\" \/>\n<meta property=\"og:site_name\" content=\"Kavantan Projetos e Eventos Culturais\" \/>\n<meta property=\"article:publisher\" content=\"https:\/\/www.facebook.com\/KavantanCultural\/\" \/>\n<meta property=\"article:modified_time\" content=\"2019-12-04T17:42:22+00:00\" \/>\n<meta property=\"og:image\" content=\"http:\/\/kavantan.com.br\/2016\/wp-content\/uploads\/2016\/09\/realizacoes_1400x400.jpg\" \/>\n<meta name=\"twitter:card\" content=\"summary\" \/>\n<meta name=\"twitter:label1\" content=\"Est. tempo de leitura\" \/>\n\t<meta name=\"twitter:data1\" content=\"1 minuto\" \/>\n<script type=\"application\/ld+json\" class=\"yoast-schema-graph\">{\"@context\":\"https:\/\/schema.org\",\"@graph\":[{\"@type\":\"Organization\",\"@id\":\"https:\/\/kavantan.com.br\/2016\/#organization\",\"name\":\"Kavantan Projetos e Eventos Culturais\",\"url\":\"https:\/\/kavantan.com.br\/2016\/\",\"sameAs\":[\"https:\/\/www.facebook.com\/KavantanCultural\/\",\"http:\/\/instagram.com\/KavantanCultural\",\"https:\/\/www.youtube.com\/channel\/UCb9iwGfNUFnBax2SqznpQYA\"],\"logo\":{\"@type\":\"ImageObject\",\"@id\":\"https:\/\/kavantan.com.br\/2016\/#logo\",\"inLanguage\":\"pt-BR\",\"url\":\"https:\/\/kavantan.com.br\/2016\/wp-content\/uploads\/2016\/09\/Kavantan_319x100.jpg\",\"contentUrl\":\"https:\/\/kavantan.com.br\/2016\/wp-content\/uploads\/2016\/09\/Kavantan_319x100.jpg\",\"width\":319,\"height\":100,\"caption\":\"Kavantan Projetos e Eventos Culturais\"},\"image\":{\"@id\":\"https:\/\/kavantan.com.br\/2016\/#logo\"}},{\"@type\":\"WebSite\",\"@id\":\"https:\/\/kavantan.com.br\/2016\/#website\",\"url\":\"https:\/\/kavantan.com.br\/2016\/\",\"name\":\"Kavantan Projetos e Eventos Culturais\",\"description\":\"\",\"publisher\":{\"@id\":\"https:\/\/kavantan.com.br\/2016\/#organization\"},\"potentialAction\":[{\"@type\":\"SearchAction\",\"target\":{\"@type\":\"EntryPoint\",\"urlTemplate\":\"https:\/\/kavantan.com.br\/2016\/?s={search_term_string}\"},\"query-input\":\"required name=search_term_string\"}],\"inLanguage\":\"pt-BR\"},{\"@type\":\"ImageObject\",\"@id\":\"https:\/\/kavantan.com.br\/2016\/projetos\/em-cartaz\/#primaryimage\",\"inLanguage\":\"pt-BR\",\"url\":\"http:\/\/kavantan.com.br\/2016\/wp-content\/uploads\/2016\/09\/realizacoes_1400x400.jpg\",\"contentUrl\":\"http:\/\/kavantan.com.br\/2016\/wp-content\/uploads\/2016\/09\/realizacoes_1400x400.jpg\"},{\"@type\":\"WebPage\",\"@id\":\"https:\/\/kavantan.com.br\/2016\/projetos\/em-cartaz\/#webpage\",\"url\":\"https:\/\/kavantan.com.br\/2016\/projetos\/em-cartaz\/\",\"name\":\"Em Cartaz &ndash; Kavantan Projetos e Eventos Culturais\",\"isPartOf\":{\"@id\":\"https:\/\/kavantan.com.br\/2016\/#website\"},\"primaryImageOfPage\":{\"@id\":\"https:\/\/kavantan.com.br\/2016\/projetos\/em-cartaz\/#primaryimage\"},\"datePublished\":\"2016-11-28T12:16:28+00:00\",\"dateModified\":\"2019-12-04T17:42:22+00:00\",\"breadcrumb\":{\"@id\":\"https:\/\/kavantan.com.br\/2016\/projetos\/em-cartaz\/#breadcrumb\"},\"inLanguage\":\"pt-BR\",\"potentialAction\":[{\"@type\":\"ReadAction\",\"target\":[\"https:\/\/kavantan.com.br\/2016\/projetos\/em-cartaz\/\"]}]},{\"@type\":\"BreadcrumbList\",\"@id\":\"https:\/\/kavantan.com.br\/2016\/projetos\/em-cartaz\/#breadcrumb\",\"itemListElement\":[{\"@type\":\"ListItem\",\"position\":1,\"name\":\"In\u00edcio\",\"item\":\"https:\/\/kavantan.com.br\/2016\/\"},{\"@type\":\"ListItem\",\"position\":2,\"name\":\"Projetos\",\"item\":\"https:\/\/kavantan.com.br\/2016\/projetos\/\"},{\"@type\":\"ListItem\",\"position\":3,\"name\":\"Em Cartaz\"}]}]}<\/script>\n<!-- \/ Yoast SEO plugin. -->","yoast_head_json":{"title":"Em Cartaz &ndash; Kavantan Projetos e Eventos Culturais","robots":{"index":"index","follow":"follow","max-snippet":"max-snippet:-1","max-image-preview":"max-image-preview:large","max-video-preview":"max-video-preview:-1"},"canonical":"https:\/\/kavantan.com.br\/2016\/projetos\/em-cartaz\/","og_locale":"pt_BR","og_type":"article","og_title":"Em Cartaz &ndash; Kavantan Projetos e Eventos Culturais","og_description":"Esses s\u00e3o os projetos atualmente em cartaz ou dispon\u00edveis para contrata\u00e7\u00e3o. Alguns [&hellip;]","og_url":"https:\/\/kavantan.com.br\/2016\/projetos\/em-cartaz\/","og_site_name":"Kavantan Projetos e Eventos Culturais","article_publisher":"https:\/\/www.facebook.com\/KavantanCultural\/","article_modified_time":"2019-12-04T17:42:22+00:00","og_image":[{"url":"http:\/\/kavantan.com.br\/2016\/wp-content\/uploads\/2016\/09\/realizacoes_1400x400.jpg"}],"twitter_card":"summary","twitter_misc":{"Est. tempo de leitura":"1 minuto"},"schema":{"@context":"https:\/\/schema.org","@graph":[{"@type":"Organization","@id":"https:\/\/kavantan.com.br\/2016\/#organization","name":"Kavantan Projetos e Eventos Culturais","url":"https:\/\/kavantan.com.br\/2016\/","sameAs":["https:\/\/www.facebook.com\/KavantanCultural\/","http:\/\/instagram.com\/KavantanCultural","https:\/\/www.youtube.com\/channel\/UCb9iwGfNUFnBax2SqznpQYA"],"logo":{"@type":"ImageObject","@id":"https:\/\/kavantan.com.br\/2016\/#logo","inLanguage":"pt-BR","url":"https:\/\/kavantan.com.br\/2016\/wp-content\/uploads\/2016\/09\/Kavantan_319x100.jpg","contentUrl":"https:\/\/kavantan.com.br\/2016\/wp-content\/uploads\/2016\/09\/Kavantan_319x100.jpg","width":319,"height":100,"caption":"Kavantan Projetos e Eventos Culturais"},"image":{"@id":"https:\/\/kavantan.com.br\/2016\/#logo"}},{"@type":"WebSite","@id":"https:\/\/kavantan.com.br\/2016\/#website","url":"https:\/\/kavantan.com.br\/2016\/","name":"Kavantan Projetos e Eventos Culturais","description":"","publisher":{"@id":"https:\/\/kavantan.com.br\/2016\/#organization"},"potentialAction":[{"@type":"SearchAction","target":{"@type":"EntryPoint","urlTemplate":"https:\/\/kavantan.com.br\/2016\/?s={search_term_string}"},"query-input":"required name=search_term_string"}],"inLanguage":"pt-BR"},{"@type":"ImageObject","@id":"https:\/\/kavantan.com.br\/2016\/projetos\/em-cartaz\/#primaryimage","inLanguage":"pt-BR","url":"http:\/\/kavantan.com.br\/2016\/wp-content\/uploads\/2016\/09\/realizacoes_1400x400.jpg","contentUrl":"http:\/\/kavantan.com.br\/2016\/wp-content\/uploads\/2016\/09\/realizacoes_1400x400.jpg"},{"@type":"WebPage","@id":"https:\/\/kavantan.com.br\/2016\/projetos\/em-cartaz\/#webpage","url":"https:\/\/kavantan.com.br\/2016\/projetos\/em-cartaz\/","name":"Em Cartaz &ndash; Kavantan Projetos e Eventos Culturais","isPartOf":{"@id":"https:\/\/kavantan.com.br\/2016\/#website"},"primaryImageOfPage":{"@id":"https:\/\/kavantan.com.br\/2016\/projetos\/em-cartaz\/#primaryimage"},"datePublished":"2016-11-28T12:16:28+00:00","dateModified":"2019-12-04T17:42:22+00:00","breadcrumb":{"@id":"https:\/\/kavantan.com.br\/2016\/projetos\/em-cartaz\/#breadcrumb"},"inLanguage":"pt-BR","potentialAction":[{"@type":"ReadAction","target":["https:\/\/kavantan.com.br\/2016\/projetos\/em-cartaz\/"]}]},{"@type":"BreadcrumbList","@id":"https:\/\/kavantan.com.br\/2016\/projetos\/em-cartaz\/#breadcrumb","itemListElement":[{"@type":"ListItem","position":1,"name":"In\u00edcio","item":"https:\/\/kavantan.com.br\/2016\/"},{"@type":"ListItem","position":2,"name":"Projetos","item":"https:\/\/kavantan.com.br\/2016\/projetos\/"},{"@type":"ListItem","position":3,"name":"Em Cartaz"}]}]}},"_links":{"self":[{"href":"https:\/\/kavantan.com.br\/2016\/wp-json\/wp\/v2\/pages\/474","targetHints":{"allow":["GET"]}}],"collection":[{"href":"https:\/\/kavantan.com.br\/2016\/wp-json\/wp\/v2\/pages"}],"about":[{"href":"https:\/\/kavantan.com.br\/2016\/wp-json\/wp\/v2\/types\/page"}],"author":[{"embeddable":true,"href":"https:\/\/kavantan.com.br\/2016\/wp-json\/wp\/v2\/users\/1"}],"replies":[{"embeddable":true,"href":"https:\/\/kavantan.com.br\/2016\/wp-json\/wp\/v2\/comments?post=474"}],"version-history":[{"count":18,"href":"https:\/\/kavantan.com.br\/2016\/wp-json\/wp\/v2\/pages\/474\/revisions"}],"predecessor-version":[{"id":977,"href":"https:\/\/kavantan.com.br\/2016\/wp-json\/wp\/v2\/pages\/474\/revisions\/977"}],"up":[{"embeddable":true,"href":"https:\/\/kavantan.com.br\/2016\/wp-json\/wp\/v2\/pages\/23"}],"wp:attachment":[{"href":"https:\/\/kavantan.com.br\/2016\/wp-json\/wp\/v2\/media?parent=474"}],"curies":[{"name":"wp","href":"https:\/\/api.w.org\/{rel}","templated":true}]}}