{"id":425,"date":"2016-11-25T15:02:34","date_gmt":"2016-11-25T18:02:34","guid":{"rendered":"http:\/\/kavantan.com.br\/2016\/?page_id=425"},"modified":"2016-11-25T15:30:08","modified_gmt":"2016-11-25T18:30:08","slug":"mestres-do-futuro","status":"publish","type":"page","link":"https:\/\/kavantan.com.br\/2016\/projetos\/realizacoes\/mestres-do-futuro\/","title":{"rendered":"Mestres do Futuro"},"content":{"rendered":"<p><img loading=\"lazy\" decoding=\"async\" class=\"aligncenter size-full wp-image-446\" src=\"http:\/\/kavantan.com.br\/2016\/wp-content\/uploads\/2016\/11\/mestres_do_futuro_1400x400.jpg\" alt=\"mestres_do_futuro_1400x400\" width=\"1400\" height=\"400\" srcset=\"https:\/\/kavantan.com.br\/2016\/wp-content\/uploads\/2016\/11\/mestres_do_futuro_1400x400.jpg 1400w, https:\/\/kavantan.com.br\/2016\/wp-content\/uploads\/2016\/11\/mestres_do_futuro_1400x400-300x86.jpg 300w, https:\/\/kavantan.com.br\/2016\/wp-content\/uploads\/2016\/11\/mestres_do_futuro_1400x400-768x219.jpg 768w, https:\/\/kavantan.com.br\/2016\/wp-content\/uploads\/2016\/11\/mestres_do_futuro_1400x400-1024x293.jpg 1024w\" sizes=\"auto, (max-width: 1400px) 100vw, 1400px\" \/><\/p>\n<p><em>\u201cOs mestres s\u00e3o aqueles que nos mostram o que \u00e9 poss\u00edvel na ordem do imposs\u00edvel.\u201d<\/em><br \/>\n&#8211; Paul Val\u00e9ry<\/p>\n<p>O projeto\u00a0<strong>Mestres do Futuro<\/strong> foi idealizado como uma plataforma de transmiss\u00e3o de conhecimentos e geradora da sustentabilidade de atividades tradicionais e artesanais. Esse processo de valoriza\u00e7\u00e3o do saber popular se d\u00e1 envolvendo mestres e jovens que vivem nas mesmas comunidades localizadas nos munic\u00edpios participantes. Conhecer e entender a tradi\u00e7\u00e3o solidifica a rela\u00e7\u00e3o do jovem com sua hist\u00f3ria e seu local. O projeto valoriza:<\/p>\n<ul>\n<li>O mestre e seu trabalho<\/li>\n<li>A identidade cultural regional<\/li>\n<li>A comunidade<\/li>\n<li>A cultura popular<\/li>\n<li>O respeito pela diversidade cultural<\/li>\n<\/ul>\n<p>Faz parte desse processo, em uma sociedade caracterizada pelo consumo da novidade, deixar aberta para os jovens uma porta atrav\u00e9s da qual se fa\u00e7a o contato com sua heran\u00e7a cultural e mostrar que \u00e9 poss\u00edvel quebrar essa dicotomia do novo vs. o tradicional, que os dois coexistem e se fundem constantemente.<\/p>\n<p>Na primeira edi\u00e7\u00e3o do projeto, realizada entre o final de 2008 e in\u00edcio de 2009, foram visitados 12 munic\u00edpios do Par\u00e1 e Maranh\u00e3o, cada um contribuindo com uma ou duas oficinas.<\/p>\n<p><strong>Par\u00e1<\/strong>:<\/p>\n<ul>\n<li>Abaetetuba &#8211; Oficina Navegando com a Cultura | Mestre: Dezid\u00e9rio Antonio dos Santos Neto &#8211; \u201cAntonio Nonato\u201d<\/li>\n<li>Breu Branco &#8211; Oficina de Artesanato com Palha |\u00a0Mestre: Antonio Ferreira de Lima &#8211; \u201cBaxinho\u201d<\/li>\n<li>Castanhal &#8211; Oficina Vem Ver Meu Boi Passar! |\u00a0Mestre: Fl\u00e1vio Adriano de Brito &#8211; \u201cXiba\u201d<\/li>\n<li>Goian\u00e9sia do Par\u00e1 &#8211; Oficina de Arte com Ouri\u00e7o da Castanha do Par\u00e1 | Mestre: Ananias dos Santos Cordeiro<\/li>\n<li>Santa Maria do Par\u00e1 &#8211; Oficina de Escultura de Imagens |\u00a0Raimundo de Oliveira Cordeiro \u2013 \u201cBichinho\u201d e Jo\u00e3o Batista Costa Souza \u2013 \u201cSanteiro\u201d<\/li>\n<li>Tail\u00e2ndia &#8211; Oficina de Escultura em Madeira |\u00a0Mestre: Jo\u00e3o Ferreira Neves \u2013 \u201cJo\u00e3o Neves Marceneiro\u201d<\/li>\n<\/ul>\n<p><strong>Maranh\u00e3o<\/strong>:<\/p>\n<ul>\n<li>A\u00e7ail\u00e2ndia &#8211; Oficina de Tarrafa |\u00a0Mestre: Otacilio Nunes Ferreira<\/li>\n<li>A\u00e7ail\u00e2ndia &#8211; Oficina de Confec\u00e7\u00e3o de Tramas e Barrados de Rede | Mestre: Maria da Concei\u00e7\u00e3o Feitosa<\/li>\n<li>Bom Jesus das Selvas &#8211; Oficina de Arte em Caba\u00e7a e Sementes |\u00a0Mestre: Antonia Eliene de Castro \u2013 \u201cEliene da APAE\u201d<\/li>\n<li>Buriticupu &#8211; Oficina de Arte em Palha |\u00a0Mestre: Antonio Cardoso da Silva<\/li>\n<li>Buriticupu &#8211; Oficina de Arte em Cer\u00e2mica | Mestre:\u00a0Francisca das Chagas Arruda Santos<\/li>\n<li>Cidel\u00e2ndia &#8211; Oficina de Arte em Palmeira de Baba\u00e7u |\u00a0Mestres: Antonio Pereira da Silva, Eunice da Concei\u00e7\u00e3o Costa e Maria Faustina dos Santos<\/li>\n<li>S\u00e3o Pedro da \u00c1gua Branca &#8211; Oficina de Arte em Palha de Tucum |\u00a0Mestre: Maria Pereira da Silva \u2013 \u201cMaria da Mundica\u201d<\/li>\n<li>Vila Nova dos Mart\u00edrios &#8211; Oficina de Arte em Cip\u00f3 |\u00a0Mestre: Marlucia Alves Pereira<\/li>\n<\/ul>\n<p>Ap\u00f3s a realiza\u00e7\u00e3o das oficinas, que tinham dura\u00e7\u00e3o de 6 semanas, foi realizada uma exposi\u00e7\u00e3o itinerante, que visitou todos os munic\u00edpios participantes e propiciou a troca de experi\u00eancias e o contato com outras express\u00f5es de cultura popular, muitas vezes inacess\u00edvel para as comunidades envolvidas no trabalho.<\/p>\n<p style=\"text-align: center;\"><strong>Fotos do Projeto<\/strong><\/p>\n<!-- Rendered by FancyBox without labels BEGIN -->\n\n\t<style type=\"text\/css\">\n\t\t\t\t\t#gallery-0 {\n\t\t\t\t\t\tmargin: auto;\n\t\t\t\t\t}\n\t\t\t\t\t#gallery-0 .gallery-item {\n\t\t\t\t\t\tfloat: left;\n\t\t\t\t\t\tmargin-top: 10px;\n\t\t\t\t\t\ttext-align: center;\n\t\t\t\t\t\twidth: 24%;\n\t\t\t\t\t}\n\t\t\t\t\t#gallery-0 img {\n\t\t\t\t\t\tborder: 2px solid #cfcfcf;\n\t\t\t\t\t}\n\t\t\t\t\t#gallery-0 .gallery-caption {\n\t\t\t\t\t\tmargin-left: 0;\n\t\t\t\t\t}\n\t<\/style>\n<script type=\"text\/javascript\">\n$(document).ready(function() {\n\t\/*\n\t *  Simple image gallery. Uses default settings\n\t *\/\n\n\t$(\".fancybox\").fancybox({\n\t\t\"transitionIn\"\t\t: \"none\",\n\t\t\"transitionOut\"\t\t: \"none\",\n\t\t\"titlePosition\" \t: \"over\"\n\n\t});\n});\n<\/script>\n\n\t<div id=\"gallery-0\" class=\"gallery galleryid-0 gallery-size-thumbnail\" style=\"\"><dl class=\"gallery-item\"><dt class=\"gallery-icon\">\n\t\t<a class=\"fancybox\" href=\"https:\/\/kavantan.com.br\/2016\/wp-content\/uploads\/2016\/11\/mestres_do_futuro_1_001.jpg\" rel=\"gallery-0\"><img loading=\"lazy\" decoding=\"async\" width=\"150\" height=\"150\" class=\"attachment-thumbnail\" alt=\"\" src=\"https:\/\/kavantan.com.br\/2016\/wp-content\/uploads\/2016\/11\/mestres_do_futuro_1_001-150x150.jpg\" \/><\/a><\/dt><\/dl>\n\n<dl class=\"gallery-item\"><dt class=\"gallery-icon\">\n\t\t<a class=\"fancybox\" href=\"https:\/\/kavantan.com.br\/2016\/wp-content\/uploads\/2016\/11\/mestres_do_futuro_1_002.jpg\" rel=\"gallery-0\"><img loading=\"lazy\" decoding=\"async\" width=\"150\" height=\"150\" class=\"attachment-thumbnail\" alt=\"\" src=\"https:\/\/kavantan.com.br\/2016\/wp-content\/uploads\/2016\/11\/mestres_do_futuro_1_002-150x150.jpg\" \/><\/a><\/dt><\/dl>\n\n<dl class=\"gallery-item\"><dt class=\"gallery-icon\">\n\t\t<a class=\"fancybox\" href=\"https:\/\/kavantan.com.br\/2016\/wp-content\/uploads\/2016\/11\/mestres_do_futuro_1_003.jpg\" rel=\"gallery-0\"><img loading=\"lazy\" decoding=\"async\" width=\"150\" height=\"150\" class=\"attachment-thumbnail\" alt=\"\" src=\"https:\/\/kavantan.com.br\/2016\/wp-content\/uploads\/2016\/11\/mestres_do_futuro_1_003-150x150.jpg\" \/><\/a><\/dt><\/dl>\n\n<dl class=\"gallery-item\"><dt class=\"gallery-icon\">\n\t\t<a class=\"fancybox\" href=\"https:\/\/kavantan.com.br\/2016\/wp-content\/uploads\/2016\/11\/mestres_do_futuro_1_004.jpg\" rel=\"gallery-0\"><img loading=\"lazy\" decoding=\"async\" width=\"150\" height=\"150\" class=\"attachment-thumbnail\" alt=\"\" src=\"https:\/\/kavantan.com.br\/2016\/wp-content\/uploads\/2016\/11\/mestres_do_futuro_1_004-150x150.jpg\" \/><\/a><\/dt><\/dl>\n\n<dl class=\"gallery-item\"><dt class=\"gallery-icon\">\n\t\t<a class=\"fancybox\" href=\"https:\/\/kavantan.com.br\/2016\/wp-content\/uploads\/2016\/11\/mestres_do_futuro_1_005.jpg\" rel=\"gallery-0\"><img loading=\"lazy\" decoding=\"async\" width=\"150\" height=\"150\" class=\"attachment-thumbnail\" alt=\"\" src=\"https:\/\/kavantan.com.br\/2016\/wp-content\/uploads\/2016\/11\/mestres_do_futuro_1_005-150x150.jpg\" \/><\/a><\/dt><\/dl>\n\n<dl class=\"gallery-item\"><dt class=\"gallery-icon\">\n\t\t<a class=\"fancybox\" href=\"https:\/\/kavantan.com.br\/2016\/wp-content\/uploads\/2016\/11\/mestres_do_futuro_1_006.jpg\" rel=\"gallery-0\"><img loading=\"lazy\" decoding=\"async\" width=\"150\" height=\"150\" class=\"attachment-thumbnail\" alt=\"\" src=\"https:\/\/kavantan.com.br\/2016\/wp-content\/uploads\/2016\/11\/mestres_do_futuro_1_006-150x150.jpg\" \/><\/a><\/dt><\/dl>\n\n<dl class=\"gallery-item\"><dt class=\"gallery-icon\">\n\t\t<a class=\"fancybox\" href=\"https:\/\/kavantan.com.br\/2016\/wp-content\/uploads\/2016\/11\/mestres_do_futuro_1_007.jpg\" rel=\"gallery-0\"><img loading=\"lazy\" decoding=\"async\" width=\"150\" height=\"150\" class=\"attachment-thumbnail\" alt=\"\" src=\"https:\/\/kavantan.com.br\/2016\/wp-content\/uploads\/2016\/11\/mestres_do_futuro_1_007-150x150.jpg\" \/><\/a><\/dt><\/dl>\n\n<dl class=\"gallery-item\"><dt class=\"gallery-icon\">\n\t\t<a class=\"fancybox\" href=\"https:\/\/kavantan.com.br\/2016\/wp-content\/uploads\/2016\/11\/mestres_do_futuro_1_008.jpg\" rel=\"gallery-0\"><img loading=\"lazy\" decoding=\"async\" width=\"150\" height=\"150\" class=\"attachment-thumbnail\" alt=\"\" src=\"https:\/\/kavantan.com.br\/2016\/wp-content\/uploads\/2016\/11\/mestres_do_futuro_1_008-150x150.jpg\" \/><\/a><\/dt><\/dl>\n\n<dl class=\"gallery-item\"><dt class=\"gallery-icon\">\n\t\t<a class=\"fancybox\" href=\"https:\/\/kavantan.com.br\/2016\/wp-content\/uploads\/2016\/11\/mestres_do_futuro_1_009.jpg\" rel=\"gallery-0\"><img loading=\"lazy\" decoding=\"async\" width=\"150\" height=\"150\" class=\"attachment-thumbnail\" alt=\"\" src=\"https:\/\/kavantan.com.br\/2016\/wp-content\/uploads\/2016\/11\/mestres_do_futuro_1_009-150x150.jpg\" \/><\/a><\/dt><\/dl>\n\n<dl class=\"gallery-item\"><dt class=\"gallery-icon\">\n\t\t<a class=\"fancybox\" href=\"https:\/\/kavantan.com.br\/2016\/wp-content\/uploads\/2016\/11\/mestres_do_futuro_1_011.jpg\" rel=\"gallery-0\"><img loading=\"lazy\" decoding=\"async\" width=\"150\" height=\"150\" class=\"attachment-thumbnail\" alt=\"\" src=\"https:\/\/kavantan.com.br\/2016\/wp-content\/uploads\/2016\/11\/mestres_do_futuro_1_011-150x150.jpg\" \/><\/a><\/dt><\/dl>\n\n<dl class=\"gallery-item\"><dt class=\"gallery-icon\">\n\t\t<a class=\"fancybox\" href=\"https:\/\/kavantan.com.br\/2016\/wp-content\/uploads\/2016\/11\/mestres_do_futuro_1_012.jpg\" rel=\"gallery-0\"><img loading=\"lazy\" decoding=\"async\" width=\"150\" height=\"150\" class=\"attachment-thumbnail\" alt=\"\" src=\"https:\/\/kavantan.com.br\/2016\/wp-content\/uploads\/2016\/11\/mestres_do_futuro_1_012-150x150.jpg\" \/><\/a><\/dt><\/dl>\n\n<dl class=\"gallery-item\"><dt class=\"gallery-icon\">\n\t\t<a class=\"fancybox\" href=\"https:\/\/kavantan.com.br\/2016\/wp-content\/uploads\/2016\/11\/mestres_do_futuro_1_013.jpg\" rel=\"gallery-0\"><img loading=\"lazy\" decoding=\"async\" width=\"150\" height=\"150\" class=\"attachment-thumbnail\" alt=\"\" src=\"https:\/\/kavantan.com.br\/2016\/wp-content\/uploads\/2016\/11\/mestres_do_futuro_1_013-150x150.jpg\" \/><\/a><\/dt><\/dl>\n\n<dl class=\"gallery-item\"><dt class=\"gallery-icon\">\n\t\t<a class=\"fancybox\" href=\"https:\/\/kavantan.com.br\/2016\/wp-content\/uploads\/2016\/11\/mestres_do_futuro_1_019.jpg\" rel=\"gallery-0\"><img loading=\"lazy\" decoding=\"async\" width=\"150\" height=\"150\" class=\"attachment-thumbnail\" alt=\"\" src=\"https:\/\/kavantan.com.br\/2016\/wp-content\/uploads\/2016\/11\/mestres_do_futuro_1_019-150x150.jpg\" \/><\/a><\/dt><\/dl>\n\n<dl class=\"gallery-item\"><dt class=\"gallery-icon\">\n\t\t<a class=\"fancybox\" href=\"https:\/\/kavantan.com.br\/2016\/wp-content\/uploads\/2016\/11\/mestres_do_futuro_1_014.jpg\" rel=\"gallery-0\"><img loading=\"lazy\" decoding=\"async\" width=\"150\" height=\"150\" class=\"attachment-thumbnail\" alt=\"\" src=\"https:\/\/kavantan.com.br\/2016\/wp-content\/uploads\/2016\/11\/mestres_do_futuro_1_014-150x150.jpg\" \/><\/a><\/dt><\/dl>\n\n<dl class=\"gallery-item\"><dt class=\"gallery-icon\">\n\t\t<a class=\"fancybox\" href=\"https:\/\/kavantan.com.br\/2016\/wp-content\/uploads\/2016\/11\/mestres_do_futuro_1_015.jpg\" rel=\"gallery-0\"><img loading=\"lazy\" decoding=\"async\" width=\"150\" height=\"150\" class=\"attachment-thumbnail\" alt=\"\" src=\"https:\/\/kavantan.com.br\/2016\/wp-content\/uploads\/2016\/11\/mestres_do_futuro_1_015-150x150.jpg\" \/><\/a><\/dt><\/dl>\n\n<dl class=\"gallery-item\"><dt class=\"gallery-icon\">\n\t\t<a class=\"fancybox\" href=\"https:\/\/kavantan.com.br\/2016\/wp-content\/uploads\/2016\/11\/mestres_do_futuro_1_016.jpg\" rel=\"gallery-0\"><img loading=\"lazy\" decoding=\"async\" width=\"150\" height=\"150\" class=\"attachment-thumbnail\" alt=\"\" src=\"https:\/\/kavantan.com.br\/2016\/wp-content\/uploads\/2016\/11\/mestres_do_futuro_1_016-150x150.jpg\" \/><\/a><\/dt><\/dl>\n\n<dl class=\"gallery-item\"><dt class=\"gallery-icon\">\n\t\t<a class=\"fancybox\" href=\"https:\/\/kavantan.com.br\/2016\/wp-content\/uploads\/2016\/11\/mestres_do_futuro_1_017.jpg\" rel=\"gallery-0\"><img loading=\"lazy\" decoding=\"async\" width=\"150\" height=\"150\" class=\"attachment-thumbnail\" alt=\"\" src=\"https:\/\/kavantan.com.br\/2016\/wp-content\/uploads\/2016\/11\/mestres_do_futuro_1_017-150x150.jpg\" \/><\/a><\/dt><\/dl>\n\n<dl class=\"gallery-item\"><dt class=\"gallery-icon\">\n\t\t<a class=\"fancybox\" href=\"https:\/\/kavantan.com.br\/2016\/wp-content\/uploads\/2016\/11\/mestres_do_futuro_1_018.jpg\" rel=\"gallery-0\"><img loading=\"lazy\" decoding=\"async\" width=\"150\" height=\"150\" class=\"attachment-thumbnail\" alt=\"\" src=\"https:\/\/kavantan.com.br\/2016\/wp-content\/uploads\/2016\/11\/mestres_do_futuro_1_018-150x150.jpg\" \/><\/a><\/dt><\/dl>\n\n<dl class=\"gallery-item\"><dt class=\"gallery-icon\">\n\t\t<a class=\"fancybox\" href=\"https:\/\/kavantan.com.br\/2016\/wp-content\/uploads\/2016\/11\/mestres_do_futuro_1_010.jpg\" rel=\"gallery-0\"><img loading=\"lazy\" decoding=\"async\" width=\"150\" height=\"150\" class=\"attachment-thumbnail\" alt=\"\" src=\"https:\/\/kavantan.com.br\/2016\/wp-content\/uploads\/2016\/11\/mestres_do_futuro_1_010-150x150.jpg\" \/><\/a><\/dt><\/dl>\n\n<dl class=\"gallery-item\"><dt class=\"gallery-icon\">\n\t\t<a class=\"fancybox\" href=\"https:\/\/kavantan.com.br\/2016\/wp-content\/uploads\/2016\/11\/mestres_do_futuro_1_020.jpg\" rel=\"gallery-0\"><img loading=\"lazy\" decoding=\"async\" width=\"150\" height=\"150\" class=\"attachment-thumbnail\" alt=\"\" src=\"https:\/\/kavantan.com.br\/2016\/wp-content\/uploads\/2016\/11\/mestres_do_futuro_1_020-150x150.jpg\" \/><\/a><\/dt><\/dl>\n\n<\/div><br clear=\"all\" \/><!-- Rendered by FancyBox without labels END -->\n\n<p><strong>Ficha T\u00e9cnica<\/strong>:<\/p>\n<p><strong>Coordena\u00e7\u00e3o pedag\u00f3gica:<\/strong> Sonia Kavantan e FCCM<br \/>\n<strong>Coordena\u00e7\u00e3o do projeto<\/strong>: Kavantan Projetos e Eventos Culturais<br \/>\n<strong>Curadoria<\/strong>: FCCM e Kavantan\u00a0Projetos e Eventos Culturais<\/p>\n<p><strong>Mediadores<\/strong>:<br \/>\nPedro Paulo Siqueira Furtado<br \/>\nD\u00e9bora Lima Pardal<br \/>\nRui Marcelo Rodrigues da Silveira<br \/>\nLindomar Pereira de Souza<br \/>\nLeidiane Machado de Lima<br \/>\nLivaldo de Almeida Amaral<br \/>\nCed\u00e1lia Leomil<br \/>\nGenival Sousa Lopes<br \/>\nDalva Coelho Nunes<br \/>\nMaria Niusa Luz Cust\u00f3dio<br \/>\nM\u00edriam da Silva Pereira<br \/>\nFrancisca das Chagas Rocha de Sousa \u2013 \u201cBoneca\u201d<\/p>\n<p><strong>Apoio:<\/strong>\u00a0Funda\u00e7\u00e3o Casa da Cultura de Marab\u00e1 e Lei de Incentivo \u00e0 Cultura \u2013 Minist\u00e9rio da Cultura.<br \/>\n<strong>Patroc\u00ednio:<\/strong> TBE \u2013 Transmissoras Brasileira de Energia.<br \/>\n<strong>Realiza\u00e7\u00e3o:<\/strong> Kavantan &amp; Associados \u2013 Projetos e Eventos Culturais<\/p>\n","protected":false},"excerpt":{"rendered":"<p>\u201cOs mestres s\u00e3o aqueles que nos mostram o que \u00e9 poss\u00edvel na [&hellip;]<\/p>\n","protected":false},"author":1,"featured_media":0,"parent":40,"menu_order":0,"comment_status":"closed","ping_status":"closed","template":"","meta":{"_monsterinsights_skip_tracking":false,"_monsterinsights_sitenote_active":false,"_monsterinsights_sitenote_note":"","_monsterinsights_sitenote_category":0,"spay_email":"","footnotes":""},"class_list":["post-425","page","type-page","status-publish","hentry"],"yoast_head":"<!-- This site is optimized with the Yoast SEO plugin v18.0 - https:\/\/yoast.com\/wordpress\/plugins\/seo\/ -->\n<title>Mestres do Futuro &ndash; Kavantan Projetos e Eventos Culturais<\/title>\n<meta name=\"robots\" content=\"index, follow, max-snippet:-1, max-image-preview:large, max-video-preview:-1\" \/>\n<link rel=\"canonical\" href=\"https:\/\/kavantan.com.br\/2016\/projetos\/realizacoes\/mestres-do-futuro\/\" \/>\n<meta property=\"og:locale\" content=\"pt_BR\" \/>\n<meta property=\"og:type\" content=\"article\" \/>\n<meta property=\"og:title\" content=\"Mestres do Futuro &ndash; Kavantan Projetos e Eventos Culturais\" \/>\n<meta property=\"og:description\" content=\"\u201cOs mestres s\u00e3o aqueles que nos mostram o que \u00e9 poss\u00edvel na [&hellip;]\" \/>\n<meta property=\"og:url\" content=\"https:\/\/kavantan.com.br\/2016\/projetos\/realizacoes\/mestres-do-futuro\/\" \/>\n<meta property=\"og:site_name\" content=\"Kavantan Projetos e Eventos Culturais\" \/>\n<meta property=\"article:publisher\" content=\"https:\/\/www.facebook.com\/KavantanCultural\/\" \/>\n<meta property=\"article:modified_time\" content=\"2016-11-25T18:30:08+00:00\" \/>\n<meta property=\"og:image\" content=\"https:\/\/kavantan.com.br\/2016\/wp-content\/uploads\/2016\/11\/mestres_do_futuro_1_001-150x150.jpg\" \/>\n<meta name=\"twitter:card\" content=\"summary\" \/>\n<meta name=\"twitter:label1\" content=\"Est. tempo de leitura\" \/>\n\t<meta name=\"twitter:data1\" content=\"3 minutos\" \/>\n<script type=\"application\/ld+json\" class=\"yoast-schema-graph\">{\"@context\":\"https:\/\/schema.org\",\"@graph\":[{\"@type\":\"Organization\",\"@id\":\"https:\/\/kavantan.com.br\/2016\/#organization\",\"name\":\"Kavantan Projetos e Eventos Culturais\",\"url\":\"https:\/\/kavantan.com.br\/2016\/\",\"sameAs\":[\"https:\/\/www.facebook.com\/KavantanCultural\/\",\"http:\/\/instagram.com\/KavantanCultural\",\"https:\/\/www.youtube.com\/channel\/UCb9iwGfNUFnBax2SqznpQYA\"],\"logo\":{\"@type\":\"ImageObject\",\"@id\":\"https:\/\/kavantan.com.br\/2016\/#logo\",\"inLanguage\":\"pt-BR\",\"url\":\"https:\/\/kavantan.com.br\/2016\/wp-content\/uploads\/2016\/09\/Kavantan_319x100.jpg\",\"contentUrl\":\"https:\/\/kavantan.com.br\/2016\/wp-content\/uploads\/2016\/09\/Kavantan_319x100.jpg\",\"width\":319,\"height\":100,\"caption\":\"Kavantan Projetos e Eventos Culturais\"},\"image\":{\"@id\":\"https:\/\/kavantan.com.br\/2016\/#logo\"}},{\"@type\":\"WebSite\",\"@id\":\"https:\/\/kavantan.com.br\/2016\/#website\",\"url\":\"https:\/\/kavantan.com.br\/2016\/\",\"name\":\"Kavantan Projetos e Eventos Culturais\",\"description\":\"\",\"publisher\":{\"@id\":\"https:\/\/kavantan.com.br\/2016\/#organization\"},\"potentialAction\":[{\"@type\":\"SearchAction\",\"target\":{\"@type\":\"EntryPoint\",\"urlTemplate\":\"https:\/\/kavantan.com.br\/2016\/?s={search_term_string}\"},\"query-input\":\"required name=search_term_string\"}],\"inLanguage\":\"pt-BR\"},{\"@type\":\"ImageObject\",\"@id\":\"https:\/\/kavantan.com.br\/2016\/projetos\/realizacoes\/mestres-do-futuro\/#primaryimage\",\"inLanguage\":\"pt-BR\",\"url\":\"http:\/\/kavantan.com.br\/2016\/wp-content\/uploads\/2016\/11\/mestres_do_futuro_1400x400.jpg\",\"contentUrl\":\"http:\/\/kavantan.com.br\/2016\/wp-content\/uploads\/2016\/11\/mestres_do_futuro_1400x400.jpg\"},{\"@type\":\"WebPage\",\"@id\":\"https:\/\/kavantan.com.br\/2016\/projetos\/realizacoes\/mestres-do-futuro\/#webpage\",\"url\":\"https:\/\/kavantan.com.br\/2016\/projetos\/realizacoes\/mestres-do-futuro\/\",\"name\":\"Mestres do Futuro &ndash; Kavantan Projetos e Eventos Culturais\",\"isPartOf\":{\"@id\":\"https:\/\/kavantan.com.br\/2016\/#website\"},\"primaryImageOfPage\":{\"@id\":\"https:\/\/kavantan.com.br\/2016\/projetos\/realizacoes\/mestres-do-futuro\/#primaryimage\"},\"datePublished\":\"2016-11-25T18:02:34+00:00\",\"dateModified\":\"2016-11-25T18:30:08+00:00\",\"breadcrumb\":{\"@id\":\"https:\/\/kavantan.com.br\/2016\/projetos\/realizacoes\/mestres-do-futuro\/#breadcrumb\"},\"inLanguage\":\"pt-BR\",\"potentialAction\":[{\"@type\":\"ReadAction\",\"target\":[\"https:\/\/kavantan.com.br\/2016\/projetos\/realizacoes\/mestres-do-futuro\/\"]}]},{\"@type\":\"BreadcrumbList\",\"@id\":\"https:\/\/kavantan.com.br\/2016\/projetos\/realizacoes\/mestres-do-futuro\/#breadcrumb\",\"itemListElement\":[{\"@type\":\"ListItem\",\"position\":1,\"name\":\"In\u00edcio\",\"item\":\"https:\/\/kavantan.com.br\/2016\/\"},{\"@type\":\"ListItem\",\"position\":2,\"name\":\"Projetos\",\"item\":\"https:\/\/kavantan.com.br\/2016\/projetos\/\"},{\"@type\":\"ListItem\",\"position\":3,\"name\":\"Realiza\u00e7\u00f5es\",\"item\":\"https:\/\/kavantan.com.br\/2016\/projetos\/realizacoes\/\"},{\"@type\":\"ListItem\",\"position\":4,\"name\":\"Mestres do Futuro\"}]}]}<\/script>\n<!-- \/ Yoast SEO plugin. -->","yoast_head_json":{"title":"Mestres do Futuro &ndash; Kavantan Projetos e Eventos Culturais","robots":{"index":"index","follow":"follow","max-snippet":"max-snippet:-1","max-image-preview":"max-image-preview:large","max-video-preview":"max-video-preview:-1"},"canonical":"https:\/\/kavantan.com.br\/2016\/projetos\/realizacoes\/mestres-do-futuro\/","og_locale":"pt_BR","og_type":"article","og_title":"Mestres do Futuro &ndash; Kavantan Projetos e Eventos Culturais","og_description":"\u201cOs mestres s\u00e3o aqueles que nos mostram o que \u00e9 poss\u00edvel na [&hellip;]","og_url":"https:\/\/kavantan.com.br\/2016\/projetos\/realizacoes\/mestres-do-futuro\/","og_site_name":"Kavantan Projetos e Eventos Culturais","article_publisher":"https:\/\/www.facebook.com\/KavantanCultural\/","article_modified_time":"2016-11-25T18:30:08+00:00","og_image":[{"url":"https:\/\/kavantan.com.br\/2016\/wp-content\/uploads\/2016\/11\/mestres_do_futuro_1_001-150x150.jpg"}],"twitter_card":"summary","twitter_misc":{"Est. tempo de leitura":"3 minutos"},"schema":{"@context":"https:\/\/schema.org","@graph":[{"@type":"Organization","@id":"https:\/\/kavantan.com.br\/2016\/#organization","name":"Kavantan Projetos e Eventos Culturais","url":"https:\/\/kavantan.com.br\/2016\/","sameAs":["https:\/\/www.facebook.com\/KavantanCultural\/","http:\/\/instagram.com\/KavantanCultural","https:\/\/www.youtube.com\/channel\/UCb9iwGfNUFnBax2SqznpQYA"],"logo":{"@type":"ImageObject","@id":"https:\/\/kavantan.com.br\/2016\/#logo","inLanguage":"pt-BR","url":"https:\/\/kavantan.com.br\/2016\/wp-content\/uploads\/2016\/09\/Kavantan_319x100.jpg","contentUrl":"https:\/\/kavantan.com.br\/2016\/wp-content\/uploads\/2016\/09\/Kavantan_319x100.jpg","width":319,"height":100,"caption":"Kavantan Projetos e Eventos Culturais"},"image":{"@id":"https:\/\/kavantan.com.br\/2016\/#logo"}},{"@type":"WebSite","@id":"https:\/\/kavantan.com.br\/2016\/#website","url":"https:\/\/kavantan.com.br\/2016\/","name":"Kavantan Projetos e Eventos Culturais","description":"","publisher":{"@id":"https:\/\/kavantan.com.br\/2016\/#organization"},"potentialAction":[{"@type":"SearchAction","target":{"@type":"EntryPoint","urlTemplate":"https:\/\/kavantan.com.br\/2016\/?s={search_term_string}"},"query-input":"required name=search_term_string"}],"inLanguage":"pt-BR"},{"@type":"ImageObject","@id":"https:\/\/kavantan.com.br\/2016\/projetos\/realizacoes\/mestres-do-futuro\/#primaryimage","inLanguage":"pt-BR","url":"http:\/\/kavantan.com.br\/2016\/wp-content\/uploads\/2016\/11\/mestres_do_futuro_1400x400.jpg","contentUrl":"http:\/\/kavantan.com.br\/2016\/wp-content\/uploads\/2016\/11\/mestres_do_futuro_1400x400.jpg"},{"@type":"WebPage","@id":"https:\/\/kavantan.com.br\/2016\/projetos\/realizacoes\/mestres-do-futuro\/#webpage","url":"https:\/\/kavantan.com.br\/2016\/projetos\/realizacoes\/mestres-do-futuro\/","name":"Mestres do Futuro &ndash; Kavantan Projetos e Eventos Culturais","isPartOf":{"@id":"https:\/\/kavantan.com.br\/2016\/#website"},"primaryImageOfPage":{"@id":"https:\/\/kavantan.com.br\/2016\/projetos\/realizacoes\/mestres-do-futuro\/#primaryimage"},"datePublished":"2016-11-25T18:02:34+00:00","dateModified":"2016-11-25T18:30:08+00:00","breadcrumb":{"@id":"https:\/\/kavantan.com.br\/2016\/projetos\/realizacoes\/mestres-do-futuro\/#breadcrumb"},"inLanguage":"pt-BR","potentialAction":[{"@type":"ReadAction","target":["https:\/\/kavantan.com.br\/2016\/projetos\/realizacoes\/mestres-do-futuro\/"]}]},{"@type":"BreadcrumbList","@id":"https:\/\/kavantan.com.br\/2016\/projetos\/realizacoes\/mestres-do-futuro\/#breadcrumb","itemListElement":[{"@type":"ListItem","position":1,"name":"In\u00edcio","item":"https:\/\/kavantan.com.br\/2016\/"},{"@type":"ListItem","position":2,"name":"Projetos","item":"https:\/\/kavantan.com.br\/2016\/projetos\/"},{"@type":"ListItem","position":3,"name":"Realiza\u00e7\u00f5es","item":"https:\/\/kavantan.com.br\/2016\/projetos\/realizacoes\/"},{"@type":"ListItem","position":4,"name":"Mestres do Futuro"}]}]}},"_links":{"self":[{"href":"https:\/\/kavantan.com.br\/2016\/wp-json\/wp\/v2\/pages\/425","targetHints":{"allow":["GET"]}}],"collection":[{"href":"https:\/\/kavantan.com.br\/2016\/wp-json\/wp\/v2\/pages"}],"about":[{"href":"https:\/\/kavantan.com.br\/2016\/wp-json\/wp\/v2\/types\/page"}],"author":[{"embeddable":true,"href":"https:\/\/kavantan.com.br\/2016\/wp-json\/wp\/v2\/users\/1"}],"replies":[{"embeddable":true,"href":"https:\/\/kavantan.com.br\/2016\/wp-json\/wp\/v2\/comments?post=425"}],"version-history":[{"count":3,"href":"https:\/\/kavantan.com.br\/2016\/wp-json\/wp\/v2\/pages\/425\/revisions"}],"predecessor-version":[{"id":452,"href":"https:\/\/kavantan.com.br\/2016\/wp-json\/wp\/v2\/pages\/425\/revisions\/452"}],"up":[{"embeddable":true,"href":"https:\/\/kavantan.com.br\/2016\/wp-json\/wp\/v2\/pages\/40"}],"wp:attachment":[{"href":"https:\/\/kavantan.com.br\/2016\/wp-json\/wp\/v2\/media?parent=425"}],"curies":[{"name":"wp","href":"https:\/\/api.w.org\/{rel}","templated":true}]}}