{"id":42,"date":"2016-09-30T13:54:02","date_gmt":"2016-09-30T16:54:02","guid":{"rendered":"http:\/\/kavantan.com.br\/2016\/?page_id=42"},"modified":"2019-10-31T18:30:39","modified_gmt":"2019-10-31T21:30:39","slug":"cursos","status":"publish","type":"page","link":"https:\/\/kavantan.com.br\/2016\/cursos\/","title":{"rendered":"Cursos"},"content":{"rendered":"<p><img loading=\"lazy\" decoding=\"async\" class=\"aligncenter size-full wp-image-385\" src=\"http:\/\/kavantan.com.br\/2016\/wp-content\/uploads\/2016\/09\/cursos_1400x400.jpg\" alt=\"cursos_1400x400\" width=\"1400\" height=\"401\" srcset=\"https:\/\/kavantan.com.br\/2016\/wp-content\/uploads\/2016\/09\/cursos_1400x400.jpg 1400w, https:\/\/kavantan.com.br\/2016\/wp-content\/uploads\/2016\/09\/cursos_1400x400-300x86.jpg 300w, https:\/\/kavantan.com.br\/2016\/wp-content\/uploads\/2016\/09\/cursos_1400x400-768x220.jpg 768w, https:\/\/kavantan.com.br\/2016\/wp-content\/uploads\/2016\/09\/cursos_1400x400-1024x293.jpg 1024w\" sizes=\"auto, (max-width: 1400px) 100vw, 1400px\" \/><\/p>\n<h2><span style=\"color: #000080;\"><strong>Novas turmas abertas para julho de 2017!!!<\/strong><\/span><\/h2>\n<p><span style=\"color: #000080;\"><strong>Registre-se\u00a0atrav\u00e9s <a href=\"http:\/\/kavantan.com.br\/2016\/contato\/cursos-contato\/\">desse formul\u00e1rio<\/a> (<a href=\"http:\/\/kavantan.com.br\/2016\/contato\/cursos-contato\/\">clique aqui<\/a>!) e aguarde o nosso contato com a ficha de inscri\u00e7\u00e3o e maiores informa\u00e7\u00f5es.<\/strong><\/span><\/p>\n<h2><strong>Veja aqui material do nosso \u00faltimo curso:<\/strong><\/h2>\n<p><a href=\"http:\/\/www.kavantan.com.br\/2016\/files\/release_curso.pdf\" target=\"_blank\" rel=\"noopener noreferrer\">Baixe aqui o release completo do Curso de Produ\u00e7\u00e3o Cultural e Capta\u00e7\u00e3o<\/a>.<\/p>\n<h3><strong>CURSO DE PRODU\u00c7\u00c3O CULTURAL E CAPTA\u00c7\u00c3O<\/strong><\/h3>\n<h3><strong>Como desenvolver projetos culturais no cen\u00e1rio atual e a nova instru\u00e7\u00e3o normativa da Lei Rouanet.<\/strong><\/h3>\n<p>O Curso \u00e9 ministrado por <strong>SONIA KAVANTAN, <\/strong>Soci\u00f3loga, Pedagoga e Produtora Cultural com experi\u00eancia de mais de 30 anos em consultoria, capta\u00e7\u00e3o de recursos, pesquisa, incentivos fiscais e produ\u00e7\u00e3o de Teatro, Cinema, Shows, Concertos, Concursos Culturais, Eventos e Festivais.<\/p>\n<h3>CONTE\u00daDO PROGRAM\u00c1TICO:<\/h3>\n<p><strong>\u00a0<\/strong><strong>1\u00ba Dia <\/strong><\/p>\n<p>&#8211; Produ\u00e7\u00e3o cultural;<br \/>\n&#8211; A cultura no Brasil e no mundo;<br \/>\n&#8211; Produtos Culturais;<br \/>\n&#8211; A cultura e a economia;<br \/>\n&#8211; A elabora\u00e7\u00e3o do projeto cultural: planejamento;<br \/>\n&#8211; A execu\u00e7\u00e3o do projeto cultural (aspectos pr\u00e1ticos da produ\u00e7\u00e3o cultural);<br \/>\n&#8211; Fontes de recursos.<\/p>\n<p><strong>2\u00ba Dia<\/strong><\/p>\n<p>&#8211; Marketing Cultural: conceitos;<br \/>\n&#8211; A formata\u00e7\u00e3o do projeto cultural para busca de patroc\u00ednio;<br \/>\n&#8211; Capta\u00e7\u00e3o de recursos: Busca de patroc\u00ednio, pesquisa, sele\u00e7\u00e3o, contato, abordagem, apresenta\u00e7\u00e3o e negocia\u00e7\u00e3o;<br \/>\n&#8211; O produto cultural e o retorno aos patrocinadores;<br \/>\n&#8211; Contratos: reda\u00e7\u00e3o e import\u00e2ncia;<br \/>\n&#8211; An\u00e1lise de Projetos Culturais;<br \/>\n&#8211; Divulga\u00e7\u00e3o do Produto Cultural: assessoria de imprensa, material promocional, eventos paralelos; M\u00eddia: ve\u00edculos, mapa de m\u00eddia, cria\u00e7\u00e3o de an\u00fancios;<br \/>\n&#8211; As leis de Incentivo Fiscal: hist\u00f3rico, fundamentos e abrang\u00eancia das federais, estaduais e municipais;<br \/>\n&#8211; As leis de Incentivo Fiscal Federais: Lei Rouanet (inclusive as altera\u00e7\u00f5es mais recentes) e Lei do Audiovisual (principais no\u00e7\u00f5es);<\/p>\n<p><strong>3\u00ba Dia<\/strong><\/p>\n<p>&#8211; A nova IN da Lei Rouanet;<br \/>\n&#8211; Lei Rouanet: inscri\u00e7\u00e3o de projetos, acompanhamento e execu\u00e7\u00e3o;<br \/>\n&#8211; PROAC (Lei Estadual): Editais e ICMS;<br \/>\n&#8211; Leis Municipais;<br \/>\n&#8211; Presta\u00e7\u00e3o de Contas da utiliza\u00e7\u00e3o de incentivos fiscais para a \u00e1rea cultural;<br \/>\n&#8211; Administra\u00e7\u00e3o de Recursos: pr\u00f3prios, governamentais, patroc\u00ednios, receita do produto cultural.<\/p>\n<p><strong>CARGA HOR\u00c1RIA<\/strong>: 20 horas<\/p>\n<p><strong>DATAS, HOR\u00c1RIOS,\u00a0<\/strong><strong>INSCRI\u00c7\u00d5ES E INFORMA\u00c7\u00d5ES:<\/strong> (11) 3023-3040 com Milka ou <a href=\"mailto:cursos@kavantan.com.br\">cursos@kavantan.com.br<\/a><\/p>\n<p>&nbsp;<\/p>\n<hr \/>\n<p>Somos uma das\u00a0pioneiras na realiza\u00e7\u00e3o de cursos na \u00e1rea de produ\u00e7\u00e3o cultural, cadastramento de projetos em leis de incentivos fiscal \u00e0 cultura e marketing cultural.<\/p>\n<p>A primeira turma do curso ministrado por Sonia Kavantan\u00a0ocorreu em 1995.<\/p>\n<p>De l\u00e1 para c\u00e1,\u00a0formamos 70 turmas do Curso de Produ\u00e7\u00e3o e Marketing Cultural s\u00f3 na cidade de S\u00e3o Paulo, al\u00e9m de 78 turmas em cursos realizados em parceria com Institui\u00e7\u00f5es Culturais e com empresas de\u00a0todo o Brasil.<\/p>\n<p>Registramos, tamb\u00e9m, 44 palestras sobre o assunto.<\/p>\n<p>Dessa forma, temos contribu\u00eddo para a forma\u00e7\u00e3o de produtores e gestores culturais, bem como instrumentalizado profissionais das \u00e1reas de comunica\u00e7\u00e3o e administra\u00e7\u00e3o para a gest\u00e3o de patroc\u00ednios empresariais.<\/p>\n<p><strong><a href=\"http:\/\/kavantan.com.br\/2016\/cursos-realizados\/\">Veja aqui a lista de cursos ministrados pela Kavantan<\/a>.<\/strong><\/p>\n<p><strong><a href=\"http:\/\/kavantan.com.br\/2016\/palestras-realizadas\/\">Veja aqui a lista de palestras ministradas pela Kavantan<\/a>.<\/strong><\/p>\n","protected":false},"excerpt":{"rendered":"<p>Novas turmas abertas para julho de 2017!!! Registre-se\u00a0atrav\u00e9s desse formul\u00e1rio (clique aqui!) [&hellip;]<\/p>\n","protected":false},"author":1,"featured_media":664,"parent":0,"menu_order":0,"comment_status":"closed","ping_status":"closed","template":"page-templates\/page_fullwidth.php","meta":{"_monsterinsights_skip_tracking":false,"_monsterinsights_sitenote_active":false,"_monsterinsights_sitenote_note":"","_monsterinsights_sitenote_category":0,"spay_email":"","footnotes":""},"class_list":["post-42","page","type-page","status-publish","has-post-thumbnail","hentry"],"yoast_head":"<!-- This site is optimized with the Yoast SEO plugin v18.0 - https:\/\/yoast.com\/wordpress\/plugins\/seo\/ -->\n<title>Cursos &ndash; Kavantan Projetos e Eventos Culturais<\/title>\n<meta name=\"robots\" content=\"index, follow, max-snippet:-1, max-image-preview:large, max-video-preview:-1\" \/>\n<link rel=\"canonical\" href=\"https:\/\/kavantan.com.br\/2016\/cursos\/\" \/>\n<meta property=\"og:locale\" content=\"pt_BR\" \/>\n<meta property=\"og:type\" content=\"article\" \/>\n<meta property=\"og:title\" content=\"Cursos &ndash; Kavantan Projetos e Eventos Culturais\" \/>\n<meta property=\"og:description\" content=\"Novas turmas abertas para julho de 2017!!! Registre-se\u00a0atrav\u00e9s desse formul\u00e1rio (clique aqui!) [&hellip;]\" \/>\n<meta property=\"og:url\" content=\"https:\/\/kavantan.com.br\/2016\/cursos\/\" \/>\n<meta property=\"og:site_name\" content=\"Kavantan Projetos e Eventos Culturais\" \/>\n<meta property=\"article:publisher\" content=\"https:\/\/www.facebook.com\/KavantanCultural\/\" \/>\n<meta property=\"article:modified_time\" content=\"2019-10-31T21:30:39+00:00\" \/>\n<meta property=\"og:image\" content=\"https:\/\/kavantan.com.br\/2016\/wp-content\/uploads\/2016\/09\/classroom-1699745_1920.jpg\" \/>\n\t<meta property=\"og:image:width\" content=\"1920\" \/>\n\t<meta property=\"og:image:height\" content=\"1371\" \/>\n\t<meta property=\"og:image:type\" content=\"image\/jpeg\" \/>\n<meta name=\"twitter:card\" content=\"summary\" \/>\n<meta name=\"twitter:label1\" content=\"Est. tempo de leitura\" \/>\n\t<meta name=\"twitter:data1\" content=\"3 minutos\" \/>\n<script type=\"application\/ld+json\" class=\"yoast-schema-graph\">{\"@context\":\"https:\/\/schema.org\",\"@graph\":[{\"@type\":\"Organization\",\"@id\":\"https:\/\/kavantan.com.br\/2016\/#organization\",\"name\":\"Kavantan Projetos e Eventos Culturais\",\"url\":\"https:\/\/kavantan.com.br\/2016\/\",\"sameAs\":[\"https:\/\/www.facebook.com\/KavantanCultural\/\",\"http:\/\/instagram.com\/KavantanCultural\",\"https:\/\/www.youtube.com\/channel\/UCb9iwGfNUFnBax2SqznpQYA\"],\"logo\":{\"@type\":\"ImageObject\",\"@id\":\"https:\/\/kavantan.com.br\/2016\/#logo\",\"inLanguage\":\"pt-BR\",\"url\":\"https:\/\/kavantan.com.br\/2016\/wp-content\/uploads\/2016\/09\/Kavantan_319x100.jpg\",\"contentUrl\":\"https:\/\/kavantan.com.br\/2016\/wp-content\/uploads\/2016\/09\/Kavantan_319x100.jpg\",\"width\":319,\"height\":100,\"caption\":\"Kavantan Projetos e Eventos Culturais\"},\"image\":{\"@id\":\"https:\/\/kavantan.com.br\/2016\/#logo\"}},{\"@type\":\"WebSite\",\"@id\":\"https:\/\/kavantan.com.br\/2016\/#website\",\"url\":\"https:\/\/kavantan.com.br\/2016\/\",\"name\":\"Kavantan Projetos e Eventos Culturais\",\"description\":\"\",\"publisher\":{\"@id\":\"https:\/\/kavantan.com.br\/2016\/#organization\"},\"potentialAction\":[{\"@type\":\"SearchAction\",\"target\":{\"@type\":\"EntryPoint\",\"urlTemplate\":\"https:\/\/kavantan.com.br\/2016\/?s={search_term_string}\"},\"query-input\":\"required name=search_term_string\"}],\"inLanguage\":\"pt-BR\"},{\"@type\":\"ImageObject\",\"@id\":\"https:\/\/kavantan.com.br\/2016\/cursos\/#primaryimage\",\"inLanguage\":\"pt-BR\",\"url\":\"https:\/\/kavantan.com.br\/2016\/wp-content\/uploads\/2016\/09\/classroom-1699745_1920.jpg\",\"contentUrl\":\"https:\/\/kavantan.com.br\/2016\/wp-content\/uploads\/2016\/09\/classroom-1699745_1920.jpg\",\"width\":1920,\"height\":1371},{\"@type\":\"WebPage\",\"@id\":\"https:\/\/kavantan.com.br\/2016\/cursos\/#webpage\",\"url\":\"https:\/\/kavantan.com.br\/2016\/cursos\/\",\"name\":\"Cursos &ndash; Kavantan Projetos e Eventos Culturais\",\"isPartOf\":{\"@id\":\"https:\/\/kavantan.com.br\/2016\/#website\"},\"primaryImageOfPage\":{\"@id\":\"https:\/\/kavantan.com.br\/2016\/cursos\/#primaryimage\"},\"datePublished\":\"2016-09-30T16:54:02+00:00\",\"dateModified\":\"2019-10-31T21:30:39+00:00\",\"breadcrumb\":{\"@id\":\"https:\/\/kavantan.com.br\/2016\/cursos\/#breadcrumb\"},\"inLanguage\":\"pt-BR\",\"potentialAction\":[{\"@type\":\"ReadAction\",\"target\":[\"https:\/\/kavantan.com.br\/2016\/cursos\/\"]}]},{\"@type\":\"BreadcrumbList\",\"@id\":\"https:\/\/kavantan.com.br\/2016\/cursos\/#breadcrumb\",\"itemListElement\":[{\"@type\":\"ListItem\",\"position\":1,\"name\":\"In\u00edcio\",\"item\":\"https:\/\/kavantan.com.br\/2016\/\"},{\"@type\":\"ListItem\",\"position\":2,\"name\":\"Cursos\"}]}]}<\/script>\n<!-- \/ Yoast SEO plugin. -->","yoast_head_json":{"title":"Cursos &ndash; Kavantan Projetos e Eventos Culturais","robots":{"index":"index","follow":"follow","max-snippet":"max-snippet:-1","max-image-preview":"max-image-preview:large","max-video-preview":"max-video-preview:-1"},"canonical":"https:\/\/kavantan.com.br\/2016\/cursos\/","og_locale":"pt_BR","og_type":"article","og_title":"Cursos &ndash; Kavantan Projetos e Eventos Culturais","og_description":"Novas turmas abertas para julho de 2017!!! Registre-se\u00a0atrav\u00e9s desse formul\u00e1rio (clique aqui!) [&hellip;]","og_url":"https:\/\/kavantan.com.br\/2016\/cursos\/","og_site_name":"Kavantan Projetos e Eventos Culturais","article_publisher":"https:\/\/www.facebook.com\/KavantanCultural\/","article_modified_time":"2019-10-31T21:30:39+00:00","og_image":[{"width":1920,"height":1371,"url":"https:\/\/kavantan.com.br\/2016\/wp-content\/uploads\/2016\/09\/classroom-1699745_1920.jpg","type":"image\/jpeg"}],"twitter_card":"summary","twitter_misc":{"Est. tempo de leitura":"3 minutos"},"schema":{"@context":"https:\/\/schema.org","@graph":[{"@type":"Organization","@id":"https:\/\/kavantan.com.br\/2016\/#organization","name":"Kavantan Projetos e Eventos Culturais","url":"https:\/\/kavantan.com.br\/2016\/","sameAs":["https:\/\/www.facebook.com\/KavantanCultural\/","http:\/\/instagram.com\/KavantanCultural","https:\/\/www.youtube.com\/channel\/UCb9iwGfNUFnBax2SqznpQYA"],"logo":{"@type":"ImageObject","@id":"https:\/\/kavantan.com.br\/2016\/#logo","inLanguage":"pt-BR","url":"https:\/\/kavantan.com.br\/2016\/wp-content\/uploads\/2016\/09\/Kavantan_319x100.jpg","contentUrl":"https:\/\/kavantan.com.br\/2016\/wp-content\/uploads\/2016\/09\/Kavantan_319x100.jpg","width":319,"height":100,"caption":"Kavantan Projetos e Eventos Culturais"},"image":{"@id":"https:\/\/kavantan.com.br\/2016\/#logo"}},{"@type":"WebSite","@id":"https:\/\/kavantan.com.br\/2016\/#website","url":"https:\/\/kavantan.com.br\/2016\/","name":"Kavantan Projetos e Eventos Culturais","description":"","publisher":{"@id":"https:\/\/kavantan.com.br\/2016\/#organization"},"potentialAction":[{"@type":"SearchAction","target":{"@type":"EntryPoint","urlTemplate":"https:\/\/kavantan.com.br\/2016\/?s={search_term_string}"},"query-input":"required name=search_term_string"}],"inLanguage":"pt-BR"},{"@type":"ImageObject","@id":"https:\/\/kavantan.com.br\/2016\/cursos\/#primaryimage","inLanguage":"pt-BR","url":"https:\/\/kavantan.com.br\/2016\/wp-content\/uploads\/2016\/09\/classroom-1699745_1920.jpg","contentUrl":"https:\/\/kavantan.com.br\/2016\/wp-content\/uploads\/2016\/09\/classroom-1699745_1920.jpg","width":1920,"height":1371},{"@type":"WebPage","@id":"https:\/\/kavantan.com.br\/2016\/cursos\/#webpage","url":"https:\/\/kavantan.com.br\/2016\/cursos\/","name":"Cursos &ndash; Kavantan Projetos e Eventos Culturais","isPartOf":{"@id":"https:\/\/kavantan.com.br\/2016\/#website"},"primaryImageOfPage":{"@id":"https:\/\/kavantan.com.br\/2016\/cursos\/#primaryimage"},"datePublished":"2016-09-30T16:54:02+00:00","dateModified":"2019-10-31T21:30:39+00:00","breadcrumb":{"@id":"https:\/\/kavantan.com.br\/2016\/cursos\/#breadcrumb"},"inLanguage":"pt-BR","potentialAction":[{"@type":"ReadAction","target":["https:\/\/kavantan.com.br\/2016\/cursos\/"]}]},{"@type":"BreadcrumbList","@id":"https:\/\/kavantan.com.br\/2016\/cursos\/#breadcrumb","itemListElement":[{"@type":"ListItem","position":1,"name":"In\u00edcio","item":"https:\/\/kavantan.com.br\/2016\/"},{"@type":"ListItem","position":2,"name":"Cursos"}]}]}},"_links":{"self":[{"href":"https:\/\/kavantan.com.br\/2016\/wp-json\/wp\/v2\/pages\/42","targetHints":{"allow":["GET"]}}],"collection":[{"href":"https:\/\/kavantan.com.br\/2016\/wp-json\/wp\/v2\/pages"}],"about":[{"href":"https:\/\/kavantan.com.br\/2016\/wp-json\/wp\/v2\/types\/page"}],"author":[{"embeddable":true,"href":"https:\/\/kavantan.com.br\/2016\/wp-json\/wp\/v2\/users\/1"}],"replies":[{"embeddable":true,"href":"https:\/\/kavantan.com.br\/2016\/wp-json\/wp\/v2\/comments?post=42"}],"version-history":[{"count":21,"href":"https:\/\/kavantan.com.br\/2016\/wp-json\/wp\/v2\/pages\/42\/revisions"}],"predecessor-version":[{"id":802,"href":"https:\/\/kavantan.com.br\/2016\/wp-json\/wp\/v2\/pages\/42\/revisions\/802"}],"wp:featuredmedia":[{"embeddable":true,"href":"https:\/\/kavantan.com.br\/2016\/wp-json\/wp\/v2\/media\/664"}],"wp:attachment":[{"href":"https:\/\/kavantan.com.br\/2016\/wp-json\/wp\/v2\/media?parent=42"}],"curies":[{"name":"wp","href":"https:\/\/api.w.org\/{rel}","templated":true}]}}