{"id":40,"date":"2016-09-30T13:47:17","date_gmt":"2016-09-30T16:47:17","guid":{"rendered":"http:\/\/kavantan.com.br\/2016\/?page_id=40"},"modified":"2019-10-31T19:12:28","modified_gmt":"2019-10-31T22:12:28","slug":"realizacoes","status":"publish","type":"page","link":"https:\/\/kavantan.com.br\/2016\/projetos\/realizacoes\/","title":{"rendered":"Realiza\u00e7\u00f5es"},"content":{"rendered":"\t\t<div data-elementor-type=\"wp-page\" data-elementor-id=\"40\" class=\"elementor elementor-40\" data-elementor-settings=\"[]\">\n\t\t\t\t\t\t<div class=\"elementor-inner\">\n\t\t\t\t\t\t\t<div class=\"elementor-section-wrap\">\n\t\t\t\t\t\t\t<section class=\"elementor-section elementor-top-section elementor-element elementor-element-403f9fcf elementor-section-boxed elementor-section-height-default elementor-section-height-default\" data-id=\"403f9fcf\" data-element_type=\"section\">\n\t\t\t\t\t\t<div class=\"elementor-container elementor-column-gap-default\">\n\t\t\t\t\t\t\t<div class=\"elementor-row\">\n\t\t\t\t\t<div class=\"elementor-column elementor-col-100 elementor-top-column elementor-element elementor-element-359c4059\" data-id=\"359c4059\" data-element_type=\"column\">\n\t\t\t<div class=\"elementor-column-wrap elementor-element-populated\">\n\t\t\t\t\t\t\t<div class=\"elementor-widget-wrap\">\n\t\t\t\t\r\n\t\t<div class=\"elementor-element elementor-element-19e8f2cf elementor-widget elementor-widget-text-editor\" data-id=\"19e8f2cf\" data-element_type=\"widget\" data-widget_type=\"text-editor.default\">\n\t\t\t\t<div class=\"elementor-widget-container\">\n\t\t\t\t\t\t\t\t<div class=\"elementor-text-editor elementor-clearfix\">\n\t\t\t\t<p><img loading=\"lazy\" decoding=\"async\" class=\"aligncenter size-full wp-image-341\" src=\"http:\/\/kavantan.com.br\/2016\/wp-content\/uploads\/2016\/09\/realizacoes_1400x400.jpg\" alt=\"realizacoes_1400x400\" width=\"1400\" height=\"400\" srcset=\"https:\/\/kavantan.com.br\/2016\/wp-content\/uploads\/2016\/09\/realizacoes_1400x400.jpg 1400w, https:\/\/kavantan.com.br\/2016\/wp-content\/uploads\/2016\/09\/realizacoes_1400x400-300x86.jpg 300w, https:\/\/kavantan.com.br\/2016\/wp-content\/uploads\/2016\/09\/realizacoes_1400x400-768x219.jpg 768w, https:\/\/kavantan.com.br\/2016\/wp-content\/uploads\/2016\/09\/realizacoes_1400x400-1024x293.jpg 1024w\" sizes=\"auto, (max-width: 1400px) 100vw, 1400px\" \/><\/p><p>Ao longo dos \u00faltimos 30 anos participamos ativamente na constru\u00e7\u00e3o de projetos das mais diversas \u00e1reas, como teatro, m\u00fasica, fotografia, literatura, educa\u00e7\u00e3o e resgate de tradi\u00e7\u00f5es, atendendo empresas, produtores, organiza\u00e7\u00f5es do terceiro setor e institui\u00e7\u00f5es governamentais.<\/p><p>Passamos por diversos estados do Brasil, de norte a sul, conhecemos e trocamos experi\u00eancias com muitos outros profissionais, tivemos a chance de ensinar e aprender.<\/p><p>Confira abaixo algumas dessas realiza\u00e7\u00f5es ou <strong><a href=\"http:\/\/kavantan.com.br\/2016\/projetos\/\">clique aqui<\/a><\/strong> para ver os projetos para os quais estamos captando atualmente e <strong><a href=\"http:\/\/kavantan.com.br\/2016\/projetos\/em-cartaz\/\">clique aqui<\/a><\/strong> para conhecer nossos projetos em cartaz:<\/p><div style=\"text-align: center;\"><a href=\"http:\/\/kavantan.com.br\/2016\/realizacoes\/maldito-beneficio\/\"><img loading=\"lazy\" decoding=\"async\" class=\"alignnone wp-image-358 size-full\" src=\"http:\/\/kavantan.com.br\/novo\/wp-content\/uploads\/2014\/05\/ico_projeto_maldito2.jpg\" alt=\"ico_projeto_maldito2\" width=\"208\" height=\"156\" \/><\/a><a href=\"http:\/\/kavantan.com.br\/2016\/realizacoes\/arte-na-comunidade-inicio\/\"><img loading=\"lazy\" decoding=\"async\" class=\"alignnone wp-image-359 size-full\" src=\"http:\/\/kavantan.com.br\/2016\/wp-content\/uploads\/2016\/10\/ico_projeto_arte_na_comunidade.jpg\" alt=\"ico_projeto_arte2-2\" width=\"208\" height=\"156\" \/><\/a><a href=\"http:\/\/kavantan.com.br\/2016\/realizacoes\/mulheres-que-encantam\/\"><img loading=\"lazy\" decoding=\"async\" class=\"alignnone wp-image-316 size-full\" src=\"http:\/\/kavantan.com.br\/novo\/wp-content\/uploads\/2014\/05\/ico_projeto_mulheres1.jpg\" alt=\"ico_projeto_mulheres\" width=\"208\" height=\"156\" \/><\/a><a href=\"http:\/\/kavantan.com.br\/2016\/projetos\/realizacoes\/arte-de-fotografar\/\"><img loading=\"lazy\" decoding=\"async\" class=\"alignnone size-full\" src=\"http:\/\/kavantan.com.br\/2016\/wp-content\/uploads\/2016\/11\/arte-de-fotografar_logo_208x156.jpg\" alt=\"Arte de Fotografar\" width=\"208\" height=\"156\" \/><\/a><a href=\"http:\/\/kavantan.com.br\/2016\/realizacoes\/arte-de-fotografar-2\/\"><img loading=\"lazy\" decoding=\"async\" class=\"alignnone wp-image-360 size-full\" src=\"http:\/\/kavantan.com.br\/novo\/wp-content\/uploads\/2014\/05\/ico_projeto_fotografar2-2.jpg\" alt=\"ico_projeto_fotografar2-2\" width=\"208\" height=\"156\" \/><\/a><a href=\"http:\/\/kavantan.com.br\/2016\/projetos\/realizacoes\/revele-sua-cidade\/\"><img loading=\"lazy\" decoding=\"async\" class=\"alignnone size-full\" src=\"http:\/\/kavantan.com.br\/2016\/wp-content\/uploads\/2016\/11\/logo_revelesuacidade1.png\" alt=\"Revele Sua Cidade\" width=\"207\" height=\"156\" \/><\/a><a href=\"http:\/\/kavantan.com.br\/2016\/projetos\/realizacoes\/revele-sua-cidade-2\/\"><img loading=\"lazy\" decoding=\"async\" class=\"alignnone size-full\" src=\"http:\/\/kavantan.com.br\/2016\/wp-content\/uploads\/2016\/11\/revele02_logo_v2.jpg\" alt=\"Revele Sua Cidade 2\" width=\"207\" height=\"156\" \/><\/a><a href=\"http:\/\/kavantan.com.br\/2016\/projetos\/realizacoes\/luz-e-sombra\/\"><img loading=\"lazy\" decoding=\"async\" class=\"alignnone size-full\" src=\"http:\/\/kavantan.com.br\/2016\/wp-content\/uploads\/2016\/11\/luzesombra_logo.jpg\" alt=\"Luz e Sombra\" width=\"208\" height=\"156\" \/><\/a><a href=\"http:\/\/kavantan.com.br\/2016\/projetos\/realizacoes\/20-anos-do-premio-avon-de-maquiagem\/\"><img loading=\"lazy\" decoding=\"async\" class=\"alignnone size-full\" src=\"http:\/\/kavantan.com.br\/2016\/wp-content\/uploads\/2016\/11\/20AnosPAM_logo_v4.png\" alt=\"20 Anos Pr\u00eamio Avon de Maquiagem\" width=\"206\" height=\"156\" \/><\/a><a href=\"http:\/\/kavantan.com.br\/2016\/realizacoes\/dramaturgias-urgentes\/\"><img loading=\"lazy\" decoding=\"async\" class=\"alignnone size-full\" src=\"http:\/\/kavantan.com.br\/novo\/wp-content\/uploads\/2014\/05\/ico_projeto_dramaturgias.jpg\" alt=\"ico_projeto_dramaturgias\" width=\"208\" height=\"156\" \/><\/a><a href=\"http:\/\/kavantan.com.br\/2016\/projetos\/realizacoes\/mestres-do-futuro\/\"><img loading=\"lazy\" decoding=\"async\" class=\"alignnone size-full\" src=\"http:\/\/kavantan.com.br\/2016\/wp-content\/uploads\/2016\/11\/logo_mestres.jpg\" alt=\"Mestres do Futuro\" width=\"208\" height=\"156\" \/><\/a><a href=\"http:\/\/kavantan.com.br\/2016\/realizacoes\/mestres-do-futuro-2-estrada-real\/\"><img loading=\"lazy\" decoding=\"async\" class=\"alignnone wp-image-301 size-full\" src=\"http:\/\/kavantan.com.br\/novo\/wp-content\/uploads\/2014\/05\/ico_projeto_mestres2.jpg\" alt=\"ico_projeto_mestres2\" width=\"208\" height=\"156\" \/><\/a><\/div>\t\t\t\t\t<\/div>\n\t\t\t\t\t\t<\/div>\n\t\t\t\t<\/div>\n\t\t\t\t\t\t<\/div>\n\t\t\t\t\t<\/div>\n\t\t<\/div>\n\t\t\t\t\t\t\t\t<\/div>\n\t\t\t\t\t<\/div>\n\t\t<\/section>\n\t\t\t\t\t\t<\/div>\n\t\t\t\t\t\t<\/div>\n\t\t\t\t\t<\/div>\n\t\t","protected":false},"excerpt":{"rendered":"<p>Ao longo dos \u00faltimos 30 anos participamos ativamente na constru\u00e7\u00e3o de projetos [&hellip;]<\/p>\n","protected":false},"author":1,"featured_media":119,"parent":23,"menu_order":0,"comment_status":"closed","ping_status":"closed","template":"page-templates\/page_fullwidth.php","meta":{"_monsterinsights_skip_tracking":false,"_monsterinsights_sitenote_active":false,"_monsterinsights_sitenote_note":"","_monsterinsights_sitenote_category":0,"spay_email":"","footnotes":""},"class_list":["post-40","page","type-page","status-publish","has-post-thumbnail","hentry"],"yoast_head":"<!-- This site is optimized with the Yoast SEO plugin v18.0 - https:\/\/yoast.com\/wordpress\/plugins\/seo\/ -->\n<title>Realiza\u00e7\u00f5es &ndash; Kavantan Projetos e Eventos Culturais<\/title>\n<meta name=\"robots\" content=\"index, follow, max-snippet:-1, max-image-preview:large, max-video-preview:-1\" \/>\n<link rel=\"canonical\" href=\"https:\/\/kavantan.com.br\/2016\/projetos\/realizacoes\/\" \/>\n<meta property=\"og:locale\" content=\"pt_BR\" \/>\n<meta property=\"og:type\" content=\"article\" \/>\n<meta property=\"og:title\" content=\"Realiza\u00e7\u00f5es &ndash; Kavantan Projetos e Eventos Culturais\" \/>\n<meta property=\"og:description\" content=\"Ao longo dos \u00faltimos 30 anos participamos ativamente na constru\u00e7\u00e3o de projetos [&hellip;]\" \/>\n<meta property=\"og:url\" content=\"https:\/\/kavantan.com.br\/2016\/projetos\/realizacoes\/\" \/>\n<meta property=\"og:site_name\" content=\"Kavantan Projetos e Eventos Culturais\" \/>\n<meta property=\"article:publisher\" content=\"https:\/\/www.facebook.com\/KavantanCultural\/\" \/>\n<meta property=\"article:modified_time\" content=\"2019-10-31T22:12:28+00:00\" \/>\n<meta property=\"og:image\" content=\"https:\/\/kavantan.com.br\/2016\/wp-content\/uploads\/2016\/09\/arte_na_comunidade-005-1.jpg\" \/>\n\t<meta property=\"og:image:width\" content=\"800\" \/>\n\t<meta property=\"og:image:height\" content=\"533\" \/>\n\t<meta property=\"og:image:type\" content=\"image\/jpeg\" \/>\n<meta name=\"twitter:card\" content=\"summary\" \/>\n<script type=\"application\/ld+json\" class=\"yoast-schema-graph\">{\"@context\":\"https:\/\/schema.org\",\"@graph\":[{\"@type\":\"Organization\",\"@id\":\"https:\/\/kavantan.com.br\/2016\/#organization\",\"name\":\"Kavantan Projetos e Eventos Culturais\",\"url\":\"https:\/\/kavantan.com.br\/2016\/\",\"sameAs\":[\"https:\/\/www.facebook.com\/KavantanCultural\/\",\"http:\/\/instagram.com\/KavantanCultural\",\"https:\/\/www.youtube.com\/channel\/UCb9iwGfNUFnBax2SqznpQYA\"],\"logo\":{\"@type\":\"ImageObject\",\"@id\":\"https:\/\/kavantan.com.br\/2016\/#logo\",\"inLanguage\":\"pt-BR\",\"url\":\"https:\/\/kavantan.com.br\/2016\/wp-content\/uploads\/2016\/09\/Kavantan_319x100.jpg\",\"contentUrl\":\"https:\/\/kavantan.com.br\/2016\/wp-content\/uploads\/2016\/09\/Kavantan_319x100.jpg\",\"width\":319,\"height\":100,\"caption\":\"Kavantan Projetos e Eventos Culturais\"},\"image\":{\"@id\":\"https:\/\/kavantan.com.br\/2016\/#logo\"}},{\"@type\":\"WebSite\",\"@id\":\"https:\/\/kavantan.com.br\/2016\/#website\",\"url\":\"https:\/\/kavantan.com.br\/2016\/\",\"name\":\"Kavantan Projetos e Eventos Culturais\",\"description\":\"\",\"publisher\":{\"@id\":\"https:\/\/kavantan.com.br\/2016\/#organization\"},\"potentialAction\":[{\"@type\":\"SearchAction\",\"target\":{\"@type\":\"EntryPoint\",\"urlTemplate\":\"https:\/\/kavantan.com.br\/2016\/?s={search_term_string}\"},\"query-input\":\"required name=search_term_string\"}],\"inLanguage\":\"pt-BR\"},{\"@type\":\"ImageObject\",\"@id\":\"https:\/\/kavantan.com.br\/2016\/projetos\/realizacoes\/#primaryimage\",\"inLanguage\":\"pt-BR\",\"url\":\"https:\/\/kavantan.com.br\/2016\/wp-content\/uploads\/2016\/09\/arte_na_comunidade-005-1.jpg\",\"contentUrl\":\"https:\/\/kavantan.com.br\/2016\/wp-content\/uploads\/2016\/09\/arte_na_comunidade-005-1.jpg\",\"width\":800,\"height\":533},{\"@type\":\"WebPage\",\"@id\":\"https:\/\/kavantan.com.br\/2016\/projetos\/realizacoes\/#webpage\",\"url\":\"https:\/\/kavantan.com.br\/2016\/projetos\/realizacoes\/\",\"name\":\"Realiza\u00e7\u00f5es &ndash; Kavantan Projetos e Eventos Culturais\",\"isPartOf\":{\"@id\":\"https:\/\/kavantan.com.br\/2016\/#website\"},\"primaryImageOfPage\":{\"@id\":\"https:\/\/kavantan.com.br\/2016\/projetos\/realizacoes\/#primaryimage\"},\"datePublished\":\"2016-09-30T16:47:17+00:00\",\"dateModified\":\"2019-10-31T22:12:28+00:00\",\"breadcrumb\":{\"@id\":\"https:\/\/kavantan.com.br\/2016\/projetos\/realizacoes\/#breadcrumb\"},\"inLanguage\":\"pt-BR\",\"potentialAction\":[{\"@type\":\"ReadAction\",\"target\":[\"https:\/\/kavantan.com.br\/2016\/projetos\/realizacoes\/\"]}]},{\"@type\":\"BreadcrumbList\",\"@id\":\"https:\/\/kavantan.com.br\/2016\/projetos\/realizacoes\/#breadcrumb\",\"itemListElement\":[{\"@type\":\"ListItem\",\"position\":1,\"name\":\"In\u00edcio\",\"item\":\"https:\/\/kavantan.com.br\/2016\/\"},{\"@type\":\"ListItem\",\"position\":2,\"name\":\"Projetos\",\"item\":\"https:\/\/kavantan.com.br\/2016\/projetos\/\"},{\"@type\":\"ListItem\",\"position\":3,\"name\":\"Realiza\u00e7\u00f5es\"}]}]}<\/script>\n<!-- \/ Yoast SEO plugin. -->","yoast_head_json":{"title":"Realiza\u00e7\u00f5es &ndash; Kavantan Projetos e Eventos Culturais","robots":{"index":"index","follow":"follow","max-snippet":"max-snippet:-1","max-image-preview":"max-image-preview:large","max-video-preview":"max-video-preview:-1"},"canonical":"https:\/\/kavantan.com.br\/2016\/projetos\/realizacoes\/","og_locale":"pt_BR","og_type":"article","og_title":"Realiza\u00e7\u00f5es &ndash; Kavantan Projetos e Eventos Culturais","og_description":"Ao longo dos \u00faltimos 30 anos participamos ativamente na constru\u00e7\u00e3o de projetos [&hellip;]","og_url":"https:\/\/kavantan.com.br\/2016\/projetos\/realizacoes\/","og_site_name":"Kavantan Projetos e Eventos Culturais","article_publisher":"https:\/\/www.facebook.com\/KavantanCultural\/","article_modified_time":"2019-10-31T22:12:28+00:00","og_image":[{"width":800,"height":533,"url":"https:\/\/kavantan.com.br\/2016\/wp-content\/uploads\/2016\/09\/arte_na_comunidade-005-1.jpg","type":"image\/jpeg"}],"twitter_card":"summary","schema":{"@context":"https:\/\/schema.org","@graph":[{"@type":"Organization","@id":"https:\/\/kavantan.com.br\/2016\/#organization","name":"Kavantan Projetos e Eventos Culturais","url":"https:\/\/kavantan.com.br\/2016\/","sameAs":["https:\/\/www.facebook.com\/KavantanCultural\/","http:\/\/instagram.com\/KavantanCultural","https:\/\/www.youtube.com\/channel\/UCb9iwGfNUFnBax2SqznpQYA"],"logo":{"@type":"ImageObject","@id":"https:\/\/kavantan.com.br\/2016\/#logo","inLanguage":"pt-BR","url":"https:\/\/kavantan.com.br\/2016\/wp-content\/uploads\/2016\/09\/Kavantan_319x100.jpg","contentUrl":"https:\/\/kavantan.com.br\/2016\/wp-content\/uploads\/2016\/09\/Kavantan_319x100.jpg","width":319,"height":100,"caption":"Kavantan Projetos e Eventos Culturais"},"image":{"@id":"https:\/\/kavantan.com.br\/2016\/#logo"}},{"@type":"WebSite","@id":"https:\/\/kavantan.com.br\/2016\/#website","url":"https:\/\/kavantan.com.br\/2016\/","name":"Kavantan Projetos e Eventos Culturais","description":"","publisher":{"@id":"https:\/\/kavantan.com.br\/2016\/#organization"},"potentialAction":[{"@type":"SearchAction","target":{"@type":"EntryPoint","urlTemplate":"https:\/\/kavantan.com.br\/2016\/?s={search_term_string}"},"query-input":"required name=search_term_string"}],"inLanguage":"pt-BR"},{"@type":"ImageObject","@id":"https:\/\/kavantan.com.br\/2016\/projetos\/realizacoes\/#primaryimage","inLanguage":"pt-BR","url":"https:\/\/kavantan.com.br\/2016\/wp-content\/uploads\/2016\/09\/arte_na_comunidade-005-1.jpg","contentUrl":"https:\/\/kavantan.com.br\/2016\/wp-content\/uploads\/2016\/09\/arte_na_comunidade-005-1.jpg","width":800,"height":533},{"@type":"WebPage","@id":"https:\/\/kavantan.com.br\/2016\/projetos\/realizacoes\/#webpage","url":"https:\/\/kavantan.com.br\/2016\/projetos\/realizacoes\/","name":"Realiza\u00e7\u00f5es &ndash; Kavantan Projetos e Eventos Culturais","isPartOf":{"@id":"https:\/\/kavantan.com.br\/2016\/#website"},"primaryImageOfPage":{"@id":"https:\/\/kavantan.com.br\/2016\/projetos\/realizacoes\/#primaryimage"},"datePublished":"2016-09-30T16:47:17+00:00","dateModified":"2019-10-31T22:12:28+00:00","breadcrumb":{"@id":"https:\/\/kavantan.com.br\/2016\/projetos\/realizacoes\/#breadcrumb"},"inLanguage":"pt-BR","potentialAction":[{"@type":"ReadAction","target":["https:\/\/kavantan.com.br\/2016\/projetos\/realizacoes\/"]}]},{"@type":"BreadcrumbList","@id":"https:\/\/kavantan.com.br\/2016\/projetos\/realizacoes\/#breadcrumb","itemListElement":[{"@type":"ListItem","position":1,"name":"In\u00edcio","item":"https:\/\/kavantan.com.br\/2016\/"},{"@type":"ListItem","position":2,"name":"Projetos","item":"https:\/\/kavantan.com.br\/2016\/projetos\/"},{"@type":"ListItem","position":3,"name":"Realiza\u00e7\u00f5es"}]}]}},"_links":{"self":[{"href":"https:\/\/kavantan.com.br\/2016\/wp-json\/wp\/v2\/pages\/40","targetHints":{"allow":["GET"]}}],"collection":[{"href":"https:\/\/kavantan.com.br\/2016\/wp-json\/wp\/v2\/pages"}],"about":[{"href":"https:\/\/kavantan.com.br\/2016\/wp-json\/wp\/v2\/types\/page"}],"author":[{"embeddable":true,"href":"https:\/\/kavantan.com.br\/2016\/wp-json\/wp\/v2\/users\/1"}],"replies":[{"embeddable":true,"href":"https:\/\/kavantan.com.br\/2016\/wp-json\/wp\/v2\/comments?post=40"}],"version-history":[{"count":33,"href":"https:\/\/kavantan.com.br\/2016\/wp-json\/wp\/v2\/pages\/40\/revisions"}],"predecessor-version":[{"id":929,"href":"https:\/\/kavantan.com.br\/2016\/wp-json\/wp\/v2\/pages\/40\/revisions\/929"}],"up":[{"embeddable":true,"href":"https:\/\/kavantan.com.br\/2016\/wp-json\/wp\/v2\/pages\/23"}],"wp:featuredmedia":[{"embeddable":true,"href":"https:\/\/kavantan.com.br\/2016\/wp-json\/wp\/v2\/media\/119"}],"wp:attachment":[{"href":"https:\/\/kavantan.com.br\/2016\/wp-json\/wp\/v2\/media?parent=40"}],"curies":[{"name":"wp","href":"https:\/\/api.w.org\/{rel}","templated":true}]}}