{"id":31,"date":"2016-09-30T11:23:27","date_gmt":"2016-09-30T14:23:27","guid":{"rendered":"http:\/\/kavantan.com.br\/2016\/?page_id=31"},"modified":"2019-10-31T17:47:58","modified_gmt":"2019-10-31T20:47:58","slug":"30-anos","status":"publish","type":"page","link":"https:\/\/kavantan.com.br\/2016\/30-anos\/","title":{"rendered":"30 Anos!"},"content":{"rendered":"<figure id=\"attachment_658\" aria-describedby=\"caption-attachment-658\" style=\"width: 1400px\" class=\"wp-caption aligncenter\"><img loading=\"lazy\" decoding=\"async\" class=\"wp-image-658 size-full\" src=\"http:\/\/kavantan.com.br\/2016\/wp-content\/uploads\/2016\/09\/30anos_1400x400.jpg\" alt=\"30anos_1400x400\" width=\"1400\" height=\"400\" srcset=\"https:\/\/kavantan.com.br\/2016\/wp-content\/uploads\/2016\/09\/30anos_1400x400.jpg 1400w, https:\/\/kavantan.com.br\/2016\/wp-content\/uploads\/2016\/09\/30anos_1400x400-300x86.jpg 300w, https:\/\/kavantan.com.br\/2016\/wp-content\/uploads\/2016\/09\/30anos_1400x400-768x219.jpg 768w, https:\/\/kavantan.com.br\/2016\/wp-content\/uploads\/2016\/09\/30anos_1400x400-1024x293.jpg 1024w\" sizes=\"auto, (max-width: 1400px) 100vw, 1400px\" \/><figcaption id=\"caption-attachment-658\" class=\"wp-caption-text\">O &#8220;Rinoceronte&#8221; no Teatro TAIB (SP\/1987) e o projeto &#8220;Teatro &#8211; Finan\u00e7as Pr\u00e1ticas&#8221;, parceria com a VISA e BID, no Complexo da Mar\u00e9 (RJ\/2016)<\/figcaption><\/figure>\n<p>No programa da primeira produ\u00e7\u00e3o teatral da <strong>Kavantan<\/strong>, <em>RINOCERONTE<\/em>, escrevemos:<\/p>\n<p><img loading=\"lazy\" decoding=\"async\" src=\"http:\/\/kavantan.com.br\/2016\/wp-content\/uploads\/2016\/09\/programa_rinoceronte_300x388.jpg\" alt=\"programa_rinoceronte_300x388\" width=\"250\" height=\"323\" class=\"alignleft size-full wp-image-661\" srcset=\"https:\/\/kavantan.com.br\/2016\/wp-content\/uploads\/2016\/09\/programa_rinoceronte_300x388.jpg 300w, https:\/\/kavantan.com.br\/2016\/wp-content\/uploads\/2016\/09\/programa_rinoceronte_300x388-232x300.jpg 232w\" sizes=\"auto, (max-width: 250px) 100vw, 250px\" \/><em>\u201cO Brasil possui um imenso universo cultural, composto por uma gama vari\u00e1vel de elementos, indo de simples cantigas de roda \u00e0s sofisticadas &#8216;instala\u00e7\u00f5es&#8217; com utiliza\u00e7\u00e3o de eletr\u00f4nica, de manifesta\u00e7\u00f5es tradicionais regionalistas \u00e0s novas propostas regidas pelos princ\u00edpios da comunica\u00e7\u00e3o de massas.<\/em><\/p>\n<p><em>Embora a cria\u00e7\u00e3o seja t\u00e3o vasta, o consumo cultural \u00e9 restrito em nosso pa\u00eds. A grande maioria das obras n\u00e3o se efetiva, n\u00e3o sai da cabe\u00e7a dos seus criadores. E as que se concretizam, quase sempre, atingem um c\u00edrculo reduzido de pessoas.<\/em><\/p>\n<p><em>Contribuir para a valoriza\u00e7\u00e3o desses projetos culturais, de variados tipos e tend\u00eancias, bem como a difus\u00e3o dos mesmos no \u00e2mbito da sociedade \u00e9 a nossa proposta.<\/em><\/p>\n<p><em>Para isso \u00e9 necess\u00e1rio sensibilizar homens e empresas, mostrar a import\u00e2ncia do apoio \u00e0s atividades culturais, fazer a ponte entre os artistas e os recursos necess\u00e1rios \u00e0 concretiza\u00e7\u00e3o de seus eventos.(..<\/em><em>.)\u201d<\/em><\/p>\n<p>Muita coisa mudou nestes 30 anos, mas a <strong>Kavantan<\/strong> continua acreditando na import\u00e2ncia da Cultura para melhorar a vida da popula\u00e7\u00e3o, levando emo\u00e7\u00e3o, informa\u00e7\u00e3o, conscientiza\u00e7\u00e3o, alegria, entretenimento, enfim, ampliando as experi\u00eancias no universo da sensibilidade e da arte.<\/p>\n<p>Ao analisarmos esse per\u00edodo, no entanto, percebemos que apesar da evolu\u00e7\u00e3o das pol\u00edticas de acesso \u00e0 cultura, dos mecanismos criados para apoio e patroc\u00ednio, seja na esfera governamental ou na corporativa, e das tecnologias nos meios de produ\u00e7\u00e3o e gest\u00e3o cultural, o consumo de arte e cultura segue polarizado, geograficamente concentrado, e uma grande parcela da popula\u00e7\u00e3o permanece sem oportunidade de contato.<\/p>\n<p>Vemos tamb\u00e9m que, se por um lado um&nbsp;grande estrato da popula\u00e7\u00e3o n\u00e3o tem acesso aos bens culturais, por outro uma parcela significativa das empresas e institui\u00e7\u00f5es n\u00e3o tem as informa\u00e7\u00f5es necess\u00e1rias para criar boas pr\u00e1ticas nos campos do marketing sociocultural e da pol\u00edtica cultural dentro de suas organiza\u00e7\u00f5es, apesar de muitas vezes objetivarem a\u00e7\u00f5es nesse sentido.<\/p>\n<p>Entendemos nosso papel dentro desse cen\u00e1rio e nossa responsabilidade ap\u00f3s acumular tantos anos de experi\u00eancia nas mais diversas \u00e1reas da arte, cultura e educa\u00e7\u00e3o. Persistimos na atividade cotidiana de encontrar formas de viabilizar a produ\u00e7\u00e3o e a frui\u00e7\u00e3o das propostas art\u00edsticas, e felizmente temos resultados positivos para compartilhar.<\/p>\n<p>\u00c9 o que faremos aqui nesse espa\u00e7o, comemorando os nossos 30 anos de atividades!<\/p>\n","protected":false},"excerpt":{"rendered":"<p>No programa da primeira produ\u00e7\u00e3o teatral da Kavantan, RINOCERONTE, escrevemos: \u201cO Brasil [&hellip;]<\/p>\n","protected":false},"author":1,"featured_media":32,"parent":0,"menu_order":0,"comment_status":"closed","ping_status":"closed","template":"page-templates\/page_fullwidth.php","meta":{"_monsterinsights_skip_tracking":false,"_monsterinsights_sitenote_active":false,"_monsterinsights_sitenote_note":"","_monsterinsights_sitenote_category":0,"spay_email":"","footnotes":""},"class_list":["post-31","page","type-page","status-publish","has-post-thumbnail","hentry"],"yoast_head":"<!-- This site is optimized with the Yoast SEO plugin v18.0 - https:\/\/yoast.com\/wordpress\/plugins\/seo\/ -->\n<title>30 Anos! &ndash; Kavantan Projetos e Eventos Culturais<\/title>\n<meta name=\"robots\" content=\"index, follow, max-snippet:-1, max-image-preview:large, max-video-preview:-1\" \/>\n<link rel=\"canonical\" href=\"https:\/\/kavantan.com.br\/2016\/30-anos\/\" \/>\n<meta property=\"og:locale\" content=\"pt_BR\" \/>\n<meta property=\"og:type\" content=\"article\" \/>\n<meta property=\"og:title\" content=\"30 Anos! &ndash; Kavantan Projetos e Eventos Culturais\" \/>\n<meta property=\"og:description\" content=\"No programa da primeira produ\u00e7\u00e3o teatral da Kavantan, RINOCERONTE, escrevemos: \u201cO Brasil [&hellip;]\" \/>\n<meta property=\"og:url\" content=\"https:\/\/kavantan.com.br\/2016\/30-anos\/\" \/>\n<meta property=\"og:site_name\" content=\"Kavantan Projetos e Eventos Culturais\" \/>\n<meta property=\"article:publisher\" content=\"https:\/\/www.facebook.com\/KavantanCultural\/\" \/>\n<meta property=\"article:modified_time\" content=\"2019-10-31T20:47:58+00:00\" \/>\n<meta property=\"og:image\" content=\"https:\/\/kavantan.com.br\/2016\/wp-content\/uploads\/2016\/09\/aniversario_750x300.jpg\" \/>\n\t<meta property=\"og:image:width\" content=\"750\" \/>\n\t<meta property=\"og:image:height\" content=\"300\" \/>\n\t<meta property=\"og:image:type\" content=\"image\/jpeg\" \/>\n<meta name=\"twitter:card\" content=\"summary\" \/>\n<meta name=\"twitter:label1\" content=\"Est. tempo de leitura\" \/>\n\t<meta name=\"twitter:data1\" content=\"2 minutos\" \/>\n<script type=\"application\/ld+json\" class=\"yoast-schema-graph\">{\"@context\":\"https:\/\/schema.org\",\"@graph\":[{\"@type\":\"Organization\",\"@id\":\"https:\/\/kavantan.com.br\/2016\/#organization\",\"name\":\"Kavantan Projetos e Eventos Culturais\",\"url\":\"https:\/\/kavantan.com.br\/2016\/\",\"sameAs\":[\"https:\/\/www.facebook.com\/KavantanCultural\/\",\"http:\/\/instagram.com\/KavantanCultural\",\"https:\/\/www.youtube.com\/channel\/UCb9iwGfNUFnBax2SqznpQYA\"],\"logo\":{\"@type\":\"ImageObject\",\"@id\":\"https:\/\/kavantan.com.br\/2016\/#logo\",\"inLanguage\":\"pt-BR\",\"url\":\"https:\/\/kavantan.com.br\/2016\/wp-content\/uploads\/2016\/09\/Kavantan_319x100.jpg\",\"contentUrl\":\"https:\/\/kavantan.com.br\/2016\/wp-content\/uploads\/2016\/09\/Kavantan_319x100.jpg\",\"width\":319,\"height\":100,\"caption\":\"Kavantan Projetos e Eventos Culturais\"},\"image\":{\"@id\":\"https:\/\/kavantan.com.br\/2016\/#logo\"}},{\"@type\":\"WebSite\",\"@id\":\"https:\/\/kavantan.com.br\/2016\/#website\",\"url\":\"https:\/\/kavantan.com.br\/2016\/\",\"name\":\"Kavantan Projetos e Eventos Culturais\",\"description\":\"\",\"publisher\":{\"@id\":\"https:\/\/kavantan.com.br\/2016\/#organization\"},\"potentialAction\":[{\"@type\":\"SearchAction\",\"target\":{\"@type\":\"EntryPoint\",\"urlTemplate\":\"https:\/\/kavantan.com.br\/2016\/?s={search_term_string}\"},\"query-input\":\"required name=search_term_string\"}],\"inLanguage\":\"pt-BR\"},{\"@type\":\"ImageObject\",\"@id\":\"https:\/\/kavantan.com.br\/2016\/30-anos\/#primaryimage\",\"inLanguage\":\"pt-BR\",\"url\":\"https:\/\/kavantan.com.br\/2016\/wp-content\/uploads\/2016\/09\/aniversario_750x300.jpg\",\"contentUrl\":\"https:\/\/kavantan.com.br\/2016\/wp-content\/uploads\/2016\/09\/aniversario_750x300.jpg\",\"width\":750,\"height\":300},{\"@type\":\"WebPage\",\"@id\":\"https:\/\/kavantan.com.br\/2016\/30-anos\/#webpage\",\"url\":\"https:\/\/kavantan.com.br\/2016\/30-anos\/\",\"name\":\"30 Anos! &ndash; Kavantan Projetos e Eventos Culturais\",\"isPartOf\":{\"@id\":\"https:\/\/kavantan.com.br\/2016\/#website\"},\"primaryImageOfPage\":{\"@id\":\"https:\/\/kavantan.com.br\/2016\/30-anos\/#primaryimage\"},\"datePublished\":\"2016-09-30T14:23:27+00:00\",\"dateModified\":\"2019-10-31T20:47:58+00:00\",\"breadcrumb\":{\"@id\":\"https:\/\/kavantan.com.br\/2016\/30-anos\/#breadcrumb\"},\"inLanguage\":\"pt-BR\",\"potentialAction\":[{\"@type\":\"ReadAction\",\"target\":[\"https:\/\/kavantan.com.br\/2016\/30-anos\/\"]}]},{\"@type\":\"BreadcrumbList\",\"@id\":\"https:\/\/kavantan.com.br\/2016\/30-anos\/#breadcrumb\",\"itemListElement\":[{\"@type\":\"ListItem\",\"position\":1,\"name\":\"In\u00edcio\",\"item\":\"https:\/\/kavantan.com.br\/2016\/\"},{\"@type\":\"ListItem\",\"position\":2,\"name\":\"30 Anos!\"}]}]}<\/script>\n<!-- \/ Yoast SEO plugin. -->","yoast_head_json":{"title":"30 Anos! &ndash; Kavantan Projetos e Eventos Culturais","robots":{"index":"index","follow":"follow","max-snippet":"max-snippet:-1","max-image-preview":"max-image-preview:large","max-video-preview":"max-video-preview:-1"},"canonical":"https:\/\/kavantan.com.br\/2016\/30-anos\/","og_locale":"pt_BR","og_type":"article","og_title":"30 Anos! &ndash; Kavantan Projetos e Eventos Culturais","og_description":"No programa da primeira produ\u00e7\u00e3o teatral da Kavantan, RINOCERONTE, escrevemos: \u201cO Brasil [&hellip;]","og_url":"https:\/\/kavantan.com.br\/2016\/30-anos\/","og_site_name":"Kavantan Projetos e Eventos Culturais","article_publisher":"https:\/\/www.facebook.com\/KavantanCultural\/","article_modified_time":"2019-10-31T20:47:58+00:00","og_image":[{"width":750,"height":300,"url":"https:\/\/kavantan.com.br\/2016\/wp-content\/uploads\/2016\/09\/aniversario_750x300.jpg","type":"image\/jpeg"}],"twitter_card":"summary","twitter_misc":{"Est. tempo de leitura":"2 minutos"},"schema":{"@context":"https:\/\/schema.org","@graph":[{"@type":"Organization","@id":"https:\/\/kavantan.com.br\/2016\/#organization","name":"Kavantan Projetos e Eventos Culturais","url":"https:\/\/kavantan.com.br\/2016\/","sameAs":["https:\/\/www.facebook.com\/KavantanCultural\/","http:\/\/instagram.com\/KavantanCultural","https:\/\/www.youtube.com\/channel\/UCb9iwGfNUFnBax2SqznpQYA"],"logo":{"@type":"ImageObject","@id":"https:\/\/kavantan.com.br\/2016\/#logo","inLanguage":"pt-BR","url":"https:\/\/kavantan.com.br\/2016\/wp-content\/uploads\/2016\/09\/Kavantan_319x100.jpg","contentUrl":"https:\/\/kavantan.com.br\/2016\/wp-content\/uploads\/2016\/09\/Kavantan_319x100.jpg","width":319,"height":100,"caption":"Kavantan Projetos e Eventos Culturais"},"image":{"@id":"https:\/\/kavantan.com.br\/2016\/#logo"}},{"@type":"WebSite","@id":"https:\/\/kavantan.com.br\/2016\/#website","url":"https:\/\/kavantan.com.br\/2016\/","name":"Kavantan Projetos e Eventos Culturais","description":"","publisher":{"@id":"https:\/\/kavantan.com.br\/2016\/#organization"},"potentialAction":[{"@type":"SearchAction","target":{"@type":"EntryPoint","urlTemplate":"https:\/\/kavantan.com.br\/2016\/?s={search_term_string}"},"query-input":"required name=search_term_string"}],"inLanguage":"pt-BR"},{"@type":"ImageObject","@id":"https:\/\/kavantan.com.br\/2016\/30-anos\/#primaryimage","inLanguage":"pt-BR","url":"https:\/\/kavantan.com.br\/2016\/wp-content\/uploads\/2016\/09\/aniversario_750x300.jpg","contentUrl":"https:\/\/kavantan.com.br\/2016\/wp-content\/uploads\/2016\/09\/aniversario_750x300.jpg","width":750,"height":300},{"@type":"WebPage","@id":"https:\/\/kavantan.com.br\/2016\/30-anos\/#webpage","url":"https:\/\/kavantan.com.br\/2016\/30-anos\/","name":"30 Anos! &ndash; Kavantan Projetos e Eventos Culturais","isPartOf":{"@id":"https:\/\/kavantan.com.br\/2016\/#website"},"primaryImageOfPage":{"@id":"https:\/\/kavantan.com.br\/2016\/30-anos\/#primaryimage"},"datePublished":"2016-09-30T14:23:27+00:00","dateModified":"2019-10-31T20:47:58+00:00","breadcrumb":{"@id":"https:\/\/kavantan.com.br\/2016\/30-anos\/#breadcrumb"},"inLanguage":"pt-BR","potentialAction":[{"@type":"ReadAction","target":["https:\/\/kavantan.com.br\/2016\/30-anos\/"]}]},{"@type":"BreadcrumbList","@id":"https:\/\/kavantan.com.br\/2016\/30-anos\/#breadcrumb","itemListElement":[{"@type":"ListItem","position":1,"name":"In\u00edcio","item":"https:\/\/kavantan.com.br\/2016\/"},{"@type":"ListItem","position":2,"name":"30 Anos!"}]}]}},"_links":{"self":[{"href":"https:\/\/kavantan.com.br\/2016\/wp-json\/wp\/v2\/pages\/31","targetHints":{"allow":["GET"]}}],"collection":[{"href":"https:\/\/kavantan.com.br\/2016\/wp-json\/wp\/v2\/pages"}],"about":[{"href":"https:\/\/kavantan.com.br\/2016\/wp-json\/wp\/v2\/types\/page"}],"author":[{"embeddable":true,"href":"https:\/\/kavantan.com.br\/2016\/wp-json\/wp\/v2\/users\/1"}],"replies":[{"embeddable":true,"href":"https:\/\/kavantan.com.br\/2016\/wp-json\/wp\/v2\/comments?post=31"}],"version-history":[{"count":11,"href":"https:\/\/kavantan.com.br\/2016\/wp-json\/wp\/v2\/pages\/31\/revisions"}],"predecessor-version":[{"id":919,"href":"https:\/\/kavantan.com.br\/2016\/wp-json\/wp\/v2\/pages\/31\/revisions\/919"}],"wp:featuredmedia":[{"embeddable":true,"href":"https:\/\/kavantan.com.br\/2016\/wp-json\/wp\/v2\/media\/32"}],"wp:attachment":[{"href":"https:\/\/kavantan.com.br\/2016\/wp-json\/wp\/v2\/media?parent=31"}],"curies":[{"name":"wp","href":"https:\/\/api.w.org\/{rel}","templated":true}]}}