
{"id":287,"date":"2016-10-05T12:30:11","date_gmt":"2016-10-05T15:30:11","guid":{"rendered":"http:\/\/kavantan.com.br\/2016\/?page_id=287"},"modified":"2020-01-30T18:53:17","modified_gmt":"2020-01-30T21:53:17","slug":"arte-na-comunidade-4","status":"publish","type":"page","link":"https:\/\/kavantan.com.br\/2016\/projetos\/realizacoes\/arte-na-comunidade-inicio\/arte-na-comunidade-4\/","title":{"rendered":"Arte na Comunidade 4"},"content":{"rendered":"\t\t<div data-elementor-type=\"wp-page\" data-elementor-id=\"287\" class=\"elementor elementor-287\" data-elementor-settings=\"[]\">\n\t\t\t\t\t\t<div class=\"elementor-inner\">\n\t\t\t\t\t\t\t<div class=\"elementor-section-wrap\">\n\t\t\t\t\t\t\t<section class=\"elementor-section elementor-top-section elementor-element elementor-element-741e5f62 elementor-section-boxed elementor-section-height-default elementor-section-height-default\" data-id=\"741e5f62\" data-element_type=\"section\">\n\t\t\t\t\t\t<div class=\"elementor-container elementor-column-gap-default\">\n\t\t\t\t\t\t\t<div class=\"elementor-row\">\n\t\t\t\t\t<div class=\"elementor-column elementor-col-100 elementor-top-column elementor-element elementor-element-6f92a634\" data-id=\"6f92a634\" data-element_type=\"column\">\n\t\t\t<div class=\"elementor-column-wrap elementor-element-populated\">\n\t\t\t\t\t\t\t<div class=\"elementor-widget-wrap\">\n\t\t\t\t\t\t<div class=\"elementor-element elementor-element-b119221 elementor-widget elementor-widget-heading\" data-id=\"b119221\" data-element_type=\"widget\" data-widget_type=\"heading.default\">\n\t\t\t\t<div class=\"elementor-widget-container\">\n\t\t\t<h2 class=\"elementor-heading-title elementor-size-default\">Arte na Comunidade 4<\/h2>\t\t<\/div>\n\t\t\t\t<\/div>\n\t\t\t\t<div class=\"elementor-element elementor-element-4179077 elementor-widget elementor-widget-text-editor\" data-id=\"4179077\" data-element_type=\"widget\" data-widget_type=\"text-editor.default\">\n\t\t\t\t<div class=\"elementor-widget-container\">\n\t\t\t\t\t\t\t\t<div class=\"elementor-text-editor elementor-clearfix\">\n\t\t\t\t<p><img loading=\"lazy\" decoding=\"async\" class=\"aligncenter size-full wp-image-351\" src=\"http:\/\/kavantan.com.br\/2016\/wp-content\/uploads\/2016\/10\/arte-na-comunidade_1400x400.jpg\" alt=\"arte-na-comunidade_1400x400\" width=\"1400\" height=\"400\" srcset=\"https:\/\/kavantan.com.br\/2016\/wp-content\/uploads\/2016\/10\/arte-na-comunidade_1400x400.jpg 1400w, https:\/\/kavantan.com.br\/2016\/wp-content\/uploads\/2016\/10\/arte-na-comunidade_1400x400-300x86.jpg 300w, https:\/\/kavantan.com.br\/2016\/wp-content\/uploads\/2016\/10\/arte-na-comunidade_1400x400-768x219.jpg 768w, https:\/\/kavantan.com.br\/2016\/wp-content\/uploads\/2016\/10\/arte-na-comunidade_1400x400-1024x293.jpg 1024w\" sizes=\"auto, (max-width: 1400px) 100vw, 1400px\" \/><\/p><p>O Vale do Para\u00edba recebeu a quarta edi\u00e7\u00e3o do projeto\u00a0<strong>Arte na Comunidade<\/strong>, que\u00a0leva arte e lazer por meio do teatro e, principalmente, da conta\u00e7\u00e3o de hist\u00f3rias. As cidades paulistanas de Cruzeiro, Lavrinhas e Queluz foram o palco para a cria\u00e7\u00e3o, a partir do levantamento das hist\u00f3rias locais dos tr\u00eas munic\u00edpios, e a produ\u00e7\u00e3o de quatro espet\u00e1culos teatrais (narra\u00e7\u00e3o de hist\u00f3ria).<\/p><p>As atividades do projeto ainda envolveram\u00a0a realiza\u00e7\u00e3o de um evento de abertura em cada cidade, a conta\u00e7\u00e3o de hist\u00f3rias em escolas prioritariamente p\u00fablicas e\u00a0a realiza\u00e7\u00e3o de uma Mostra Teatral itinerante &#8211; evento gratuito e aberto ao p\u00fablico.<\/p><p>A escolha dessas\u00a0cidades do Vale do Para\u00edba se deu pela descaracteriza\u00e7\u00e3o da regi\u00e3o, principalmente pelo crescimento vertiginoso de algumas das cidades, em detrimento de outras. Sua cultura tradicional passa por uma situa\u00e7\u00e3o de muito abandono e quase \u201cdestrui\u00e7\u00e3o\u201d, juntamente com transforma\u00e7\u00f5es ambientais desordenadas. O projeto foi realizado em escolas urbanas e rurais, definidas em conjunto com as secretarias de educa\u00e7\u00e3o de cada munic\u00edpio. O contato com a atividade teatral nestes locais \u00e9 raro e o processo de globaliza\u00e7\u00e3o faz com que as manifesta\u00e7\u00f5es culturais locais, especialmente as hist\u00f3rias transmitidas oralmente de gera\u00e7\u00e3o a gera\u00e7\u00e3o, venham se perdendo.<\/p><p style=\"text-align: center;\"><strong>Fotos do projeto<\/strong> (Cr\u00e9ditos:\u00a0Monique Oliveira e Ingrid Oliveira)<\/p><p><!-- Rendered by FancyBox without labels BEGIN -->\n\n\t<style type=\"text\/css\">\n\t\t\t\t\t#gallery-0 {\n\t\t\t\t\t\tmargin: auto;\n\t\t\t\t\t}\n\t\t\t\t\t#gallery-0 .gallery-item {\n\t\t\t\t\t\tfloat: left;\n\t\t\t\t\t\tmargin-top: 10px;\n\t\t\t\t\t\ttext-align: center;\n\t\t\t\t\t\twidth: 24%;\n\t\t\t\t\t}\n\t\t\t\t\t#gallery-0 img {\n\t\t\t\t\t\tborder: 2px solid #cfcfcf;\n\t\t\t\t\t}\n\t\t\t\t\t#gallery-0 .gallery-caption {\n\t\t\t\t\t\tmargin-left: 0;\n\t\t\t\t\t}\n\t<\/style>\n<script type=\"text\/javascript\">\n$(document).ready(function() {\n\t\/*\n\t *  Simple image gallery. Uses default settings\n\t *\/\n\n\t$(\".fancybox\").fancybox({\n\t\t\"transitionIn\"\t\t: \"none\",\n\t\t\"transitionOut\"\t\t: \"none\",\n\t\t\"titlePosition\" \t: \"over\"\n\n\t});\n});\n<\/script>\n\n\t<div id=\"gallery-0\" class=\"gallery galleryid-0 gallery-size-thumbnail\" style=\"\"><dl class=\"gallery-item\"><dt class=\"gallery-icon\">\n\t\t<a class=\"fancybox\" href=\"https:\/\/kavantan.com.br\/2016\/wp-content\/uploads\/2016\/10\/arte-na-comunidade-4_001.jpg\" rel=\"gallery-0\"><img loading=\"lazy\" decoding=\"async\" width=\"150\" height=\"150\" class=\"attachment-thumbnail\" alt=\"\" src=\"https:\/\/kavantan.com.br\/2016\/wp-content\/uploads\/2016\/10\/arte-na-comunidade-4_001-150x150.jpg\" \/><\/a><\/dt><\/dl>\n\n<dl class=\"gallery-item\"><dt class=\"gallery-icon\">\n\t\t<a class=\"fancybox\" href=\"https:\/\/kavantan.com.br\/2016\/wp-content\/uploads\/2016\/10\/arte-na-comunidade-4_002.jpg\" rel=\"gallery-0\"><img loading=\"lazy\" decoding=\"async\" width=\"150\" height=\"150\" class=\"attachment-thumbnail\" alt=\"\" src=\"https:\/\/kavantan.com.br\/2016\/wp-content\/uploads\/2016\/10\/arte-na-comunidade-4_002-150x150.jpg\" \/><\/a><\/dt><\/dl>\n\n<dl class=\"gallery-item\"><dt class=\"gallery-icon\">\n\t\t<a class=\"fancybox\" href=\"https:\/\/kavantan.com.br\/2016\/wp-content\/uploads\/2016\/10\/arte-na-comunidade-4_003.jpg\" rel=\"gallery-0\"><img loading=\"lazy\" decoding=\"async\" width=\"150\" height=\"150\" class=\"attachment-thumbnail\" alt=\"\" src=\"https:\/\/kavantan.com.br\/2016\/wp-content\/uploads\/2016\/10\/arte-na-comunidade-4_003-150x150.jpg\" \/><\/a><\/dt><\/dl>\n\n<dl class=\"gallery-item\"><dt class=\"gallery-icon\">\n\t\t<a class=\"fancybox\" href=\"https:\/\/kavantan.com.br\/2016\/wp-content\/uploads\/2016\/10\/arte-na-comunidade-4_005.jpg\" rel=\"gallery-0\"><img loading=\"lazy\" decoding=\"async\" width=\"150\" height=\"150\" class=\"attachment-thumbnail\" alt=\"\" src=\"https:\/\/kavantan.com.br\/2016\/wp-content\/uploads\/2016\/10\/arte-na-comunidade-4_005-150x150.jpg\" \/><\/a><\/dt><\/dl>\n\n<dl class=\"gallery-item\"><dt class=\"gallery-icon\">\n\t\t<a class=\"fancybox\" href=\"https:\/\/kavantan.com.br\/2016\/wp-content\/uploads\/2016\/10\/arte-na-comunidade-4_006.jpg\" rel=\"gallery-0\"><img loading=\"lazy\" decoding=\"async\" width=\"150\" height=\"150\" class=\"attachment-thumbnail\" alt=\"\" src=\"https:\/\/kavantan.com.br\/2016\/wp-content\/uploads\/2016\/10\/arte-na-comunidade-4_006-150x150.jpg\" \/><\/a><\/dt><\/dl>\n\n<dl class=\"gallery-item\"><dt class=\"gallery-icon\">\n\t\t<a class=\"fancybox\" href=\"https:\/\/kavantan.com.br\/2016\/wp-content\/uploads\/2016\/10\/arte-na-comunidade-4_007.jpg\" rel=\"gallery-0\"><img loading=\"lazy\" decoding=\"async\" width=\"150\" height=\"150\" class=\"attachment-thumbnail\" alt=\"\" src=\"https:\/\/kavantan.com.br\/2016\/wp-content\/uploads\/2016\/10\/arte-na-comunidade-4_007-150x150.jpg\" \/><\/a><\/dt><\/dl>\n\n<dl class=\"gallery-item\"><dt class=\"gallery-icon\">\n\t\t<a class=\"fancybox\" href=\"https:\/\/kavantan.com.br\/2016\/wp-content\/uploads\/2016\/10\/arte-na-comunidade-4_008.jpg\" rel=\"gallery-0\"><img loading=\"lazy\" decoding=\"async\" width=\"150\" height=\"150\" class=\"attachment-thumbnail\" alt=\"\" src=\"https:\/\/kavantan.com.br\/2016\/wp-content\/uploads\/2016\/10\/arte-na-comunidade-4_008-150x150.jpg\" \/><\/a><\/dt><\/dl>\n\n<dl class=\"gallery-item\"><dt class=\"gallery-icon\">\n\t\t<a class=\"fancybox\" href=\"https:\/\/kavantan.com.br\/2016\/wp-content\/uploads\/2016\/10\/arte-na-comunidade-4_009.jpg\" rel=\"gallery-0\"><img loading=\"lazy\" decoding=\"async\" width=\"150\" height=\"150\" class=\"attachment-thumbnail\" alt=\"\" src=\"https:\/\/kavantan.com.br\/2016\/wp-content\/uploads\/2016\/10\/arte-na-comunidade-4_009-150x150.jpg\" \/><\/a><\/dt><\/dl>\n\n<dl class=\"gallery-item\"><dt class=\"gallery-icon\">\n\t\t<a class=\"fancybox\" href=\"https:\/\/kavantan.com.br\/2016\/wp-content\/uploads\/2016\/10\/arte-na-comunidade-4_010.jpg\" rel=\"gallery-0\"><img loading=\"lazy\" decoding=\"async\" width=\"150\" height=\"150\" class=\"attachment-thumbnail\" alt=\"\" src=\"https:\/\/kavantan.com.br\/2016\/wp-content\/uploads\/2016\/10\/arte-na-comunidade-4_010-150x150.jpg\" \/><\/a><\/dt><\/dl>\n\n<dl class=\"gallery-item\"><dt class=\"gallery-icon\">\n\t\t<a class=\"fancybox\" href=\"https:\/\/kavantan.com.br\/2016\/wp-content\/uploads\/2016\/10\/arte-na-comunidade-4_011.jpg\" rel=\"gallery-0\"><img loading=\"lazy\" decoding=\"async\" width=\"150\" height=\"150\" class=\"attachment-thumbnail\" alt=\"\" src=\"https:\/\/kavantan.com.br\/2016\/wp-content\/uploads\/2016\/10\/arte-na-comunidade-4_011-150x150.jpg\" \/><\/a><\/dt><\/dl>\n\n<dl class=\"gallery-item\"><dt class=\"gallery-icon\">\n\t\t<a class=\"fancybox\" href=\"https:\/\/kavantan.com.br\/2016\/wp-content\/uploads\/2016\/10\/arte-na-comunidade-4_012.jpg\" rel=\"gallery-0\"><img loading=\"lazy\" decoding=\"async\" width=\"150\" height=\"150\" class=\"attachment-thumbnail\" alt=\"\" src=\"https:\/\/kavantan.com.br\/2016\/wp-content\/uploads\/2016\/10\/arte-na-comunidade-4_012-150x150.jpg\" \/><\/a><\/dt><\/dl>\n\n<dl class=\"gallery-item\"><dt class=\"gallery-icon\">\n\t\t<a class=\"fancybox\" href=\"https:\/\/kavantan.com.br\/2016\/wp-content\/uploads\/2016\/10\/arte-na-comunidade-4_013.jpg\" rel=\"gallery-0\"><img loading=\"lazy\" decoding=\"async\" width=\"150\" height=\"150\" class=\"attachment-thumbnail\" alt=\"\" src=\"https:\/\/kavantan.com.br\/2016\/wp-content\/uploads\/2016\/10\/arte-na-comunidade-4_013-150x150.jpg\" \/><\/a><\/dt><\/dl>\n\n<dl class=\"gallery-item\"><dt class=\"gallery-icon\">\n\t\t<a class=\"fancybox\" href=\"https:\/\/kavantan.com.br\/2016\/wp-content\/uploads\/2016\/10\/arte-na-comunidade-4_014.jpg\" rel=\"gallery-0\"><img loading=\"lazy\" decoding=\"async\" width=\"150\" height=\"150\" class=\"attachment-thumbnail\" alt=\"\" src=\"https:\/\/kavantan.com.br\/2016\/wp-content\/uploads\/2016\/10\/arte-na-comunidade-4_014-150x150.jpg\" \/><\/a><\/dt><\/dl>\n\n<dl class=\"gallery-item\"><dt class=\"gallery-icon\">\n\t\t<a class=\"fancybox\" href=\"https:\/\/kavantan.com.br\/2016\/wp-content\/uploads\/2016\/10\/arte-na-comunidade-4_015.jpg\" rel=\"gallery-0\"><img loading=\"lazy\" decoding=\"async\" width=\"150\" height=\"150\" class=\"attachment-thumbnail\" alt=\"\" src=\"https:\/\/kavantan.com.br\/2016\/wp-content\/uploads\/2016\/10\/arte-na-comunidade-4_015-150x150.jpg\" \/><\/a><\/dt><\/dl>\n\n<dl class=\"gallery-item\"><dt class=\"gallery-icon\">\n\t\t<a class=\"fancybox\" href=\"https:\/\/kavantan.com.br\/2016\/wp-content\/uploads\/2016\/10\/arte-na-comunidade-4_016.jpg\" rel=\"gallery-0\"><img loading=\"lazy\" decoding=\"async\" width=\"150\" height=\"150\" class=\"attachment-thumbnail\" alt=\"\" src=\"https:\/\/kavantan.com.br\/2016\/wp-content\/uploads\/2016\/10\/arte-na-comunidade-4_016-150x150.jpg\" \/><\/a><\/dt><\/dl>\n\n<dl class=\"gallery-item\"><dt class=\"gallery-icon\">\n\t\t<a class=\"fancybox\" href=\"https:\/\/kavantan.com.br\/2016\/wp-content\/uploads\/2016\/10\/arte-na-comunidade-4_017.jpg\" rel=\"gallery-0\"><img loading=\"lazy\" decoding=\"async\" width=\"150\" height=\"150\" class=\"attachment-thumbnail\" alt=\"\" src=\"https:\/\/kavantan.com.br\/2016\/wp-content\/uploads\/2016\/10\/arte-na-comunidade-4_017-150x150.jpg\" \/><\/a><\/dt><\/dl>\n\n<\/div><br clear=\"all\" \/><!-- Rendered by FancyBox without labels END -->\n<\/p><p><strong>FICHA T\u00c9CNICA:<br \/><\/strong><br \/><strong>Dramaturgia e dire\u00e7\u00e3o<\/strong>: Valdo Resende<br \/><strong>Elenco<\/strong>: Conrado Sardinha, Luciana Fonseca e Rodolfo Oliveira<br \/><strong>Assist\u00eancia de dire\u00e7\u00e3o<\/strong>: J\u00falio Fonseca<br \/><strong>Composi\u00e7\u00e3o, arranjos e dire\u00e7\u00e3o musical<\/strong>: Fl\u00e1vio Monteiro<br \/><strong>Cen\u00e1rios e adere\u00e7os<\/strong>: Carol Badra e Valdo Resende<br \/><strong>Figurino<\/strong>: Carol Badra<br \/><strong>Curadoria da Mostra Teatral<\/strong>: Leonardo Cortez<br \/><strong>Fotos e v\u00eddeos<\/strong>: Monique Oliveira e Ingrid Oliveira<br \/><strong>Design gr\u00e1fico<\/strong>: Fernando Moser<br \/><strong>Assessoria de imprensa<\/strong>: Thiago Zappa<br \/><strong>M\u00eddias sociais<\/strong>: Gustavo Lenon Fonseca<br \/><strong>Idealiza\u00e7\u00e3o<\/strong>: Sonia Kavantan<br \/><strong>Produ\u00e7\u00e3o<\/strong>: Filipe Brambilla, J\u00falio Fonseca e Lilian Takara<br \/><strong>Administrativo<\/strong>: Milka Master<br \/><strong>Patroc\u00ednio<\/strong>: Alupar e Taesa &#8211;\u00a0Minist\u00e9rio da Cultura \/ Lei Rouanet<br \/><strong>Apoio cultural<\/strong>: Usinas Queluz e Lavrinhas<\/p>\t\t\t\t\t<\/div>\n\t\t\t\t\t\t<\/div>\n\t\t\t\t<\/div>\n\t\t\t\t\t\t<\/div>\n\t\t\t\t\t<\/div>\n\t\t<\/div>\n\t\t\t\t\t\t\t\t<\/div>\n\t\t\t\t\t<\/div>\n\t\t<\/section>\n\t\t\t\t\t\t<\/div>\n\t\t\t\t\t\t<\/div>\n\t\t\t\t\t<\/div>\n\t\t","protected":false},"excerpt":{"rendered":"<p>Arte na Comunidade 4 O Vale do Para\u00edba recebeu a quarta edi\u00e7\u00e3o [&hellip;]<\/p>\n","protected":false},"author":1,"featured_media":0,"parent":240,"menu_order":0,"comment_status":"closed","ping_status":"closed","template":"elementor_header_footer","meta":{"_monsterinsights_skip_tracking":false,"_monsterinsights_sitenote_active":false,"_monsterinsights_sitenote_note":"","_monsterinsights_sitenote_category":0,"spay_email":"","footnotes":""},"class_list":["post-287","page","type-page","status-publish","hentry"],"yoast_head":"<!-- This site is optimized with the Yoast SEO plugin v18.0 - https:\/\/yoast.com\/wordpress\/plugins\/seo\/ -->\n<title>Kavantan Projetos e Eventos Culturais &ndash; Arte na Comunidade 4<\/title>\n<meta name=\"description\" content=\"Em sua quarta edi\u00e7\u00e3o, o projeto Arte na Comunidade levou arte e lazer para o Vale do Ribeira, nas cidades de Cruzeiro, Lavrinhas e Queluz.\" \/>\n<meta name=\"robots\" content=\"index, follow, max-snippet:-1, max-image-preview:large, max-video-preview:-1\" \/>\n<link rel=\"canonical\" href=\"https:\/\/kavantan.com.br\/2016\/projetos\/realizacoes\/arte-na-comunidade-inicio\/arte-na-comunidade-4\/\" \/>\n<meta property=\"og:locale\" content=\"pt_BR\" \/>\n<meta property=\"og:type\" content=\"article\" \/>\n<meta property=\"og:title\" content=\"Kavantan Projetos e Eventos Culturais &ndash; Arte na Comunidade 4\" \/>\n<meta property=\"og:description\" content=\"Em sua quarta edi\u00e7\u00e3o, o projeto Arte na Comunidade levou arte e lazer para o Vale do Ribeira, nas cidades de Cruzeiro, Lavrinhas e Queluz.\" \/>\n<meta property=\"og:url\" content=\"https:\/\/kavantan.com.br\/2016\/projetos\/realizacoes\/arte-na-comunidade-inicio\/arte-na-comunidade-4\/\" \/>\n<meta property=\"og:site_name\" content=\"Kavantan Projetos e Eventos Culturais\" \/>\n<meta property=\"article:publisher\" content=\"https:\/\/www.facebook.com\/KavantanCultural\/\" \/>\n<meta property=\"article:modified_time\" content=\"2020-01-30T21:53:17+00:00\" \/>\n<meta property=\"og:image\" content=\"https:\/\/kavantan.com.br\/2016\/wp-content\/uploads\/2016\/10\/arte-na-comunidade-4_001-150x150.jpg\" \/>\n<meta name=\"twitter:card\" content=\"summary\" \/>\n<meta name=\"twitter:label1\" content=\"Est. tempo de leitura\" \/>\n\t<meta name=\"twitter:data1\" content=\"2 minutos\" \/>\n<script type=\"application\/ld+json\" class=\"yoast-schema-graph\">{\"@context\":\"https:\/\/schema.org\",\"@graph\":[{\"@type\":\"Organization\",\"@id\":\"https:\/\/kavantan.com.br\/2016\/#organization\",\"name\":\"Kavantan Projetos e Eventos Culturais\",\"url\":\"https:\/\/kavantan.com.br\/2016\/\",\"sameAs\":[\"https:\/\/www.facebook.com\/KavantanCultural\/\",\"http:\/\/instagram.com\/KavantanCultural\",\"https:\/\/www.youtube.com\/channel\/UCb9iwGfNUFnBax2SqznpQYA\"],\"logo\":{\"@type\":\"ImageObject\",\"@id\":\"https:\/\/kavantan.com.br\/2016\/#logo\",\"inLanguage\":\"pt-BR\",\"url\":\"https:\/\/kavantan.com.br\/2016\/wp-content\/uploads\/2016\/09\/Kavantan_319x100.jpg\",\"contentUrl\":\"https:\/\/kavantan.com.br\/2016\/wp-content\/uploads\/2016\/09\/Kavantan_319x100.jpg\",\"width\":319,\"height\":100,\"caption\":\"Kavantan Projetos e Eventos Culturais\"},\"image\":{\"@id\":\"https:\/\/kavantan.com.br\/2016\/#logo\"}},{\"@type\":\"WebSite\",\"@id\":\"https:\/\/kavantan.com.br\/2016\/#website\",\"url\":\"https:\/\/kavantan.com.br\/2016\/\",\"name\":\"Kavantan Projetos e Eventos Culturais\",\"description\":\"\",\"publisher\":{\"@id\":\"https:\/\/kavantan.com.br\/2016\/#organization\"},\"potentialAction\":[{\"@type\":\"SearchAction\",\"target\":{\"@type\":\"EntryPoint\",\"urlTemplate\":\"https:\/\/kavantan.com.br\/2016\/?s={search_term_string}\"},\"query-input\":\"required name=search_term_string\"}],\"inLanguage\":\"pt-BR\"},{\"@type\":\"ImageObject\",\"@id\":\"https:\/\/kavantan.com.br\/2016\/projetos\/realizacoes\/arte-na-comunidade-inicio\/arte-na-comunidade-4\/#primaryimage\",\"inLanguage\":\"pt-BR\",\"url\":\"http:\/\/kavantan.com.br\/2016\/wp-content\/uploads\/2016\/10\/arte-na-comunidade_1400x400.jpg\",\"contentUrl\":\"http:\/\/kavantan.com.br\/2016\/wp-content\/uploads\/2016\/10\/arte-na-comunidade_1400x400.jpg\"},{\"@type\":\"WebPage\",\"@id\":\"https:\/\/kavantan.com.br\/2016\/projetos\/realizacoes\/arte-na-comunidade-inicio\/arte-na-comunidade-4\/#webpage\",\"url\":\"https:\/\/kavantan.com.br\/2016\/projetos\/realizacoes\/arte-na-comunidade-inicio\/arte-na-comunidade-4\/\",\"name\":\"Kavantan Projetos e Eventos Culturais &ndash; Arte na Comunidade 4\",\"isPartOf\":{\"@id\":\"https:\/\/kavantan.com.br\/2016\/#website\"},\"primaryImageOfPage\":{\"@id\":\"https:\/\/kavantan.com.br\/2016\/projetos\/realizacoes\/arte-na-comunidade-inicio\/arte-na-comunidade-4\/#primaryimage\"},\"datePublished\":\"2016-10-05T15:30:11+00:00\",\"dateModified\":\"2020-01-30T21:53:17+00:00\",\"description\":\"Em sua quarta edi\u00e7\u00e3o, o projeto Arte na Comunidade levou arte e lazer para o Vale do Ribeira, nas cidades de Cruzeiro, Lavrinhas e Queluz.\",\"breadcrumb\":{\"@id\":\"https:\/\/kavantan.com.br\/2016\/projetos\/realizacoes\/arte-na-comunidade-inicio\/arte-na-comunidade-4\/#breadcrumb\"},\"inLanguage\":\"pt-BR\",\"potentialAction\":[{\"@type\":\"ReadAction\",\"target\":[\"https:\/\/kavantan.com.br\/2016\/projetos\/realizacoes\/arte-na-comunidade-inicio\/arte-na-comunidade-4\/\"]}]},{\"@type\":\"BreadcrumbList\",\"@id\":\"https:\/\/kavantan.com.br\/2016\/projetos\/realizacoes\/arte-na-comunidade-inicio\/arte-na-comunidade-4\/#breadcrumb\",\"itemListElement\":[{\"@type\":\"ListItem\",\"position\":1,\"name\":\"In\u00edcio\",\"item\":\"https:\/\/kavantan.com.br\/2016\/\"},{\"@type\":\"ListItem\",\"position\":2,\"name\":\"Projetos\",\"item\":\"https:\/\/kavantan.com.br\/2016\/projetos\/\"},{\"@type\":\"ListItem\",\"position\":3,\"name\":\"Realiza\u00e7\u00f5es\",\"item\":\"https:\/\/kavantan.com.br\/2016\/projetos\/realizacoes\/\"},{\"@type\":\"ListItem\",\"position\":4,\"name\":\"Arte na Comunidade\",\"item\":\"https:\/\/kavantan.com.br\/2016\/projetos\/realizacoes\/arte-na-comunidade-inicio\/\"},{\"@type\":\"ListItem\",\"position\":5,\"name\":\"Arte na Comunidade 4\"}]}]}<\/script>\n<!-- \/ Yoast SEO plugin. -->","yoast_head_json":{"title":"Kavantan Projetos e Eventos Culturais &ndash; Arte na Comunidade 4","description":"Em sua quarta edi\u00e7\u00e3o, o projeto Arte na Comunidade levou arte e lazer para o Vale do Ribeira, nas cidades de Cruzeiro, Lavrinhas e Queluz.","robots":{"index":"index","follow":"follow","max-snippet":"max-snippet:-1","max-image-preview":"max-image-preview:large","max-video-preview":"max-video-preview:-1"},"canonical":"https:\/\/kavantan.com.br\/2016\/projetos\/realizacoes\/arte-na-comunidade-inicio\/arte-na-comunidade-4\/","og_locale":"pt_BR","og_type":"article","og_title":"Kavantan Projetos e Eventos Culturais &ndash; Arte na Comunidade 4","og_description":"Em sua quarta edi\u00e7\u00e3o, o projeto Arte na Comunidade levou arte e lazer para o Vale do Ribeira, nas cidades de Cruzeiro, Lavrinhas e Queluz.","og_url":"https:\/\/kavantan.com.br\/2016\/projetos\/realizacoes\/arte-na-comunidade-inicio\/arte-na-comunidade-4\/","og_site_name":"Kavantan Projetos e Eventos Culturais","article_publisher":"https:\/\/www.facebook.com\/KavantanCultural\/","article_modified_time":"2020-01-30T21:53:17+00:00","og_image":[{"url":"https:\/\/kavantan.com.br\/2016\/wp-content\/uploads\/2016\/10\/arte-na-comunidade-4_001-150x150.jpg"}],"twitter_card":"summary","twitter_misc":{"Est. tempo de leitura":"2 minutos"},"schema":{"@context":"https:\/\/schema.org","@graph":[{"@type":"Organization","@id":"https:\/\/kavantan.com.br\/2016\/#organization","name":"Kavantan Projetos e Eventos Culturais","url":"https:\/\/kavantan.com.br\/2016\/","sameAs":["https:\/\/www.facebook.com\/KavantanCultural\/","http:\/\/instagram.com\/KavantanCultural","https:\/\/www.youtube.com\/channel\/UCb9iwGfNUFnBax2SqznpQYA"],"logo":{"@type":"ImageObject","@id":"https:\/\/kavantan.com.br\/2016\/#logo","inLanguage":"pt-BR","url":"https:\/\/kavantan.com.br\/2016\/wp-content\/uploads\/2016\/09\/Kavantan_319x100.jpg","contentUrl":"https:\/\/kavantan.com.br\/2016\/wp-content\/uploads\/2016\/09\/Kavantan_319x100.jpg","width":319,"height":100,"caption":"Kavantan Projetos e Eventos Culturais"},"image":{"@id":"https:\/\/kavantan.com.br\/2016\/#logo"}},{"@type":"WebSite","@id":"https:\/\/kavantan.com.br\/2016\/#website","url":"https:\/\/kavantan.com.br\/2016\/","name":"Kavantan Projetos e Eventos Culturais","description":"","publisher":{"@id":"https:\/\/kavantan.com.br\/2016\/#organization"},"potentialAction":[{"@type":"SearchAction","target":{"@type":"EntryPoint","urlTemplate":"https:\/\/kavantan.com.br\/2016\/?s={search_term_string}"},"query-input":"required name=search_term_string"}],"inLanguage":"pt-BR"},{"@type":"ImageObject","@id":"https:\/\/kavantan.com.br\/2016\/projetos\/realizacoes\/arte-na-comunidade-inicio\/arte-na-comunidade-4\/#primaryimage","inLanguage":"pt-BR","url":"http:\/\/kavantan.com.br\/2016\/wp-content\/uploads\/2016\/10\/arte-na-comunidade_1400x400.jpg","contentUrl":"http:\/\/kavantan.com.br\/2016\/wp-content\/uploads\/2016\/10\/arte-na-comunidade_1400x400.jpg"},{"@type":"WebPage","@id":"https:\/\/kavantan.com.br\/2016\/projetos\/realizacoes\/arte-na-comunidade-inicio\/arte-na-comunidade-4\/#webpage","url":"https:\/\/kavantan.com.br\/2016\/projetos\/realizacoes\/arte-na-comunidade-inicio\/arte-na-comunidade-4\/","name":"Kavantan Projetos e Eventos Culturais &ndash; Arte na Comunidade 4","isPartOf":{"@id":"https:\/\/kavantan.com.br\/2016\/#website"},"primaryImageOfPage":{"@id":"https:\/\/kavantan.com.br\/2016\/projetos\/realizacoes\/arte-na-comunidade-inicio\/arte-na-comunidade-4\/#primaryimage"},"datePublished":"2016-10-05T15:30:11+00:00","dateModified":"2020-01-30T21:53:17+00:00","description":"Em sua quarta edi\u00e7\u00e3o, o projeto Arte na Comunidade levou arte e lazer para o Vale do Ribeira, nas cidades de Cruzeiro, Lavrinhas e Queluz.","breadcrumb":{"@id":"https:\/\/kavantan.com.br\/2016\/projetos\/realizacoes\/arte-na-comunidade-inicio\/arte-na-comunidade-4\/#breadcrumb"},"inLanguage":"pt-BR","potentialAction":[{"@type":"ReadAction","target":["https:\/\/kavantan.com.br\/2016\/projetos\/realizacoes\/arte-na-comunidade-inicio\/arte-na-comunidade-4\/"]}]},{"@type":"BreadcrumbList","@id":"https:\/\/kavantan.com.br\/2016\/projetos\/realizacoes\/arte-na-comunidade-inicio\/arte-na-comunidade-4\/#breadcrumb","itemListElement":[{"@type":"ListItem","position":1,"name":"In\u00edcio","item":"https:\/\/kavantan.com.br\/2016\/"},{"@type":"ListItem","position":2,"name":"Projetos","item":"https:\/\/kavantan.com.br\/2016\/projetos\/"},{"@type":"ListItem","position":3,"name":"Realiza\u00e7\u00f5es","item":"https:\/\/kavantan.com.br\/2016\/projetos\/realizacoes\/"},{"@type":"ListItem","position":4,"name":"Arte na Comunidade","item":"https:\/\/kavantan.com.br\/2016\/projetos\/realizacoes\/arte-na-comunidade-inicio\/"},{"@type":"ListItem","position":5,"name":"Arte na Comunidade 4"}]}]}},"_links":{"self":[{"href":"https:\/\/kavantan.com.br\/2016\/wp-json\/wp\/v2\/pages\/287","targetHints":{"allow":["GET"]}}],"collection":[{"href":"https:\/\/kavantan.com.br\/2016\/wp-json\/wp\/v2\/pages"}],"about":[{"href":"https:\/\/kavantan.com.br\/2016\/wp-json\/wp\/v2\/types\/page"}],"author":[{"embeddable":true,"href":"https:\/\/kavantan.com.br\/2016\/wp-json\/wp\/v2\/users\/1"}],"replies":[{"embeddable":true,"href":"https:\/\/kavantan.com.br\/2016\/wp-json\/wp\/v2\/comments?post=287"}],"version-history":[{"count":5,"href":"https:\/\/kavantan.com.br\/2016\/wp-json\/wp\/v2\/pages\/287\/revisions"}],"predecessor-version":[{"id":1140,"href":"https:\/\/kavantan.com.br\/2016\/wp-json\/wp\/v2\/pages\/287\/revisions\/1140"}],"up":[{"embeddable":true,"href":"https:\/\/kavantan.com.br\/2016\/wp-json\/wp\/v2\/pages\/240"}],"wp:attachment":[{"href":"https:\/\/kavantan.com.br\/2016\/wp-json\/wp\/v2\/media?parent=287"}],"curies":[{"name":"wp","href":"https:\/\/api.w.org\/{rel}","templated":true}]}}