
{"id":267,"date":"2016-10-05T11:59:54","date_gmt":"2016-10-05T14:59:54","guid":{"rendered":"http:\/\/kavantan.com.br\/2016\/?page_id=267"},"modified":"2020-01-30T17:40:19","modified_gmt":"2020-01-30T20:40:19","slug":"arte-na-comunidade-3","status":"publish","type":"page","link":"https:\/\/kavantan.com.br\/2016\/projetos\/realizacoes\/arte-na-comunidade-inicio\/arte-na-comunidade-3\/","title":{"rendered":"Arte na Comunidade 3"},"content":{"rendered":"\t\t<div data-elementor-type=\"wp-page\" data-elementor-id=\"267\" class=\"elementor elementor-267\" data-elementor-settings=\"[]\">\n\t\t\t\t\t\t<div class=\"elementor-inner\">\n\t\t\t\t\t\t\t<div class=\"elementor-section-wrap\">\n\t\t\t\t\t\t\t<section class=\"elementor-section elementor-top-section elementor-element elementor-element-529a48fb elementor-section-boxed elementor-section-height-default elementor-section-height-default\" data-id=\"529a48fb\" data-element_type=\"section\">\n\t\t\t\t\t\t<div class=\"elementor-container elementor-column-gap-default\">\n\t\t\t\t\t\t\t<div class=\"elementor-row\">\n\t\t\t\t\t<div class=\"elementor-column elementor-col-100 elementor-top-column elementor-element elementor-element-1a0b3a57\" data-id=\"1a0b3a57\" data-element_type=\"column\">\n\t\t\t<div class=\"elementor-column-wrap elementor-element-populated\">\n\t\t\t\t\t\t\t<div class=\"elementor-widget-wrap\">\n\t\t\t\t\t\t<div class=\"elementor-element elementor-element-fba6b20 elementor-widget elementor-widget-heading\" data-id=\"fba6b20\" data-element_type=\"widget\" data-widget_type=\"heading.default\">\n\t\t\t\t<div class=\"elementor-widget-container\">\n\t\t\t<h2 class=\"elementor-heading-title elementor-size-default\">Arte na Comunidade 3<\/h2>\t\t<\/div>\n\t\t\t\t<\/div>\n\t\t\t\t<div class=\"elementor-element elementor-element-6d363432 elementor-widget elementor-widget-text-editor\" data-id=\"6d363432\" data-element_type=\"widget\" data-widget_type=\"text-editor.default\">\n\t\t\t\t<div class=\"elementor-widget-container\">\n\t\t\t\t\t\t\t\t<div class=\"elementor-text-editor elementor-clearfix\">\n\t\t\t\t<p><img loading=\"lazy\" decoding=\"async\" class=\"aligncenter size-full wp-image-361\" src=\"http:\/\/kavantan.com.br\/2016\/wp-content\/uploads\/2016\/10\/arte-na-comunidade-3_1400x400.jpg\" alt=\"arte-na-comunidade-3_1400x400\" width=\"1400\" height=\"401\" srcset=\"https:\/\/kavantan.com.br\/2016\/wp-content\/uploads\/2016\/10\/arte-na-comunidade-3_1400x400.jpg 1400w, https:\/\/kavantan.com.br\/2016\/wp-content\/uploads\/2016\/10\/arte-na-comunidade-3_1400x400-300x86.jpg 300w, https:\/\/kavantan.com.br\/2016\/wp-content\/uploads\/2016\/10\/arte-na-comunidade-3_1400x400-768x220.jpg 768w, https:\/\/kavantan.com.br\/2016\/wp-content\/uploads\/2016\/10\/arte-na-comunidade-3_1400x400-1024x293.jpg 1024w\" sizes=\"auto, (max-width: 1400px) 100vw, 1400px\" \/><\/p><p>Em sua terceira edi\u00e7\u00e3o, o projeto\u00a0<strong>Arte na Comunidade<\/strong>\u00a0levou arte e lazer atrav\u00e9s do teatro, principalmente da narrativa de est\u00f3rias, \u00e0s cidades paulistas de Cubat\u00e3o, Guaruj\u00e1, Praia Grande, Santos e S\u00e3o Vicente. Al\u00e9m disso\u00a0incentivou\u00a0o resgate cultural, atrav\u00e9s do levantamento da origem de cada um dos munic\u00edpios e de sua popula\u00e7\u00e3o, bem como das hist\u00f3rias tradicionais para a transmiss\u00e3o \u00e0s novas gera\u00e7\u00f5es.<\/p><p>O projeto contou com um\u00a0evento de abertura em cada cidade, em pra\u00e7a p\u00fablica, gratuito e aberto \u00e0 popula\u00e7\u00e3o, no qual foram\u00a0apresentados os espet\u00e1culos criados para o mesmo, al\u00e9m de atividades de incentivo \u00e0 leitura como, por exemplo, a leitura compartilhada. Para essa a\u00e7\u00e3o foram\u00a0adquiridos livros com conte\u00fado pertinente ao projeto, que, ao final, foram\u00a0doados \u00e0s escolas municipais participantes.\u00a0O encerramento do projeto, com uma Mostra Teatral Itinerante, circulou pelas cinco cidades.<\/p><p>A escolha dos munic\u00edpios participantes desta edi\u00e7\u00e3o levou em conta a\u00a0descaracteriza\u00e7\u00e3o da regi\u00e3o, tanto pela valoriza\u00e7\u00e3o imobili\u00e1ria da orla, como com a destrui\u00e7\u00e3o da Serra do Mar que se d\u00e1 pela implanta\u00e7\u00e3o desordenada dos empreendimentos industriais e pela migra\u00e7\u00e3o da popula\u00e7\u00e3o de menor renda da orla para o interior das cidades, chegando \u00e0 regi\u00e3o da mata.<\/p><p>O projeto foi realizado em escolas localizadas em bairros perif\u00e9ricos que, definidos em conjunto com as secretarias de educa\u00e7\u00e3o de cada munic\u00edpio. O contato com a atividade teatral nestes locais \u00e9 raro e o processo de globaliza\u00e7\u00e3o faz com que as manifesta\u00e7\u00f5es culturais locais, especialmente as hist\u00f3rias transmitidas oralmente de gera\u00e7\u00e3o a gera\u00e7\u00e3o, venham se perdendo. Sendo assim, oferecer op\u00e7\u00f5es de consumo cultural gratuito aliado a conte\u00fados de import\u00e2ncia para as comunidades em quest\u00e3o \u00e9 fundamental.<\/p><p style=\"text-align: center;\"><strong>Fotos do Projeto\u00a0<\/strong>(Cr\u00e9ditos:\u00a0Bruna Quevedo e Rodiney Assun\u00e7\u00e3o)<\/p><p><!-- Rendered by FancyBox without labels BEGIN -->\n\n\t<style type=\"text\/css\">\n\t\t\t\t\t#gallery-0 {\n\t\t\t\t\t\tmargin: auto;\n\t\t\t\t\t}\n\t\t\t\t\t#gallery-0 .gallery-item {\n\t\t\t\t\t\tfloat: left;\n\t\t\t\t\t\tmargin-top: 10px;\n\t\t\t\t\t\ttext-align: center;\n\t\t\t\t\t\twidth: 24%;\n\t\t\t\t\t}\n\t\t\t\t\t#gallery-0 img {\n\t\t\t\t\t\tborder: 2px solid #cfcfcf;\n\t\t\t\t\t}\n\t\t\t\t\t#gallery-0 .gallery-caption {\n\t\t\t\t\t\tmargin-left: 0;\n\t\t\t\t\t}\n\t<\/style>\n<script type=\"text\/javascript\">\n$(document).ready(function() {\n\t\/*\n\t *  Simple image gallery. Uses default settings\n\t *\/\n\n\t$(\".fancybox\").fancybox({\n\t\t\"transitionIn\"\t\t: \"none\",\n\t\t\"transitionOut\"\t\t: \"none\",\n\t\t\"titlePosition\" \t: \"over\"\n\n\t});\n});\n<\/script>\n\n\t<div id=\"gallery-0\" class=\"gallery galleryid-0 gallery-size-thumbnail\" style=\"\"><dl class=\"gallery-item\"><dt class=\"gallery-icon\">\n\t\t<a class=\"fancybox\" href=\"https:\/\/kavantan.com.br\/2016\/wp-content\/uploads\/2016\/10\/arte-na-comunidade-3_006.jpg\" rel=\"gallery-0\"><img loading=\"lazy\" decoding=\"async\" width=\"150\" height=\"150\" class=\"attachment-thumbnail\" alt=\"\" src=\"https:\/\/kavantan.com.br\/2016\/wp-content\/uploads\/2016\/10\/arte-na-comunidade-3_006-150x150.jpg\" \/><\/a><\/dt><\/dl>\n\n<dl class=\"gallery-item\"><dt class=\"gallery-icon\">\n\t\t<a class=\"fancybox\" href=\"https:\/\/kavantan.com.br\/2016\/wp-content\/uploads\/2016\/10\/arte-na-comunidade-3_007.jpg\" rel=\"gallery-0\"><img loading=\"lazy\" decoding=\"async\" width=\"150\" height=\"150\" class=\"attachment-thumbnail\" alt=\"\" src=\"https:\/\/kavantan.com.br\/2016\/wp-content\/uploads\/2016\/10\/arte-na-comunidade-3_007-150x150.jpg\" \/><\/a><\/dt><\/dl>\n\n<dl class=\"gallery-item\"><dt class=\"gallery-icon\">\n\t\t<a class=\"fancybox\" href=\"https:\/\/kavantan.com.br\/2016\/wp-content\/uploads\/2016\/10\/arte-na-comunidade-3_008.jpg\" rel=\"gallery-0\"><img loading=\"lazy\" decoding=\"async\" width=\"150\" height=\"150\" class=\"attachment-thumbnail\" alt=\"\" src=\"https:\/\/kavantan.com.br\/2016\/wp-content\/uploads\/2016\/10\/arte-na-comunidade-3_008-150x150.jpg\" \/><\/a><\/dt><\/dl>\n\n<dl class=\"gallery-item\"><dt class=\"gallery-icon\">\n\t\t<a class=\"fancybox\" href=\"https:\/\/kavantan.com.br\/2016\/wp-content\/uploads\/2016\/10\/arte-na-comunidade-3_009.jpg\" rel=\"gallery-0\"><img loading=\"lazy\" decoding=\"async\" width=\"150\" height=\"150\" class=\"attachment-thumbnail\" alt=\"\" src=\"https:\/\/kavantan.com.br\/2016\/wp-content\/uploads\/2016\/10\/arte-na-comunidade-3_009-150x150.jpg\" \/><\/a><\/dt><\/dl>\n\n<dl class=\"gallery-item\"><dt class=\"gallery-icon\">\n\t\t<a class=\"fancybox\" href=\"https:\/\/kavantan.com.br\/2016\/wp-content\/uploads\/2016\/10\/arte-na-comunidade-3_010.jpg\" rel=\"gallery-0\"><img loading=\"lazy\" decoding=\"async\" width=\"150\" height=\"150\" class=\"attachment-thumbnail\" alt=\"\" src=\"https:\/\/kavantan.com.br\/2016\/wp-content\/uploads\/2016\/10\/arte-na-comunidade-3_010-150x150.jpg\" \/><\/a><\/dt><\/dl>\n\n<dl class=\"gallery-item\"><dt class=\"gallery-icon\">\n\t\t<a class=\"fancybox\" href=\"https:\/\/kavantan.com.br\/2016\/wp-content\/uploads\/2016\/10\/arte-na-comunidade-3_011.jpg\" rel=\"gallery-0\"><img loading=\"lazy\" decoding=\"async\" width=\"150\" height=\"150\" class=\"attachment-thumbnail\" alt=\"\" src=\"https:\/\/kavantan.com.br\/2016\/wp-content\/uploads\/2016\/10\/arte-na-comunidade-3_011-150x150.jpg\" \/><\/a><\/dt><\/dl>\n\n<dl class=\"gallery-item\"><dt class=\"gallery-icon\">\n\t\t<a class=\"fancybox\" href=\"https:\/\/kavantan.com.br\/2016\/wp-content\/uploads\/2016\/10\/arte-na-comunidade-3_012.jpg\" rel=\"gallery-0\"><img loading=\"lazy\" decoding=\"async\" width=\"150\" height=\"150\" class=\"attachment-thumbnail\" alt=\"\" src=\"https:\/\/kavantan.com.br\/2016\/wp-content\/uploads\/2016\/10\/arte-na-comunidade-3_012-150x150.jpg\" \/><\/a><\/dt><\/dl>\n\n<dl class=\"gallery-item\"><dt class=\"gallery-icon\">\n\t\t<a class=\"fancybox\" href=\"https:\/\/kavantan.com.br\/2016\/wp-content\/uploads\/2016\/10\/arte-na-comunidade-3_013.jpg\" rel=\"gallery-0\"><img loading=\"lazy\" decoding=\"async\" width=\"150\" height=\"150\" class=\"attachment-thumbnail\" alt=\"\" src=\"https:\/\/kavantan.com.br\/2016\/wp-content\/uploads\/2016\/10\/arte-na-comunidade-3_013-150x150.jpg\" \/><\/a><\/dt><\/dl>\n\n<dl class=\"gallery-item\"><dt class=\"gallery-icon\">\n\t\t<a class=\"fancybox\" href=\"https:\/\/kavantan.com.br\/2016\/wp-content\/uploads\/2016\/10\/arte-na-comunidade-3_014.jpg\" rel=\"gallery-0\"><img loading=\"lazy\" decoding=\"async\" width=\"150\" height=\"150\" class=\"attachment-thumbnail\" alt=\"\" src=\"https:\/\/kavantan.com.br\/2016\/wp-content\/uploads\/2016\/10\/arte-na-comunidade-3_014-150x150.jpg\" \/><\/a><\/dt><\/dl>\n\n<dl class=\"gallery-item\"><dt class=\"gallery-icon\">\n\t\t<a class=\"fancybox\" href=\"https:\/\/kavantan.com.br\/2016\/wp-content\/uploads\/2016\/10\/arte-na-comunidade-3_015.jpg\" rel=\"gallery-0\"><img loading=\"lazy\" decoding=\"async\" width=\"150\" height=\"150\" class=\"attachment-thumbnail\" alt=\"\" src=\"https:\/\/kavantan.com.br\/2016\/wp-content\/uploads\/2016\/10\/arte-na-comunidade-3_015-150x150.jpg\" \/><\/a><\/dt><\/dl>\n\n<dl class=\"gallery-item\"><dt class=\"gallery-icon\">\n\t\t<a class=\"fancybox\" href=\"https:\/\/kavantan.com.br\/2016\/wp-content\/uploads\/2016\/10\/arte-na-comunidade-3_016.jpg\" rel=\"gallery-0\"><img loading=\"lazy\" decoding=\"async\" width=\"150\" height=\"150\" class=\"attachment-thumbnail\" alt=\"\" src=\"https:\/\/kavantan.com.br\/2016\/wp-content\/uploads\/2016\/10\/arte-na-comunidade-3_016-150x150.jpg\" \/><\/a><\/dt><\/dl>\n\n<dl class=\"gallery-item\"><dt class=\"gallery-icon\">\n\t\t<a class=\"fancybox\" href=\"https:\/\/kavantan.com.br\/2016\/wp-content\/uploads\/2016\/10\/arte-na-comunidade-3_017.jpg\" rel=\"gallery-0\"><img loading=\"lazy\" decoding=\"async\" width=\"150\" height=\"150\" class=\"attachment-thumbnail\" alt=\"\" src=\"https:\/\/kavantan.com.br\/2016\/wp-content\/uploads\/2016\/10\/arte-na-comunidade-3_017-150x150.jpg\" \/><\/a><\/dt><\/dl>\n\n<dl class=\"gallery-item\"><dt class=\"gallery-icon\">\n\t\t<a class=\"fancybox\" href=\"https:\/\/kavantan.com.br\/2016\/wp-content\/uploads\/2016\/10\/arte-na-comunidade-3_001.jpg\" rel=\"gallery-0\"><img loading=\"lazy\" decoding=\"async\" width=\"150\" height=\"150\" class=\"attachment-thumbnail\" alt=\"\" src=\"https:\/\/kavantan.com.br\/2016\/wp-content\/uploads\/2016\/10\/arte-na-comunidade-3_001-150x150.jpg\" \/><\/a><\/dt><\/dl>\n\n<dl class=\"gallery-item\"><dt class=\"gallery-icon\">\n\t\t<a class=\"fancybox\" href=\"https:\/\/kavantan.com.br\/2016\/wp-content\/uploads\/2016\/10\/arte-na-comunidade-3_002.jpg\" rel=\"gallery-0\"><img loading=\"lazy\" decoding=\"async\" width=\"150\" height=\"150\" class=\"attachment-thumbnail\" alt=\"\" src=\"https:\/\/kavantan.com.br\/2016\/wp-content\/uploads\/2016\/10\/arte-na-comunidade-3_002-150x150.jpg\" \/><\/a><\/dt><\/dl>\n\n<dl class=\"gallery-item\"><dt class=\"gallery-icon\">\n\t\t<a class=\"fancybox\" href=\"https:\/\/kavantan.com.br\/2016\/wp-content\/uploads\/2016\/10\/arte-na-comunidade-3_003.jpg\" rel=\"gallery-0\"><img loading=\"lazy\" decoding=\"async\" width=\"150\" height=\"150\" class=\"attachment-thumbnail\" alt=\"\" src=\"https:\/\/kavantan.com.br\/2016\/wp-content\/uploads\/2016\/10\/arte-na-comunidade-3_003-150x150.jpg\" \/><\/a><\/dt><\/dl>\n\n<dl class=\"gallery-item\"><dt class=\"gallery-icon\">\n\t\t<a class=\"fancybox\" href=\"https:\/\/kavantan.com.br\/2016\/wp-content\/uploads\/2016\/10\/arte-na-comunidade-3_004.jpg\" rel=\"gallery-0\"><img loading=\"lazy\" decoding=\"async\" width=\"150\" height=\"150\" class=\"attachment-thumbnail\" alt=\"\" src=\"https:\/\/kavantan.com.br\/2016\/wp-content\/uploads\/2016\/10\/arte-na-comunidade-3_004-150x150.jpg\" \/><\/a><\/dt><\/dl>\n\n<\/div><br clear=\"all\" \/><!-- Rendered by FancyBox without labels END -->\n<\/p><p><strong>FICHA T\u00c9CNICA:<br \/><\/strong><br \/><strong>Dramaturgia e dire\u00e7\u00e3o<\/strong>: Valdo Resende<br \/><strong>Elenco<\/strong>: Bruno Fracchia, Ernani Sequinel, Fab\u00edola Moraes, Gigi Fernandes e Rog\u00e9rio Barsan<br \/><strong>Composi\u00e7\u00e3o, arranjos e dire\u00e7\u00e3o musical<\/strong>: Fl\u00e1vio Monteiro<br \/><strong>Cen\u00e1rios e adere\u00e7os<\/strong>: M\u00e1rcia Teixeira, Rosimeire Sim\u00f5es Martins, Simone Atanazio, Thoni Tarki e Valdo Resende<br \/><strong>Figurino<\/strong>: Alessandro Machado<br \/><strong>Assist\u00eancia de dire\u00e7\u00e3o<\/strong>: Zecarlos Gomes<br \/><strong>Curadoria da Mostra Teatral<\/strong>: Leonardo Cortez<br \/><strong>Fotos e v\u00eddeos<\/strong>: Bruna Quevedo e Rodiney Assun\u00e7\u00e3o (Just Design)<br \/><strong>Design gr\u00e1fico<\/strong>: Fernando Moser<br \/><strong>Assessoria de imprensa<\/strong>: Hel\u00f4 Cintra e Douglas Picchetti (Pombo Correio)<br \/><strong>Idealiza\u00e7\u00e3o<\/strong>: Sonia Kavantan<br \/><strong>Produ\u00e7\u00e3o<\/strong>: Filipe Brambilla, Leandro Taveira e Lilian Takara<br \/><strong>Administrativo<\/strong>: Milka Master<br \/><strong>Patroc\u00ednio<\/strong>: Alupar e Taesa &#8211;\u00a0Minist\u00e9rio da Cultura\/ Lei Rouanet<br \/><strong>Apoio cultural<\/strong>: ELTE<\/p>\t\t\t\t\t<\/div>\n\t\t\t\t\t\t<\/div>\n\t\t\t\t<\/div>\n\t\t\t\t\t\t<\/div>\n\t\t\t\t\t<\/div>\n\t\t<\/div>\n\t\t\t\t\t\t\t\t<\/div>\n\t\t\t\t\t<\/div>\n\t\t<\/section>\n\t\t\t\t\t\t<\/div>\n\t\t\t\t\t\t<\/div>\n\t\t\t\t\t<\/div>\n\t\t","protected":false},"excerpt":{"rendered":"<p>Arte na Comunidade 3 Em sua terceira edi\u00e7\u00e3o, o projeto&nbsp;Arte na Comunidade&nbsp;levou [&hellip;]<\/p>\n","protected":false},"author":1,"featured_media":0,"parent":240,"menu_order":0,"comment_status":"closed","ping_status":"closed","template":"elementor_header_footer","meta":{"_monsterinsights_skip_tracking":false,"_monsterinsights_sitenote_active":false,"_monsterinsights_sitenote_note":"","_monsterinsights_sitenote_category":0,"spay_email":"","footnotes":""},"class_list":["post-267","page","type-page","status-publish","hentry"],"yoast_head":"<!-- This site is optimized with the Yoast SEO plugin v18.0 - https:\/\/yoast.com\/wordpress\/plugins\/seo\/ -->\n<title>Kavantan Projetos e Eventos Culturais &ndash; Arte na Comunidade 3<\/title>\n<meta name=\"description\" content=\"A terceira edi\u00e7\u00e3o do projeto\u00a0Arte na Comunidade\u00a0levou arte e lazer \u00e0s cidades paulistas de Cubat\u00e3o, Guaruj\u00e1, Praia Grande, Santos e S\u00e3o Vicente.\" \/>\n<meta name=\"robots\" content=\"index, follow, max-snippet:-1, max-image-preview:large, max-video-preview:-1\" \/>\n<link rel=\"canonical\" href=\"https:\/\/kavantan.com.br\/2016\/projetos\/realizacoes\/arte-na-comunidade-inicio\/arte-na-comunidade-3\/\" \/>\n<meta property=\"og:locale\" content=\"pt_BR\" \/>\n<meta property=\"og:type\" content=\"article\" \/>\n<meta property=\"og:title\" content=\"Kavantan Projetos e Eventos Culturais &ndash; Arte na Comunidade 3\" \/>\n<meta property=\"og:description\" content=\"A terceira edi\u00e7\u00e3o do projeto\u00a0Arte na Comunidade\u00a0levou arte e lazer \u00e0s cidades paulistas de Cubat\u00e3o, Guaruj\u00e1, Praia Grande, Santos e S\u00e3o Vicente.\" \/>\n<meta property=\"og:url\" content=\"https:\/\/kavantan.com.br\/2016\/projetos\/realizacoes\/arte-na-comunidade-inicio\/arte-na-comunidade-3\/\" \/>\n<meta property=\"og:site_name\" content=\"Kavantan Projetos e Eventos Culturais\" \/>\n<meta property=\"article:publisher\" content=\"https:\/\/www.facebook.com\/KavantanCultural\/\" \/>\n<meta property=\"article:modified_time\" content=\"2020-01-30T20:40:19+00:00\" \/>\n<meta property=\"og:image\" content=\"https:\/\/kavantan.com.br\/2016\/wp-content\/uploads\/2016\/10\/arte-na-comunidade-3_006-150x150.jpg\" \/>\n<meta name=\"twitter:card\" content=\"summary\" \/>\n<meta name=\"twitter:label1\" content=\"Est. tempo de leitura\" \/>\n\t<meta name=\"twitter:data1\" content=\"2 minutos\" \/>\n<script type=\"application\/ld+json\" class=\"yoast-schema-graph\">{\"@context\":\"https:\/\/schema.org\",\"@graph\":[{\"@type\":\"Organization\",\"@id\":\"https:\/\/kavantan.com.br\/2016\/#organization\",\"name\":\"Kavantan Projetos e Eventos Culturais\",\"url\":\"https:\/\/kavantan.com.br\/2016\/\",\"sameAs\":[\"https:\/\/www.facebook.com\/KavantanCultural\/\",\"http:\/\/instagram.com\/KavantanCultural\",\"https:\/\/www.youtube.com\/channel\/UCb9iwGfNUFnBax2SqznpQYA\"],\"logo\":{\"@type\":\"ImageObject\",\"@id\":\"https:\/\/kavantan.com.br\/2016\/#logo\",\"inLanguage\":\"pt-BR\",\"url\":\"https:\/\/kavantan.com.br\/2016\/wp-content\/uploads\/2016\/09\/Kavantan_319x100.jpg\",\"contentUrl\":\"https:\/\/kavantan.com.br\/2016\/wp-content\/uploads\/2016\/09\/Kavantan_319x100.jpg\",\"width\":319,\"height\":100,\"caption\":\"Kavantan Projetos e Eventos Culturais\"},\"image\":{\"@id\":\"https:\/\/kavantan.com.br\/2016\/#logo\"}},{\"@type\":\"WebSite\",\"@id\":\"https:\/\/kavantan.com.br\/2016\/#website\",\"url\":\"https:\/\/kavantan.com.br\/2016\/\",\"name\":\"Kavantan Projetos e Eventos Culturais\",\"description\":\"\",\"publisher\":{\"@id\":\"https:\/\/kavantan.com.br\/2016\/#organization\"},\"potentialAction\":[{\"@type\":\"SearchAction\",\"target\":{\"@type\":\"EntryPoint\",\"urlTemplate\":\"https:\/\/kavantan.com.br\/2016\/?s={search_term_string}\"},\"query-input\":\"required name=search_term_string\"}],\"inLanguage\":\"pt-BR\"},{\"@type\":\"ImageObject\",\"@id\":\"https:\/\/kavantan.com.br\/2016\/projetos\/realizacoes\/arte-na-comunidade-inicio\/arte-na-comunidade-3\/#primaryimage\",\"inLanguage\":\"pt-BR\",\"url\":\"http:\/\/kavantan.com.br\/2016\/wp-content\/uploads\/2016\/10\/arte-na-comunidade-3_1400x400.jpg\",\"contentUrl\":\"http:\/\/kavantan.com.br\/2016\/wp-content\/uploads\/2016\/10\/arte-na-comunidade-3_1400x400.jpg\"},{\"@type\":\"WebPage\",\"@id\":\"https:\/\/kavantan.com.br\/2016\/projetos\/realizacoes\/arte-na-comunidade-inicio\/arte-na-comunidade-3\/#webpage\",\"url\":\"https:\/\/kavantan.com.br\/2016\/projetos\/realizacoes\/arte-na-comunidade-inicio\/arte-na-comunidade-3\/\",\"name\":\"Kavantan Projetos e Eventos Culturais &ndash; Arte na Comunidade 3\",\"isPartOf\":{\"@id\":\"https:\/\/kavantan.com.br\/2016\/#website\"},\"primaryImageOfPage\":{\"@id\":\"https:\/\/kavantan.com.br\/2016\/projetos\/realizacoes\/arte-na-comunidade-inicio\/arte-na-comunidade-3\/#primaryimage\"},\"datePublished\":\"2016-10-05T14:59:54+00:00\",\"dateModified\":\"2020-01-30T20:40:19+00:00\",\"description\":\"A terceira edi\u00e7\u00e3o do projeto\u00a0Arte na Comunidade\u00a0levou arte e lazer \u00e0s cidades paulistas de Cubat\u00e3o, Guaruj\u00e1, Praia Grande, Santos e S\u00e3o Vicente.\",\"breadcrumb\":{\"@id\":\"https:\/\/kavantan.com.br\/2016\/projetos\/realizacoes\/arte-na-comunidade-inicio\/arte-na-comunidade-3\/#breadcrumb\"},\"inLanguage\":\"pt-BR\",\"potentialAction\":[{\"@type\":\"ReadAction\",\"target\":[\"https:\/\/kavantan.com.br\/2016\/projetos\/realizacoes\/arte-na-comunidade-inicio\/arte-na-comunidade-3\/\"]}]},{\"@type\":\"BreadcrumbList\",\"@id\":\"https:\/\/kavantan.com.br\/2016\/projetos\/realizacoes\/arte-na-comunidade-inicio\/arte-na-comunidade-3\/#breadcrumb\",\"itemListElement\":[{\"@type\":\"ListItem\",\"position\":1,\"name\":\"In\u00edcio\",\"item\":\"https:\/\/kavantan.com.br\/2016\/\"},{\"@type\":\"ListItem\",\"position\":2,\"name\":\"Projetos\",\"item\":\"https:\/\/kavantan.com.br\/2016\/projetos\/\"},{\"@type\":\"ListItem\",\"position\":3,\"name\":\"Realiza\u00e7\u00f5es\",\"item\":\"https:\/\/kavantan.com.br\/2016\/projetos\/realizacoes\/\"},{\"@type\":\"ListItem\",\"position\":4,\"name\":\"Arte na Comunidade\",\"item\":\"https:\/\/kavantan.com.br\/2016\/projetos\/realizacoes\/arte-na-comunidade-inicio\/\"},{\"@type\":\"ListItem\",\"position\":5,\"name\":\"Arte na Comunidade 3\"}]}]}<\/script>\n<!-- \/ Yoast SEO plugin. -->","yoast_head_json":{"title":"Kavantan Projetos e Eventos Culturais &ndash; Arte na Comunidade 3","description":"A terceira edi\u00e7\u00e3o do projeto\u00a0Arte na Comunidade\u00a0levou arte e lazer \u00e0s cidades paulistas de Cubat\u00e3o, Guaruj\u00e1, Praia Grande, Santos e S\u00e3o Vicente.","robots":{"index":"index","follow":"follow","max-snippet":"max-snippet:-1","max-image-preview":"max-image-preview:large","max-video-preview":"max-video-preview:-1"},"canonical":"https:\/\/kavantan.com.br\/2016\/projetos\/realizacoes\/arte-na-comunidade-inicio\/arte-na-comunidade-3\/","og_locale":"pt_BR","og_type":"article","og_title":"Kavantan Projetos e Eventos Culturais &ndash; Arte na Comunidade 3","og_description":"A terceira edi\u00e7\u00e3o do projeto\u00a0Arte na Comunidade\u00a0levou arte e lazer \u00e0s cidades paulistas de Cubat\u00e3o, Guaruj\u00e1, Praia Grande, Santos e S\u00e3o Vicente.","og_url":"https:\/\/kavantan.com.br\/2016\/projetos\/realizacoes\/arte-na-comunidade-inicio\/arte-na-comunidade-3\/","og_site_name":"Kavantan Projetos e Eventos Culturais","article_publisher":"https:\/\/www.facebook.com\/KavantanCultural\/","article_modified_time":"2020-01-30T20:40:19+00:00","og_image":[{"url":"https:\/\/kavantan.com.br\/2016\/wp-content\/uploads\/2016\/10\/arte-na-comunidade-3_006-150x150.jpg"}],"twitter_card":"summary","twitter_misc":{"Est. tempo de leitura":"2 minutos"},"schema":{"@context":"https:\/\/schema.org","@graph":[{"@type":"Organization","@id":"https:\/\/kavantan.com.br\/2016\/#organization","name":"Kavantan Projetos e Eventos Culturais","url":"https:\/\/kavantan.com.br\/2016\/","sameAs":["https:\/\/www.facebook.com\/KavantanCultural\/","http:\/\/instagram.com\/KavantanCultural","https:\/\/www.youtube.com\/channel\/UCb9iwGfNUFnBax2SqznpQYA"],"logo":{"@type":"ImageObject","@id":"https:\/\/kavantan.com.br\/2016\/#logo","inLanguage":"pt-BR","url":"https:\/\/kavantan.com.br\/2016\/wp-content\/uploads\/2016\/09\/Kavantan_319x100.jpg","contentUrl":"https:\/\/kavantan.com.br\/2016\/wp-content\/uploads\/2016\/09\/Kavantan_319x100.jpg","width":319,"height":100,"caption":"Kavantan Projetos e Eventos Culturais"},"image":{"@id":"https:\/\/kavantan.com.br\/2016\/#logo"}},{"@type":"WebSite","@id":"https:\/\/kavantan.com.br\/2016\/#website","url":"https:\/\/kavantan.com.br\/2016\/","name":"Kavantan Projetos e Eventos Culturais","description":"","publisher":{"@id":"https:\/\/kavantan.com.br\/2016\/#organization"},"potentialAction":[{"@type":"SearchAction","target":{"@type":"EntryPoint","urlTemplate":"https:\/\/kavantan.com.br\/2016\/?s={search_term_string}"},"query-input":"required name=search_term_string"}],"inLanguage":"pt-BR"},{"@type":"ImageObject","@id":"https:\/\/kavantan.com.br\/2016\/projetos\/realizacoes\/arte-na-comunidade-inicio\/arte-na-comunidade-3\/#primaryimage","inLanguage":"pt-BR","url":"http:\/\/kavantan.com.br\/2016\/wp-content\/uploads\/2016\/10\/arte-na-comunidade-3_1400x400.jpg","contentUrl":"http:\/\/kavantan.com.br\/2016\/wp-content\/uploads\/2016\/10\/arte-na-comunidade-3_1400x400.jpg"},{"@type":"WebPage","@id":"https:\/\/kavantan.com.br\/2016\/projetos\/realizacoes\/arte-na-comunidade-inicio\/arte-na-comunidade-3\/#webpage","url":"https:\/\/kavantan.com.br\/2016\/projetos\/realizacoes\/arte-na-comunidade-inicio\/arte-na-comunidade-3\/","name":"Kavantan Projetos e Eventos Culturais &ndash; Arte na Comunidade 3","isPartOf":{"@id":"https:\/\/kavantan.com.br\/2016\/#website"},"primaryImageOfPage":{"@id":"https:\/\/kavantan.com.br\/2016\/projetos\/realizacoes\/arte-na-comunidade-inicio\/arte-na-comunidade-3\/#primaryimage"},"datePublished":"2016-10-05T14:59:54+00:00","dateModified":"2020-01-30T20:40:19+00:00","description":"A terceira edi\u00e7\u00e3o do projeto\u00a0Arte na Comunidade\u00a0levou arte e lazer \u00e0s cidades paulistas de Cubat\u00e3o, Guaruj\u00e1, Praia Grande, Santos e S\u00e3o Vicente.","breadcrumb":{"@id":"https:\/\/kavantan.com.br\/2016\/projetos\/realizacoes\/arte-na-comunidade-inicio\/arte-na-comunidade-3\/#breadcrumb"},"inLanguage":"pt-BR","potentialAction":[{"@type":"ReadAction","target":["https:\/\/kavantan.com.br\/2016\/projetos\/realizacoes\/arte-na-comunidade-inicio\/arte-na-comunidade-3\/"]}]},{"@type":"BreadcrumbList","@id":"https:\/\/kavantan.com.br\/2016\/projetos\/realizacoes\/arte-na-comunidade-inicio\/arte-na-comunidade-3\/#breadcrumb","itemListElement":[{"@type":"ListItem","position":1,"name":"In\u00edcio","item":"https:\/\/kavantan.com.br\/2016\/"},{"@type":"ListItem","position":2,"name":"Projetos","item":"https:\/\/kavantan.com.br\/2016\/projetos\/"},{"@type":"ListItem","position":3,"name":"Realiza\u00e7\u00f5es","item":"https:\/\/kavantan.com.br\/2016\/projetos\/realizacoes\/"},{"@type":"ListItem","position":4,"name":"Arte na Comunidade","item":"https:\/\/kavantan.com.br\/2016\/projetos\/realizacoes\/arte-na-comunidade-inicio\/"},{"@type":"ListItem","position":5,"name":"Arte na Comunidade 3"}]}]}},"_links":{"self":[{"href":"https:\/\/kavantan.com.br\/2016\/wp-json\/wp\/v2\/pages\/267","targetHints":{"allow":["GET"]}}],"collection":[{"href":"https:\/\/kavantan.com.br\/2016\/wp-json\/wp\/v2\/pages"}],"about":[{"href":"https:\/\/kavantan.com.br\/2016\/wp-json\/wp\/v2\/types\/page"}],"author":[{"embeddable":true,"href":"https:\/\/kavantan.com.br\/2016\/wp-json\/wp\/v2\/users\/1"}],"replies":[{"embeddable":true,"href":"https:\/\/kavantan.com.br\/2016\/wp-json\/wp\/v2\/comments?post=267"}],"version-history":[{"count":4,"href":"https:\/\/kavantan.com.br\/2016\/wp-json\/wp\/v2\/pages\/267\/revisions"}],"predecessor-version":[{"id":1135,"href":"https:\/\/kavantan.com.br\/2016\/wp-json\/wp\/v2\/pages\/267\/revisions\/1135"}],"up":[{"embeddable":true,"href":"https:\/\/kavantan.com.br\/2016\/wp-json\/wp\/v2\/pages\/240"}],"wp:attachment":[{"href":"https:\/\/kavantan.com.br\/2016\/wp-json\/wp\/v2\/media?parent=267"}],"curies":[{"name":"wp","href":"https:\/\/api.w.org\/{rel}","templated":true}]}}