
{"id":250,"date":"2016-10-05T11:11:23","date_gmt":"2016-10-05T14:11:23","guid":{"rendered":"http:\/\/kavantan.com.br\/2016\/?page_id=250"},"modified":"2020-01-30T15:49:45","modified_gmt":"2020-01-30T18:49:45","slug":"arte-na-comunidade-1","status":"publish","type":"page","link":"https:\/\/kavantan.com.br\/2016\/projetos\/realizacoes\/arte-na-comunidade-inicio\/arte-na-comunidade-1\/","title":{"rendered":"Arte na Comunidade 1"},"content":{"rendered":"\t\t<div data-elementor-type=\"wp-page\" data-elementor-id=\"250\" class=\"elementor elementor-250\" data-elementor-settings=\"[]\">\n\t\t\t\t\t\t<div class=\"elementor-inner\">\n\t\t\t\t\t\t\t<div class=\"elementor-section-wrap\">\n\t\t\t\t\t\t\t<section class=\"elementor-section elementor-top-section elementor-element elementor-element-5a842b80 elementor-section-boxed elementor-section-height-default elementor-section-height-default\" data-id=\"5a842b80\" data-element_type=\"section\">\n\t\t\t\t\t\t<div class=\"elementor-container elementor-column-gap-default\">\n\t\t\t\t\t\t\t<div class=\"elementor-row\">\n\t\t\t\t\t<div class=\"elementor-column elementor-col-100 elementor-top-column elementor-element elementor-element-3eff55bf\" data-id=\"3eff55bf\" data-element_type=\"column\">\n\t\t\t<div class=\"elementor-column-wrap elementor-element-populated\">\n\t\t\t\t\t\t\t<div class=\"elementor-widget-wrap\">\n\t\t\t\t\t\t<div class=\"elementor-element elementor-element-2a3d067 elementor-widget elementor-widget-heading\" data-id=\"2a3d067\" data-element_type=\"widget\" data-widget_type=\"heading.default\">\n\t\t\t\t<div class=\"elementor-widget-container\">\n\t\t\t<h2 class=\"elementor-heading-title elementor-size-default\">Arte na Comunidade 1<\/h2>\t\t<\/div>\n\t\t\t\t<\/div>\n\t\t\t\t<div class=\"elementor-element elementor-element-19f25313 elementor-widget elementor-widget-text-editor\" data-id=\"19f25313\" data-element_type=\"widget\" data-widget_type=\"text-editor.default\">\n\t\t\t\t<div class=\"elementor-widget-container\">\n\t\t\t\t\t\t\t\t<div class=\"elementor-text-editor elementor-clearfix\">\n\t\t\t\t<p><img loading=\"lazy\" decoding=\"async\" class=\"aligncenter size-full wp-image-355\" src=\"http:\/\/kavantan.com.br\/2016\/wp-content\/uploads\/2016\/10\/arte-na-comunidade-1_1400x400.jpg\" alt=\"arte-na-comunidade-1_1400x400\" width=\"1400\" height=\"401\" srcset=\"https:\/\/kavantan.com.br\/2016\/wp-content\/uploads\/2016\/10\/arte-na-comunidade-1_1400x400.jpg 1400w, https:\/\/kavantan.com.br\/2016\/wp-content\/uploads\/2016\/10\/arte-na-comunidade-1_1400x400-300x86.jpg 300w, https:\/\/kavantan.com.br\/2016\/wp-content\/uploads\/2016\/10\/arte-na-comunidade-1_1400x400-768x220.jpg 768w, https:\/\/kavantan.com.br\/2016\/wp-content\/uploads\/2016\/10\/arte-na-comunidade-1_1400x400-1024x293.jpg 1024w\" sizes=\"auto, (max-width: 1400px) 100vw, 1400px\" \/><\/p><p>A primeira edi\u00e7\u00e3o do projeto\u00a0<strong>Arte na Comunidade<\/strong> levou para 17 munic\u00edpios dos estados do Maranh\u00e3o e Par\u00e1 o espet\u00e1culo &#8220;<em>VAI QUE \u00c9 BOM. O casamento do Par\u00e1 com o Maranh\u00e3o!&#8221;<\/em>, escrito por Valdo Resende.<\/p><p>O texto embarca na alegria, no folguedo, no brinquedo. Brinca com a farsa, a poesia, o pastoril, o boi, o casamento. Com todas as licen\u00e7as que a viagem permite, ignora espa\u00e7os, dist\u00e2ncias e percorre 12 cidades do Norte\/Nordeste, Par\u00e1\/Maranh\u00e3o, revivendo lendas, redescobrindo personagens, criando outros e, sobretudo, propondo divers\u00e3o.<\/p><p>O projeto foi\u00a0realizado em cidades do interior do Par\u00e1 e Maranh\u00e3o, cidades estas com mata nativa, reservas ind\u00edgenas e arqueol\u00f3gicas com grandes riquezas naturais e culturais, mas com \u00edndices econ\u00f4micos, culturais e educacionais baixos, oferecendo op\u00e7\u00f5es de consumo cultural gratuito aliado a conte\u00fados de import\u00e2ncia para as comunidades em quest\u00e3o.<\/p><p>Um aspecto social importante e fundamental para a cria\u00e7\u00e3o e execu\u00e7\u00e3o do projeto foi a diversidade populacional.\u00a0A origem t\u00e3o diversa das pessoas que ali residem atualmente, bem como a disponibilidade de alguns grupos de migrarem com const\u00e2ncia, gera s\u00e9rios problemas no tocante \u00e0 preserva\u00e7\u00e3o, tanto dos recursos naturais como das tradi\u00e7\u00f5es culturais.<\/p><p>Al\u00e9m da realiza\u00e7\u00e3o das apresenta\u00e7\u00f5es, para incorporar as atividades art\u00edsticas \u00e0 pr\u00e1tica educativa, hist\u00f3rias em quadrinhos e jogos criados com base nos personagens do espet\u00e1culo foram doados \u00e0s escolas das cidades.<\/p><p>As cidades pelas quais o projetos circulou foram:<\/p><p>Par\u00e1: Castanhal, Santa Maria, Breu Branco, Goian\u00e9sia, Tail\u00e2ndia, Abaetetuba, Barcarena, Moj\u00fa e Acar\u00e1.<\/p><p>Maranh\u00e3o: Vila Nova dos Mart\u00edrios, Bom Jesus das Selvas, Buriticupu, A\u00e7ail\u00e2ndia, Imperatriz, Lago da Pedra, Presidente Dutra e Paulo Ramos<\/p><p style=\"text-align: center;\"><strong>Fotos do Projeto<\/strong> (Cr\u00e9ditos: Walda Marques)<\/p><p><!-- Rendered by FancyBox without labels BEGIN -->\n\n\t<style type=\"text\/css\">\n\t\t\t\t\t#gallery-0 {\n\t\t\t\t\t\tmargin: auto;\n\t\t\t\t\t}\n\t\t\t\t\t#gallery-0 .gallery-item {\n\t\t\t\t\t\tfloat: left;\n\t\t\t\t\t\tmargin-top: 10px;\n\t\t\t\t\t\ttext-align: center;\n\t\t\t\t\t\twidth: 24%;\n\t\t\t\t\t}\n\t\t\t\t\t#gallery-0 img {\n\t\t\t\t\t\tborder: 2px solid #cfcfcf;\n\t\t\t\t\t}\n\t\t\t\t\t#gallery-0 .gallery-caption {\n\t\t\t\t\t\tmargin-left: 0;\n\t\t\t\t\t}\n\t<\/style>\n<script type=\"text\/javascript\">\n$(document).ready(function() {\n\t\/*\n\t *  Simple image gallery. Uses default settings\n\t *\/\n\n\t$(\".fancybox\").fancybox({\n\t\t\"transitionIn\"\t\t: \"none\",\n\t\t\"transitionOut\"\t\t: \"none\",\n\t\t\"titlePosition\" \t: \"over\"\n\n\t});\n});\n<\/script>\n\n\t<div id=\"gallery-0\" class=\"gallery galleryid-0 gallery-size-thumbnail\" style=\"\"><dl class=\"gallery-item\"><dt class=\"gallery-icon\">\n\t\t<a class=\"fancybox\" href=\"https:\/\/kavantan.com.br\/2016\/wp-content\/uploads\/2016\/10\/arte-na-comunidade-1_008.jpg\" rel=\"gallery-0\"><img loading=\"lazy\" decoding=\"async\" width=\"150\" height=\"150\" class=\"attachment-thumbnail\" alt=\"\" src=\"https:\/\/kavantan.com.br\/2016\/wp-content\/uploads\/2016\/10\/arte-na-comunidade-1_008-150x150.jpg\" \/><\/a><\/dt><\/dl>\n\n<dl class=\"gallery-item\"><dt class=\"gallery-icon\">\n\t\t<a class=\"fancybox\" href=\"https:\/\/kavantan.com.br\/2016\/wp-content\/uploads\/2016\/10\/arte-na-comunidade-1_009.jpg\" rel=\"gallery-0\"><img loading=\"lazy\" decoding=\"async\" width=\"150\" height=\"150\" class=\"attachment-thumbnail\" alt=\"\" src=\"https:\/\/kavantan.com.br\/2016\/wp-content\/uploads\/2016\/10\/arte-na-comunidade-1_009-150x150.jpg\" \/><\/a><\/dt><\/dl>\n\n<dl class=\"gallery-item\"><dt class=\"gallery-icon\">\n\t\t<a class=\"fancybox\" href=\"https:\/\/kavantan.com.br\/2016\/wp-content\/uploads\/2016\/10\/arte-na-comunidade-1_010.jpg\" rel=\"gallery-0\"><img loading=\"lazy\" decoding=\"async\" width=\"150\" height=\"150\" class=\"attachment-thumbnail\" alt=\"\" src=\"https:\/\/kavantan.com.br\/2016\/wp-content\/uploads\/2016\/10\/arte-na-comunidade-1_010-150x150.jpg\" \/><\/a><\/dt><\/dl>\n\n<dl class=\"gallery-item\"><dt class=\"gallery-icon\">\n\t\t<a class=\"fancybox\" href=\"https:\/\/kavantan.com.br\/2016\/wp-content\/uploads\/2016\/10\/arte-na-comunidade-1_011.jpg\" rel=\"gallery-0\"><img loading=\"lazy\" decoding=\"async\" width=\"150\" height=\"150\" class=\"attachment-thumbnail\" alt=\"\" src=\"https:\/\/kavantan.com.br\/2016\/wp-content\/uploads\/2016\/10\/arte-na-comunidade-1_011-150x150.jpg\" \/><\/a><\/dt><\/dl>\n\n<dl class=\"gallery-item\"><dt class=\"gallery-icon\">\n\t\t<a class=\"fancybox\" href=\"https:\/\/kavantan.com.br\/2016\/wp-content\/uploads\/2016\/10\/arte-na-comunidade-1_012.jpg\" rel=\"gallery-0\"><img loading=\"lazy\" decoding=\"async\" width=\"150\" height=\"150\" class=\"attachment-thumbnail\" alt=\"\" src=\"https:\/\/kavantan.com.br\/2016\/wp-content\/uploads\/2016\/10\/arte-na-comunidade-1_012-150x150.jpg\" \/><\/a><\/dt><\/dl>\n\n<dl class=\"gallery-item\"><dt class=\"gallery-icon\">\n\t\t<a class=\"fancybox\" href=\"https:\/\/kavantan.com.br\/2016\/wp-content\/uploads\/2016\/10\/arte-na-comunidade-1_013.jpg\" rel=\"gallery-0\"><img loading=\"lazy\" decoding=\"async\" width=\"150\" height=\"150\" class=\"attachment-thumbnail\" alt=\"\" src=\"https:\/\/kavantan.com.br\/2016\/wp-content\/uploads\/2016\/10\/arte-na-comunidade-1_013-150x150.jpg\" \/><\/a><\/dt><\/dl>\n\n<dl class=\"gallery-item\"><dt class=\"gallery-icon\">\n\t\t<a class=\"fancybox\" href=\"https:\/\/kavantan.com.br\/2016\/wp-content\/uploads\/2016\/10\/arte-na-comunidade-1_001.jpg\" rel=\"gallery-0\"><img loading=\"lazy\" decoding=\"async\" width=\"150\" height=\"150\" class=\"attachment-thumbnail\" alt=\"\" src=\"https:\/\/kavantan.com.br\/2016\/wp-content\/uploads\/2016\/10\/arte-na-comunidade-1_001-150x150.jpg\" \/><\/a><\/dt><\/dl>\n\n<dl class=\"gallery-item\"><dt class=\"gallery-icon\">\n\t\t<a class=\"fancybox\" href=\"https:\/\/kavantan.com.br\/2016\/wp-content\/uploads\/2016\/10\/arte-na-comunidade-1_002.jpg\" rel=\"gallery-0\"><img loading=\"lazy\" decoding=\"async\" width=\"150\" height=\"150\" class=\"attachment-thumbnail\" alt=\"\" src=\"https:\/\/kavantan.com.br\/2016\/wp-content\/uploads\/2016\/10\/arte-na-comunidade-1_002-150x150.jpg\" \/><\/a><\/dt><\/dl>\n\n<dl class=\"gallery-item\"><dt class=\"gallery-icon\">\n\t\t<a class=\"fancybox\" href=\"https:\/\/kavantan.com.br\/2016\/wp-content\/uploads\/2016\/10\/arte-na-comunidade-1_004.jpg\" rel=\"gallery-0\"><img loading=\"lazy\" decoding=\"async\" width=\"150\" height=\"150\" class=\"attachment-thumbnail\" alt=\"\" src=\"https:\/\/kavantan.com.br\/2016\/wp-content\/uploads\/2016\/10\/arte-na-comunidade-1_004-150x150.jpg\" \/><\/a><\/dt><\/dl>\n\n<dl class=\"gallery-item\"><dt class=\"gallery-icon\">\n\t\t<a class=\"fancybox\" href=\"https:\/\/kavantan.com.br\/2016\/wp-content\/uploads\/2016\/10\/arte-na-comunidade-1_005.jpg\" rel=\"gallery-0\"><img loading=\"lazy\" decoding=\"async\" width=\"150\" height=\"150\" class=\"attachment-thumbnail\" alt=\"\" src=\"https:\/\/kavantan.com.br\/2016\/wp-content\/uploads\/2016\/10\/arte-na-comunidade-1_005-150x150.jpg\" \/><\/a><\/dt><\/dl>\n\n<dl class=\"gallery-item\"><dt class=\"gallery-icon\">\n\t\t<a class=\"fancybox\" href=\"https:\/\/kavantan.com.br\/2016\/wp-content\/uploads\/2016\/10\/arte-na-comunidade-1_006.jpg\" rel=\"gallery-0\"><img loading=\"lazy\" decoding=\"async\" width=\"150\" height=\"150\" class=\"attachment-thumbnail\" alt=\"\" src=\"https:\/\/kavantan.com.br\/2016\/wp-content\/uploads\/2016\/10\/arte-na-comunidade-1_006-150x150.jpg\" \/><\/a><\/dt><\/dl>\n\n<dl class=\"gallery-item\"><dt class=\"gallery-icon\">\n\t\t<a class=\"fancybox\" href=\"https:\/\/kavantan.com.br\/2016\/wp-content\/uploads\/2016\/10\/arte-na-comunidade-1_007.jpg\" rel=\"gallery-0\"><img loading=\"lazy\" decoding=\"async\" width=\"150\" height=\"150\" class=\"attachment-thumbnail\" alt=\"\" src=\"https:\/\/kavantan.com.br\/2016\/wp-content\/uploads\/2016\/10\/arte-na-comunidade-1_007-150x150.jpg\" \/><\/a><\/dt><\/dl>\n\n<\/div><br clear=\"all\" \/><!-- Rendered by FancyBox without labels END -->\n<\/p><p><strong>FICHA T\u00c9CNICA:<\/strong><\/p><p><strong>Dramaturgia<\/strong>:\u00a0Valdo Resende<br \/><strong>Dire\u00e7\u00e3o Art\u00edstica e Produ\u00e7\u00e3o Executiva<\/strong>: Emanoel Freitas<br \/><strong>Elenco<\/strong>: Adriana Cavalcante, Fabr\u00edcio Bezzerra, Gigi Furtado, Gustavo Saraiva, Lu\u00edza de Abreu, Ma\u00edra Monteiro, M\u00e1rcio Mour\u00e3o, Saldanha Sal<br \/><strong>Dire\u00e7\u00e3o Musical e Trilha Sonora<\/strong>: Leonardo Venturieri<br \/><strong>Dire\u00e7\u00e3o Corporal e Coreografias<\/strong>: Ronald Bergma<br \/><strong>Dire\u00e7\u00e3o de Arte e Figurino<\/strong>: Sonia Penna<br \/><strong>Ilumina\u00e7\u00e3o<\/strong>: Daniel Matos<br \/><strong>Ilustra\u00e7\u00e3o<\/strong>: Otoniel Oliveira<br \/><strong>Identidade Visual<\/strong>: Shadow Design<br \/><strong>Fotos<\/strong>: Walda Marques<br \/><strong>Coordena\u00e7\u00e3o Geral e Dire\u00e7\u00e3o de Produ\u00e7\u00e3o<\/strong>: Sonia Kavantan<br \/><strong>Assist\u00eancia de Produ\u00e7\u00e3o<\/strong>: Juliana Magalh\u00e3es e Ricardo Fabbri<\/p>\t\t\t\t\t<\/div>\n\t\t\t\t\t\t<\/div>\n\t\t\t\t<\/div>\n\t\t\t\t\t\t<\/div>\n\t\t\t\t\t<\/div>\n\t\t<\/div>\n\t\t\t\t\t\t\t\t<\/div>\n\t\t\t\t\t<\/div>\n\t\t<\/section>\n\t\t\t\t\t\t<\/div>\n\t\t\t\t\t\t<\/div>\n\t\t\t\t\t<\/div>\n\t\t","protected":false},"excerpt":{"rendered":"<p>Arte na Comunidade 1 A primeira edi\u00e7\u00e3o do projeto\u00a0Arte na Comunidade levou [&hellip;]<\/p>\n","protected":false},"author":1,"featured_media":0,"parent":240,"menu_order":0,"comment_status":"closed","ping_status":"closed","template":"elementor_header_footer","meta":{"_monsterinsights_skip_tracking":false,"_monsterinsights_sitenote_active":false,"_monsterinsights_sitenote_note":"","_monsterinsights_sitenote_category":0,"spay_email":"","footnotes":""},"class_list":["post-250","page","type-page","status-publish","hentry"],"yoast_head":"<!-- This site is optimized with the Yoast SEO plugin v18.0 - https:\/\/yoast.com\/wordpress\/plugins\/seo\/ -->\n<title>Kavantan Projetos e Eventos Culturais &ndash; Arte na Comunidade 1<\/title>\n<meta name=\"description\" content=\"O projeto\u00a0Arte na Comunidade levou para 17 munic\u00edpios dos estados do Maranh\u00e3o e Par\u00e1 o espet\u00e1culo &quot;Vai Que \u00c9 Bom! O casamento do Par\u00e1 com o Maranh\u00e3o!&quot;.\" \/>\n<meta name=\"robots\" content=\"index, follow, max-snippet:-1, max-image-preview:large, max-video-preview:-1\" \/>\n<link rel=\"canonical\" href=\"https:\/\/kavantan.com.br\/2016\/projetos\/realizacoes\/arte-na-comunidade-inicio\/arte-na-comunidade-1\/\" \/>\n<meta property=\"og:locale\" content=\"pt_BR\" \/>\n<meta property=\"og:type\" content=\"article\" \/>\n<meta property=\"og:title\" content=\"Kavantan Projetos e Eventos Culturais &ndash; Arte na Comunidade 1\" \/>\n<meta property=\"og:description\" content=\"O projeto\u00a0Arte na Comunidade levou para 17 munic\u00edpios dos estados do Maranh\u00e3o e Par\u00e1 o espet\u00e1culo &quot;Vai Que \u00c9 Bom! O casamento do Par\u00e1 com o Maranh\u00e3o!&quot;.\" \/>\n<meta property=\"og:url\" content=\"https:\/\/kavantan.com.br\/2016\/projetos\/realizacoes\/arte-na-comunidade-inicio\/arte-na-comunidade-1\/\" \/>\n<meta property=\"og:site_name\" content=\"Kavantan Projetos e Eventos Culturais\" \/>\n<meta property=\"article:publisher\" content=\"https:\/\/www.facebook.com\/KavantanCultural\/\" \/>\n<meta property=\"article:modified_time\" content=\"2020-01-30T18:49:45+00:00\" \/>\n<meta property=\"og:image\" content=\"https:\/\/kavantan.com.br\/2016\/wp-content\/uploads\/2016\/10\/arte-na-comunidade-1_008-150x150.jpg\" \/>\n<meta name=\"twitter:card\" content=\"summary\" \/>\n<meta name=\"twitter:label1\" content=\"Est. tempo de leitura\" \/>\n\t<meta name=\"twitter:data1\" content=\"2 minutos\" \/>\n<script type=\"application\/ld+json\" class=\"yoast-schema-graph\">{\"@context\":\"https:\/\/schema.org\",\"@graph\":[{\"@type\":\"Organization\",\"@id\":\"https:\/\/kavantan.com.br\/2016\/#organization\",\"name\":\"Kavantan Projetos e Eventos Culturais\",\"url\":\"https:\/\/kavantan.com.br\/2016\/\",\"sameAs\":[\"https:\/\/www.facebook.com\/KavantanCultural\/\",\"http:\/\/instagram.com\/KavantanCultural\",\"https:\/\/www.youtube.com\/channel\/UCb9iwGfNUFnBax2SqznpQYA\"],\"logo\":{\"@type\":\"ImageObject\",\"@id\":\"https:\/\/kavantan.com.br\/2016\/#logo\",\"inLanguage\":\"pt-BR\",\"url\":\"https:\/\/kavantan.com.br\/2016\/wp-content\/uploads\/2016\/09\/Kavantan_319x100.jpg\",\"contentUrl\":\"https:\/\/kavantan.com.br\/2016\/wp-content\/uploads\/2016\/09\/Kavantan_319x100.jpg\",\"width\":319,\"height\":100,\"caption\":\"Kavantan Projetos e Eventos Culturais\"},\"image\":{\"@id\":\"https:\/\/kavantan.com.br\/2016\/#logo\"}},{\"@type\":\"WebSite\",\"@id\":\"https:\/\/kavantan.com.br\/2016\/#website\",\"url\":\"https:\/\/kavantan.com.br\/2016\/\",\"name\":\"Kavantan Projetos e Eventos Culturais\",\"description\":\"\",\"publisher\":{\"@id\":\"https:\/\/kavantan.com.br\/2016\/#organization\"},\"potentialAction\":[{\"@type\":\"SearchAction\",\"target\":{\"@type\":\"EntryPoint\",\"urlTemplate\":\"https:\/\/kavantan.com.br\/2016\/?s={search_term_string}\"},\"query-input\":\"required name=search_term_string\"}],\"inLanguage\":\"pt-BR\"},{\"@type\":\"ImageObject\",\"@id\":\"https:\/\/kavantan.com.br\/2016\/projetos\/realizacoes\/arte-na-comunidade-inicio\/arte-na-comunidade-1\/#primaryimage\",\"inLanguage\":\"pt-BR\",\"url\":\"http:\/\/kavantan.com.br\/2016\/wp-content\/uploads\/2016\/10\/arte-na-comunidade-1_1400x400.jpg\",\"contentUrl\":\"http:\/\/kavantan.com.br\/2016\/wp-content\/uploads\/2016\/10\/arte-na-comunidade-1_1400x400.jpg\"},{\"@type\":\"WebPage\",\"@id\":\"https:\/\/kavantan.com.br\/2016\/projetos\/realizacoes\/arte-na-comunidade-inicio\/arte-na-comunidade-1\/#webpage\",\"url\":\"https:\/\/kavantan.com.br\/2016\/projetos\/realizacoes\/arte-na-comunidade-inicio\/arte-na-comunidade-1\/\",\"name\":\"Kavantan Projetos e Eventos Culturais &ndash; Arte na Comunidade 1\",\"isPartOf\":{\"@id\":\"https:\/\/kavantan.com.br\/2016\/#website\"},\"primaryImageOfPage\":{\"@id\":\"https:\/\/kavantan.com.br\/2016\/projetos\/realizacoes\/arte-na-comunidade-inicio\/arte-na-comunidade-1\/#primaryimage\"},\"datePublished\":\"2016-10-05T14:11:23+00:00\",\"dateModified\":\"2020-01-30T18:49:45+00:00\",\"description\":\"O projeto\u00a0Arte na Comunidade levou para 17 munic\u00edpios dos estados do Maranh\u00e3o e Par\u00e1 o espet\u00e1culo \\\"Vai Que \u00c9 Bom! O casamento do Par\u00e1 com o Maranh\u00e3o!\\\".\",\"breadcrumb\":{\"@id\":\"https:\/\/kavantan.com.br\/2016\/projetos\/realizacoes\/arte-na-comunidade-inicio\/arte-na-comunidade-1\/#breadcrumb\"},\"inLanguage\":\"pt-BR\",\"potentialAction\":[{\"@type\":\"ReadAction\",\"target\":[\"https:\/\/kavantan.com.br\/2016\/projetos\/realizacoes\/arte-na-comunidade-inicio\/arte-na-comunidade-1\/\"]}]},{\"@type\":\"BreadcrumbList\",\"@id\":\"https:\/\/kavantan.com.br\/2016\/projetos\/realizacoes\/arte-na-comunidade-inicio\/arte-na-comunidade-1\/#breadcrumb\",\"itemListElement\":[{\"@type\":\"ListItem\",\"position\":1,\"name\":\"In\u00edcio\",\"item\":\"https:\/\/kavantan.com.br\/2016\/\"},{\"@type\":\"ListItem\",\"position\":2,\"name\":\"Projetos\",\"item\":\"https:\/\/kavantan.com.br\/2016\/projetos\/\"},{\"@type\":\"ListItem\",\"position\":3,\"name\":\"Realiza\u00e7\u00f5es\",\"item\":\"https:\/\/kavantan.com.br\/2016\/projetos\/realizacoes\/\"},{\"@type\":\"ListItem\",\"position\":4,\"name\":\"Arte na Comunidade\",\"item\":\"https:\/\/kavantan.com.br\/2016\/projetos\/realizacoes\/arte-na-comunidade-inicio\/\"},{\"@type\":\"ListItem\",\"position\":5,\"name\":\"Arte na Comunidade 1\"}]}]}<\/script>\n<!-- \/ Yoast SEO plugin. -->","yoast_head_json":{"title":"Kavantan Projetos e Eventos Culturais &ndash; Arte na Comunidade 1","description":"O projeto\u00a0Arte na Comunidade levou para 17 munic\u00edpios dos estados do Maranh\u00e3o e Par\u00e1 o espet\u00e1culo \"Vai Que \u00c9 Bom! O casamento do Par\u00e1 com o Maranh\u00e3o!\".","robots":{"index":"index","follow":"follow","max-snippet":"max-snippet:-1","max-image-preview":"max-image-preview:large","max-video-preview":"max-video-preview:-1"},"canonical":"https:\/\/kavantan.com.br\/2016\/projetos\/realizacoes\/arte-na-comunidade-inicio\/arte-na-comunidade-1\/","og_locale":"pt_BR","og_type":"article","og_title":"Kavantan Projetos e Eventos Culturais &ndash; Arte na Comunidade 1","og_description":"O projeto\u00a0Arte na Comunidade levou para 17 munic\u00edpios dos estados do Maranh\u00e3o e Par\u00e1 o espet\u00e1culo \"Vai Que \u00c9 Bom! O casamento do Par\u00e1 com o Maranh\u00e3o!\".","og_url":"https:\/\/kavantan.com.br\/2016\/projetos\/realizacoes\/arte-na-comunidade-inicio\/arte-na-comunidade-1\/","og_site_name":"Kavantan Projetos e Eventos Culturais","article_publisher":"https:\/\/www.facebook.com\/KavantanCultural\/","article_modified_time":"2020-01-30T18:49:45+00:00","og_image":[{"url":"https:\/\/kavantan.com.br\/2016\/wp-content\/uploads\/2016\/10\/arte-na-comunidade-1_008-150x150.jpg"}],"twitter_card":"summary","twitter_misc":{"Est. tempo de leitura":"2 minutos"},"schema":{"@context":"https:\/\/schema.org","@graph":[{"@type":"Organization","@id":"https:\/\/kavantan.com.br\/2016\/#organization","name":"Kavantan Projetos e Eventos Culturais","url":"https:\/\/kavantan.com.br\/2016\/","sameAs":["https:\/\/www.facebook.com\/KavantanCultural\/","http:\/\/instagram.com\/KavantanCultural","https:\/\/www.youtube.com\/channel\/UCb9iwGfNUFnBax2SqznpQYA"],"logo":{"@type":"ImageObject","@id":"https:\/\/kavantan.com.br\/2016\/#logo","inLanguage":"pt-BR","url":"https:\/\/kavantan.com.br\/2016\/wp-content\/uploads\/2016\/09\/Kavantan_319x100.jpg","contentUrl":"https:\/\/kavantan.com.br\/2016\/wp-content\/uploads\/2016\/09\/Kavantan_319x100.jpg","width":319,"height":100,"caption":"Kavantan Projetos e Eventos Culturais"},"image":{"@id":"https:\/\/kavantan.com.br\/2016\/#logo"}},{"@type":"WebSite","@id":"https:\/\/kavantan.com.br\/2016\/#website","url":"https:\/\/kavantan.com.br\/2016\/","name":"Kavantan Projetos e Eventos Culturais","description":"","publisher":{"@id":"https:\/\/kavantan.com.br\/2016\/#organization"},"potentialAction":[{"@type":"SearchAction","target":{"@type":"EntryPoint","urlTemplate":"https:\/\/kavantan.com.br\/2016\/?s={search_term_string}"},"query-input":"required name=search_term_string"}],"inLanguage":"pt-BR"},{"@type":"ImageObject","@id":"https:\/\/kavantan.com.br\/2016\/projetos\/realizacoes\/arte-na-comunidade-inicio\/arte-na-comunidade-1\/#primaryimage","inLanguage":"pt-BR","url":"http:\/\/kavantan.com.br\/2016\/wp-content\/uploads\/2016\/10\/arte-na-comunidade-1_1400x400.jpg","contentUrl":"http:\/\/kavantan.com.br\/2016\/wp-content\/uploads\/2016\/10\/arte-na-comunidade-1_1400x400.jpg"},{"@type":"WebPage","@id":"https:\/\/kavantan.com.br\/2016\/projetos\/realizacoes\/arte-na-comunidade-inicio\/arte-na-comunidade-1\/#webpage","url":"https:\/\/kavantan.com.br\/2016\/projetos\/realizacoes\/arte-na-comunidade-inicio\/arte-na-comunidade-1\/","name":"Kavantan Projetos e Eventos Culturais &ndash; Arte na Comunidade 1","isPartOf":{"@id":"https:\/\/kavantan.com.br\/2016\/#website"},"primaryImageOfPage":{"@id":"https:\/\/kavantan.com.br\/2016\/projetos\/realizacoes\/arte-na-comunidade-inicio\/arte-na-comunidade-1\/#primaryimage"},"datePublished":"2016-10-05T14:11:23+00:00","dateModified":"2020-01-30T18:49:45+00:00","description":"O projeto\u00a0Arte na Comunidade levou para 17 munic\u00edpios dos estados do Maranh\u00e3o e Par\u00e1 o espet\u00e1culo \"Vai Que \u00c9 Bom! O casamento do Par\u00e1 com o Maranh\u00e3o!\".","breadcrumb":{"@id":"https:\/\/kavantan.com.br\/2016\/projetos\/realizacoes\/arte-na-comunidade-inicio\/arte-na-comunidade-1\/#breadcrumb"},"inLanguage":"pt-BR","potentialAction":[{"@type":"ReadAction","target":["https:\/\/kavantan.com.br\/2016\/projetos\/realizacoes\/arte-na-comunidade-inicio\/arte-na-comunidade-1\/"]}]},{"@type":"BreadcrumbList","@id":"https:\/\/kavantan.com.br\/2016\/projetos\/realizacoes\/arte-na-comunidade-inicio\/arte-na-comunidade-1\/#breadcrumb","itemListElement":[{"@type":"ListItem","position":1,"name":"In\u00edcio","item":"https:\/\/kavantan.com.br\/2016\/"},{"@type":"ListItem","position":2,"name":"Projetos","item":"https:\/\/kavantan.com.br\/2016\/projetos\/"},{"@type":"ListItem","position":3,"name":"Realiza\u00e7\u00f5es","item":"https:\/\/kavantan.com.br\/2016\/projetos\/realizacoes\/"},{"@type":"ListItem","position":4,"name":"Arte na Comunidade","item":"https:\/\/kavantan.com.br\/2016\/projetos\/realizacoes\/arte-na-comunidade-inicio\/"},{"@type":"ListItem","position":5,"name":"Arte na Comunidade 1"}]}]}},"_links":{"self":[{"href":"https:\/\/kavantan.com.br\/2016\/wp-json\/wp\/v2\/pages\/250","targetHints":{"allow":["GET"]}}],"collection":[{"href":"https:\/\/kavantan.com.br\/2016\/wp-json\/wp\/v2\/pages"}],"about":[{"href":"https:\/\/kavantan.com.br\/2016\/wp-json\/wp\/v2\/types\/page"}],"author":[{"embeddable":true,"href":"https:\/\/kavantan.com.br\/2016\/wp-json\/wp\/v2\/users\/1"}],"replies":[{"embeddable":true,"href":"https:\/\/kavantan.com.br\/2016\/wp-json\/wp\/v2\/comments?post=250"}],"version-history":[{"count":5,"href":"https:\/\/kavantan.com.br\/2016\/wp-json\/wp\/v2\/pages\/250\/revisions"}],"predecessor-version":[{"id":1123,"href":"https:\/\/kavantan.com.br\/2016\/wp-json\/wp\/v2\/pages\/250\/revisions\/1123"}],"up":[{"embeddable":true,"href":"https:\/\/kavantan.com.br\/2016\/wp-json\/wp\/v2\/pages\/240"}],"wp:attachment":[{"href":"https:\/\/kavantan.com.br\/2016\/wp-json\/wp\/v2\/media?parent=250"}],"curies":[{"name":"wp","href":"https:\/\/api.w.org\/{rel}","templated":true}]}}