
{"id":20,"date":"2016-09-30T10:42:47","date_gmt":"2016-09-30T13:42:47","guid":{"rendered":"http:\/\/kavantan.com.br\/2016\/?page_id=20"},"modified":"2020-01-27T17:11:19","modified_gmt":"2020-01-27T20:11:19","slug":"servicos","status":"publish","type":"page","link":"https:\/\/kavantan.com.br\/2016\/servicos\/","title":{"rendered":"Servi\u00e7os"},"content":{"rendered":"\t\t<div data-elementor-type=\"wp-page\" data-elementor-id=\"20\" class=\"elementor elementor-20\" data-elementor-settings=\"[]\">\n\t\t\t\t\t\t<div class=\"elementor-inner\">\n\t\t\t\t\t\t\t<div class=\"elementor-section-wrap\">\n\t\t\t\t\t\t\t<section class=\"elementor-section elementor-top-section elementor-element elementor-element-1db3d3ee elementor-section-boxed elementor-section-height-default elementor-section-height-default\" data-id=\"1db3d3ee\" data-element_type=\"section\">\n\t\t\t\t\t\t<div class=\"elementor-container elementor-column-gap-default\">\n\t\t\t\t\t\t\t<div class=\"elementor-row\">\n\t\t\t\t\t<div class=\"elementor-column elementor-col-100 elementor-top-column elementor-element elementor-element-4985ec16\" data-id=\"4985ec16\" data-element_type=\"column\">\n\t\t\t<div class=\"elementor-column-wrap elementor-element-populated\">\n\t\t\t\t\t\t\t<div class=\"elementor-widget-wrap\">\n\t\t\t\t\t\t<div class=\"elementor-element elementor-element-10435ff elementor-widget elementor-widget-heading\" data-id=\"10435ff\" data-element_type=\"widget\" data-widget_type=\"heading.default\">\n\t\t\t\t<div class=\"elementor-widget-container\">\n\t\t\t<h2 class=\"elementor-heading-title elementor-size-default\">Servi\u00e7os<\/h2>\t\t<\/div>\n\t\t\t\t<\/div>\n\t\t\t\t<div class=\"elementor-element elementor-element-2f09be1b elementor-widget elementor-widget-text-editor\" data-id=\"2f09be1b\" data-element_type=\"widget\" data-widget_type=\"text-editor.default\">\n\t\t\t\t<div class=\"elementor-widget-container\">\n\t\t\t\t\t\t\t\t<div class=\"elementor-text-editor elementor-clearfix\">\n\t\t\t\t<img loading=\"lazy\" decoding=\"async\" class=\"aligncenter size-full wp-image-395\" src=\"http:\/\/kavantan.com.br\/2016\/wp-content\/uploads\/2016\/09\/servicos_1400x400_02.jpg\" alt=\"servicos_1400x400_02\" width=\"1400\" height=\"401\" srcset=\"https:\/\/kavantan.com.br\/2016\/wp-content\/uploads\/2016\/09\/servicos_1400x400_02.jpg 1400w, https:\/\/kavantan.com.br\/2016\/wp-content\/uploads\/2016\/09\/servicos_1400x400_02-300x86.jpg 300w, https:\/\/kavantan.com.br\/2016\/wp-content\/uploads\/2016\/09\/servicos_1400x400_02-768x220.jpg 768w, https:\/\/kavantan.com.br\/2016\/wp-content\/uploads\/2016\/09\/servicos_1400x400_02-1024x293.jpg 1024w\" sizes=\"auto, (max-width: 1400px) 100vw, 1400px\" \/>\n<br>\n<br>\nCom mais de 30 anos de atua\u00e7\u00e3o com servi\u00e7os culturais, investindo no fomento \u00e0\u00a0difus\u00e3o cultural, nossa experi\u00eancia permite a concretiza\u00e7\u00e3o de\u00a0ideias e propostas de trabalhos art\u00edsticos e sociais, elaborando projetos, produzindo, programando e divulgando estes eventos.\n<br>\n<br>\nRealizamos projetos pr\u00f3prios al\u00e9m de prestar servi\u00e7os para empresas, artistas e institui\u00e7\u00f5es. Elaboramos\u00a0in\u00fameras atividades, sempre visando o desenvolvimento cultural do p\u00fablico, a qualidade art\u00edstica e a visibilidade dos patrocinadores.\n<br>\n<br>\nEsses s\u00e3o os nossos servi\u00e7os:\n<br>\n<br>\n<b>Produ\u00e7\u00e3o de eventos socioculturais<\/b><br>\nDa cria\u00e7\u00e3o conceitual \u00e0 avalia\u00e7\u00e3o dos resultados, passando pelo casting, ensaios, contrata\u00e7\u00e3o de fornecedores e mais todas as etapas de constru\u00e7\u00e3o de uma atividade cultural, n\u00f3s damos forma \u00e0s ideias e propostas de trabalhos art\u00edsticos.<br>\n\u2013 eventos abertos ao p\u00fablico em geral;<br>\n\u2013 eventos empresariais;<br>\n\u2013 pr\u00eamios;<br>\n\u2013 lan\u00e7amentos.\n<br>\n<br>\n<b>Consultoria a empresas:<\/b><br>\nCom um olhar atento \u00e0s necessidades do mercado, desenvolvemos solu\u00e7\u00f5es personalizadas para empresas que queiram investir em cultura ou usar atividades art\u00edsticas para potencializar seus resultados.<br>\n\u2013 elabora\u00e7\u00e3o de pol\u00edtica de patroc\u00ednio sociocultural;<br>\n\u2013 consultoria sobre utiliza\u00e7\u00e3o de incentivos fiscais;<br>\n\u2013 cria\u00e7\u00e3o e elabora\u00e7\u00e3o de projetos que atendam \u00e0s necessidades de comunica\u00e7\u00e3o empresarial;<br>\n\u2013 atendimento \u00e0 solicita\u00e7\u00f5es de patroc\u00ednio \u00e0s empresas, an\u00e1lise dos projetos e encaminhamento das respostas.\n<br>\n<br>\n<b>Consultoria a artistas, produtores, institui\u00e7\u00f5es socioculturais e governamentais:<\/b><br>\nPara n\u00facleos art\u00edsticos, institui\u00e7\u00f5es socioculturais e governamentais, organizamos as a\u00e7\u00f5es que precisam ser implementadas, desenvolvemos planos de cultura e muito mais.<br>\n\u2013 cadastramento de projetos em leis de incentivos fiscais e editais;<br>\n\u2013 capta\u00e7\u00e3o de recursos;<br>\n\u2013 acompanhamento da execu\u00e7\u00e3o dos projetos;<br>\n\u2013 presta\u00e7\u00e3o de contas;<br>\n\u2013 planejamento estrat\u00e9gico;<br>\n\u2013 organiza\u00e7\u00e3o de turn\u00eas;<br>\n\u2013 desenvolvimento de planos de cultura;<br>\n\u2013 elabora\u00e7\u00e3o de editais.\n<br>\n<br>\n<b>Forma\u00e7\u00e3o:<\/b><br>\nCom mais de 70 turmas formadas, nossos cursos e oficinas tratam de temas diversos relacionados \u00e0 arte e cultura, voltados tanto para profissionais da \u00e1rea como para a promo\u00e7\u00e3o da criatividade como ferramenta de trabalho.<br>\n&#8211; produ\u00e7\u00e3o;<br>\n&#8211; marketing cultural e capta\u00e7\u00e3o de recursos;<br>\n&#8211; treinamentos para criatividade e comunica\u00e7\u00e3o;<br>\n&#8211; incentivos fiscais \u00e0 cultura;<br>\n&#8211; Lei Rouanet;<br>\n&#8211; leis estaduais de incentivo \u00e0 cultura;<br>\n&#8211; leis municipais de incentivo \u00e0 cultura;<br>\n&#8211; presta\u00e7\u00e3o de contas.<br>\t\t\t\t\t<\/div>\n\t\t\t\t\t\t<\/div>\n\t\t\t\t<\/div>\n\t\t\t\t\t\t<\/div>\n\t\t\t\t\t<\/div>\n\t\t<\/div>\n\t\t\t\t\t\t\t\t<\/div>\n\t\t\t\t\t<\/div>\n\t\t<\/section>\n\t\t\t\t\t\t<\/div>\n\t\t\t\t\t\t<\/div>\n\t\t\t\t\t<\/div>\n\t\t","protected":false},"excerpt":{"rendered":"<p>Servi\u00e7os Com mais de 30 anos de atua\u00e7\u00e3o com servi\u00e7os culturais, investindo [&hellip;]<\/p>\n","protected":false},"author":1,"featured_media":21,"parent":0,"menu_order":0,"comment_status":"closed","ping_status":"closed","template":"elementor_header_footer","meta":{"_monsterinsights_skip_tracking":false,"_monsterinsights_sitenote_active":false,"_monsterinsights_sitenote_note":"","_monsterinsights_sitenote_category":0,"spay_email":"","footnotes":""},"class_list":["post-20","page","type-page","status-publish","has-post-thumbnail","hentry"],"yoast_head":"<!-- This site is optimized with the Yoast SEO plugin v18.0 - https:\/\/yoast.com\/wordpress\/plugins\/seo\/ -->\n<title>Servi\u00e7os - Kavantan | Projetos e Eventos Culturais | Servi\u00e7os Culturais<\/title>\n<meta name=\"description\" content=\"Completamos 30 anos de atua\u00e7\u00e3o com servi\u00e7os culturais no fomento \u00e0 difus\u00e3o, produzindo e divulgando ideias e propostas de trabalhos art\u00edsticos e sociais\" \/>\n<meta name=\"robots\" content=\"index, follow, max-snippet:-1, max-image-preview:large, max-video-preview:-1\" \/>\n<link rel=\"canonical\" href=\"https:\/\/kavantan.com.br\/2016\/servicos\/\" \/>\n<meta property=\"og:locale\" content=\"pt_BR\" \/>\n<meta property=\"og:type\" content=\"article\" \/>\n<meta property=\"og:title\" content=\"Servi\u00e7os - Kavantan | Projetos e Eventos Culturais | Servi\u00e7os Culturais\" \/>\n<meta property=\"og:description\" content=\"Completamos 30 anos de atua\u00e7\u00e3o com servi\u00e7os culturais no fomento \u00e0 difus\u00e3o, produzindo e divulgando ideias e propostas de trabalhos art\u00edsticos e sociais\" \/>\n<meta property=\"og:url\" content=\"https:\/\/kavantan.com.br\/2016\/servicos\/\" \/>\n<meta property=\"og:site_name\" content=\"Kavantan Projetos e Eventos Culturais\" \/>\n<meta property=\"article:publisher\" content=\"https:\/\/www.facebook.com\/KavantanCultural\/\" \/>\n<meta property=\"article:modified_time\" content=\"2020-01-27T20:11:19+00:00\" \/>\n<meta property=\"og:image\" content=\"https:\/\/kavantan.com.br\/2016\/wp-content\/uploads\/2016\/09\/servicos_300x200.jpg\" \/>\n\t<meta property=\"og:image:width\" content=\"300\" \/>\n\t<meta property=\"og:image:height\" content=\"200\" \/>\n\t<meta property=\"og:image:type\" content=\"image\/jpeg\" \/>\n<meta name=\"twitter:card\" content=\"summary\" \/>\n<meta name=\"twitter:label1\" content=\"Est. tempo de leitura\" \/>\n\t<meta name=\"twitter:data1\" content=\"2 minutos\" \/>\n<script type=\"application\/ld+json\" class=\"yoast-schema-graph\">{\"@context\":\"https:\/\/schema.org\",\"@graph\":[{\"@type\":\"Organization\",\"@id\":\"https:\/\/kavantan.com.br\/2016\/#organization\",\"name\":\"Kavantan Projetos e Eventos Culturais\",\"url\":\"https:\/\/kavantan.com.br\/2016\/\",\"sameAs\":[\"https:\/\/www.facebook.com\/KavantanCultural\/\",\"http:\/\/instagram.com\/KavantanCultural\",\"https:\/\/www.youtube.com\/channel\/UCb9iwGfNUFnBax2SqznpQYA\"],\"logo\":{\"@type\":\"ImageObject\",\"@id\":\"https:\/\/kavantan.com.br\/2016\/#logo\",\"inLanguage\":\"pt-BR\",\"url\":\"https:\/\/kavantan.com.br\/2016\/wp-content\/uploads\/2016\/09\/Kavantan_319x100.jpg\",\"contentUrl\":\"https:\/\/kavantan.com.br\/2016\/wp-content\/uploads\/2016\/09\/Kavantan_319x100.jpg\",\"width\":319,\"height\":100,\"caption\":\"Kavantan Projetos e Eventos Culturais\"},\"image\":{\"@id\":\"https:\/\/kavantan.com.br\/2016\/#logo\"}},{\"@type\":\"WebSite\",\"@id\":\"https:\/\/kavantan.com.br\/2016\/#website\",\"url\":\"https:\/\/kavantan.com.br\/2016\/\",\"name\":\"Kavantan Projetos e Eventos Culturais\",\"description\":\"\",\"publisher\":{\"@id\":\"https:\/\/kavantan.com.br\/2016\/#organization\"},\"potentialAction\":[{\"@type\":\"SearchAction\",\"target\":{\"@type\":\"EntryPoint\",\"urlTemplate\":\"https:\/\/kavantan.com.br\/2016\/?s={search_term_string}\"},\"query-input\":\"required name=search_term_string\"}],\"inLanguage\":\"pt-BR\"},{\"@type\":\"ImageObject\",\"@id\":\"https:\/\/kavantan.com.br\/2016\/servicos\/#primaryimage\",\"inLanguage\":\"pt-BR\",\"url\":\"https:\/\/kavantan.com.br\/2016\/wp-content\/uploads\/2016\/09\/servicos_300x200.jpg\",\"contentUrl\":\"https:\/\/kavantan.com.br\/2016\/wp-content\/uploads\/2016\/09\/servicos_300x200.jpg\",\"width\":300,\"height\":200},{\"@type\":\"WebPage\",\"@id\":\"https:\/\/kavantan.com.br\/2016\/servicos\/#webpage\",\"url\":\"https:\/\/kavantan.com.br\/2016\/servicos\/\",\"name\":\"Servi\u00e7os - Kavantan | Projetos e Eventos Culturais | Servi\u00e7os Culturais\",\"isPartOf\":{\"@id\":\"https:\/\/kavantan.com.br\/2016\/#website\"},\"primaryImageOfPage\":{\"@id\":\"https:\/\/kavantan.com.br\/2016\/servicos\/#primaryimage\"},\"datePublished\":\"2016-09-30T13:42:47+00:00\",\"dateModified\":\"2020-01-27T20:11:19+00:00\",\"description\":\"Completamos 30 anos de atua\u00e7\u00e3o com servi\u00e7os culturais no fomento \u00e0 difus\u00e3o, produzindo e divulgando ideias e propostas de trabalhos art\u00edsticos e sociais\",\"breadcrumb\":{\"@id\":\"https:\/\/kavantan.com.br\/2016\/servicos\/#breadcrumb\"},\"inLanguage\":\"pt-BR\",\"potentialAction\":[{\"@type\":\"ReadAction\",\"target\":[\"https:\/\/kavantan.com.br\/2016\/servicos\/\"]}]},{\"@type\":\"BreadcrumbList\",\"@id\":\"https:\/\/kavantan.com.br\/2016\/servicos\/#breadcrumb\",\"itemListElement\":[{\"@type\":\"ListItem\",\"position\":1,\"name\":\"In\u00edcio\",\"item\":\"https:\/\/kavantan.com.br\/2016\/\"},{\"@type\":\"ListItem\",\"position\":2,\"name\":\"Servi\u00e7os\"}]}]}<\/script>\n<!-- \/ Yoast SEO plugin. -->","yoast_head_json":{"title":"Servi\u00e7os - Kavantan | Projetos e Eventos Culturais | Servi\u00e7os Culturais","description":"Completamos 30 anos de atua\u00e7\u00e3o com servi\u00e7os culturais no fomento \u00e0 difus\u00e3o, produzindo e divulgando ideias e propostas de trabalhos art\u00edsticos e sociais","robots":{"index":"index","follow":"follow","max-snippet":"max-snippet:-1","max-image-preview":"max-image-preview:large","max-video-preview":"max-video-preview:-1"},"canonical":"https:\/\/kavantan.com.br\/2016\/servicos\/","og_locale":"pt_BR","og_type":"article","og_title":"Servi\u00e7os - Kavantan | Projetos e Eventos Culturais | Servi\u00e7os Culturais","og_description":"Completamos 30 anos de atua\u00e7\u00e3o com servi\u00e7os culturais no fomento \u00e0 difus\u00e3o, produzindo e divulgando ideias e propostas de trabalhos art\u00edsticos e sociais","og_url":"https:\/\/kavantan.com.br\/2016\/servicos\/","og_site_name":"Kavantan Projetos e Eventos Culturais","article_publisher":"https:\/\/www.facebook.com\/KavantanCultural\/","article_modified_time":"2020-01-27T20:11:19+00:00","og_image":[{"width":300,"height":200,"url":"https:\/\/kavantan.com.br\/2016\/wp-content\/uploads\/2016\/09\/servicos_300x200.jpg","type":"image\/jpeg"}],"twitter_card":"summary","twitter_misc":{"Est. tempo de leitura":"2 minutos"},"schema":{"@context":"https:\/\/schema.org","@graph":[{"@type":"Organization","@id":"https:\/\/kavantan.com.br\/2016\/#organization","name":"Kavantan Projetos e Eventos Culturais","url":"https:\/\/kavantan.com.br\/2016\/","sameAs":["https:\/\/www.facebook.com\/KavantanCultural\/","http:\/\/instagram.com\/KavantanCultural","https:\/\/www.youtube.com\/channel\/UCb9iwGfNUFnBax2SqznpQYA"],"logo":{"@type":"ImageObject","@id":"https:\/\/kavantan.com.br\/2016\/#logo","inLanguage":"pt-BR","url":"https:\/\/kavantan.com.br\/2016\/wp-content\/uploads\/2016\/09\/Kavantan_319x100.jpg","contentUrl":"https:\/\/kavantan.com.br\/2016\/wp-content\/uploads\/2016\/09\/Kavantan_319x100.jpg","width":319,"height":100,"caption":"Kavantan Projetos e Eventos Culturais"},"image":{"@id":"https:\/\/kavantan.com.br\/2016\/#logo"}},{"@type":"WebSite","@id":"https:\/\/kavantan.com.br\/2016\/#website","url":"https:\/\/kavantan.com.br\/2016\/","name":"Kavantan Projetos e Eventos Culturais","description":"","publisher":{"@id":"https:\/\/kavantan.com.br\/2016\/#organization"},"potentialAction":[{"@type":"SearchAction","target":{"@type":"EntryPoint","urlTemplate":"https:\/\/kavantan.com.br\/2016\/?s={search_term_string}"},"query-input":"required name=search_term_string"}],"inLanguage":"pt-BR"},{"@type":"ImageObject","@id":"https:\/\/kavantan.com.br\/2016\/servicos\/#primaryimage","inLanguage":"pt-BR","url":"https:\/\/kavantan.com.br\/2016\/wp-content\/uploads\/2016\/09\/servicos_300x200.jpg","contentUrl":"https:\/\/kavantan.com.br\/2016\/wp-content\/uploads\/2016\/09\/servicos_300x200.jpg","width":300,"height":200},{"@type":"WebPage","@id":"https:\/\/kavantan.com.br\/2016\/servicos\/#webpage","url":"https:\/\/kavantan.com.br\/2016\/servicos\/","name":"Servi\u00e7os - Kavantan | Projetos e Eventos Culturais | Servi\u00e7os Culturais","isPartOf":{"@id":"https:\/\/kavantan.com.br\/2016\/#website"},"primaryImageOfPage":{"@id":"https:\/\/kavantan.com.br\/2016\/servicos\/#primaryimage"},"datePublished":"2016-09-30T13:42:47+00:00","dateModified":"2020-01-27T20:11:19+00:00","description":"Completamos 30 anos de atua\u00e7\u00e3o com servi\u00e7os culturais no fomento \u00e0 difus\u00e3o, produzindo e divulgando ideias e propostas de trabalhos art\u00edsticos e sociais","breadcrumb":{"@id":"https:\/\/kavantan.com.br\/2016\/servicos\/#breadcrumb"},"inLanguage":"pt-BR","potentialAction":[{"@type":"ReadAction","target":["https:\/\/kavantan.com.br\/2016\/servicos\/"]}]},{"@type":"BreadcrumbList","@id":"https:\/\/kavantan.com.br\/2016\/servicos\/#breadcrumb","itemListElement":[{"@type":"ListItem","position":1,"name":"In\u00edcio","item":"https:\/\/kavantan.com.br\/2016\/"},{"@type":"ListItem","position":2,"name":"Servi\u00e7os"}]}]}},"_links":{"self":[{"href":"https:\/\/kavantan.com.br\/2016\/wp-json\/wp\/v2\/pages\/20","targetHints":{"allow":["GET"]}}],"collection":[{"href":"https:\/\/kavantan.com.br\/2016\/wp-json\/wp\/v2\/pages"}],"about":[{"href":"https:\/\/kavantan.com.br\/2016\/wp-json\/wp\/v2\/types\/page"}],"author":[{"embeddable":true,"href":"https:\/\/kavantan.com.br\/2016\/wp-json\/wp\/v2\/users\/1"}],"replies":[{"embeddable":true,"href":"https:\/\/kavantan.com.br\/2016\/wp-json\/wp\/v2\/comments?post=20"}],"version-history":[{"count":12,"href":"https:\/\/kavantan.com.br\/2016\/wp-json\/wp\/v2\/pages\/20\/revisions"}],"predecessor-version":[{"id":1010,"href":"https:\/\/kavantan.com.br\/2016\/wp-json\/wp\/v2\/pages\/20\/revisions\/1010"}],"wp:featuredmedia":[{"embeddable":true,"href":"https:\/\/kavantan.com.br\/2016\/wp-json\/wp\/v2\/media\/21"}],"wp:attachment":[{"href":"https:\/\/kavantan.com.br\/2016\/wp-json\/wp\/v2\/media?parent=20"}],"curies":[{"name":"wp","href":"https:\/\/api.w.org\/{rel}","templated":true}]}}