{"id":141,"date":"2016-10-03T10:49:01","date_gmt":"2016-10-03T13:49:01","guid":{"rendered":"http:\/\/kavantan.com.br\/2016\/?page_id=141"},"modified":"2016-11-25T08:56:30","modified_gmt":"2016-11-25T11:56:30","slug":"mulheres-que-encantam","status":"publish","type":"page","link":"https:\/\/kavantan.com.br\/2016\/projetos\/realizacoes\/mulheres-que-encantam\/","title":{"rendered":"Mulheres Que Encantam"},"content":{"rendered":"<p><img loading=\"lazy\" decoding=\"async\" class=\"aligncenter size-full wp-image-333\" src=\"http:\/\/kavantan.com.br\/2016\/wp-content\/uploads\/2016\/09\/projetos_1400x400.jpg\" alt=\"\" width=\"1400\" height=\"401\" srcset=\"https:\/\/kavantan.com.br\/2016\/wp-content\/uploads\/2016\/09\/projetos_1400x400.jpg 1400w, https:\/\/kavantan.com.br\/2016\/wp-content\/uploads\/2016\/09\/projetos_1400x400-300x86.jpg 300w, https:\/\/kavantan.com.br\/2016\/wp-content\/uploads\/2016\/09\/projetos_1400x400-768x220.jpg 768w, https:\/\/kavantan.com.br\/2016\/wp-content\/uploads\/2016\/09\/projetos_1400x400-1024x293.jpg 1024w\" sizes=\"auto, (max-width: 1400px) 100vw, 1400px\" \/><\/p>\n<p>O diretor musical e arranjador <strong>Nelson Ayres<\/strong> enfrentou o desafio de apresentar grandes cl\u00e1ssicos eruditos nas vozes de cantoras populares proposto pelo projeto <strong>Mulheres Que Encantam<\/strong>.<\/p>\n<p><strong>Zizi Possi<\/strong>, <strong>M\u00f4nica Salmaso<\/strong>, <strong>Roberta S\u00e1<\/strong>, <strong>Marina de La Riva<\/strong> e <strong>Fabiana Cozza<\/strong> interpretaram o repert\u00f3rio que contemplou grandes pe\u00e7as l\u00edricas centradas em personagens femininos e <em>\u00e1rias<\/em>escritas para vozes femininas. Acompanhadas pela orquestra composta por 44 m\u00fasicos \u2013 reunida especialmente para o concerto \u2013 e pela reg\u00eancia do maestro <strong>M\u00e1rio Zaccaro<\/strong>, elas apresentaram solos de obras de Heitor Villa-Lobos, Giacomo Puccini, George Gershwin, Franz Schubert, Leonard Bernstein, entre outras. Os cantores l\u00edricos <strong>Rosana Lamosa<\/strong> (soprano) e <strong>Saulo Javan<\/strong> (baixo) completaram o time com participa\u00e7\u00f5es especiais.<\/p>\n<p>O concerto foi gratuito e ao ar livre e ocorreu no dia 23 de novembro de 2013, no Parque da Independ\u00eancia, no Ipiranga.<\/p>\n<p style=\"text-align: center;\"><strong>Fotos do Projeto\u00a0<\/strong>(Cr\u00e9ditos: Jo\u00e3o Caldas)<\/p>\n<!-- Rendered by FancyBox without labels BEGIN -->\n\n\t<style type=\"text\/css\">\n\t\t\t\t\t#gallery-0 {\n\t\t\t\t\t\tmargin: auto;\n\t\t\t\t\t}\n\t\t\t\t\t#gallery-0 .gallery-item {\n\t\t\t\t\t\tfloat: left;\n\t\t\t\t\t\tmargin-top: 10px;\n\t\t\t\t\t\ttext-align: center;\n\t\t\t\t\t\twidth: 24%;\n\t\t\t\t\t}\n\t\t\t\t\t#gallery-0 img {\n\t\t\t\t\t\tborder: 2px solid #cfcfcf;\n\t\t\t\t\t}\n\t\t\t\t\t#gallery-0 .gallery-caption {\n\t\t\t\t\t\tmargin-left: 0;\n\t\t\t\t\t}\n\t<\/style>\n<script type=\"text\/javascript\">\n$(document).ready(function() {\n\t\/*\n\t *  Simple image gallery. Uses default settings\n\t *\/\n\n\t$(\".fancybox\").fancybox({\n\t\t\"transitionIn\"\t\t: \"none\",\n\t\t\"transitionOut\"\t\t: \"none\",\n\t\t\"titlePosition\" \t: \"over\"\n\n\t});\n});\n<\/script>\n\n\t<div id=\"gallery-0\" class=\"gallery galleryid-0 gallery-size-thumbnail\" style=\"\"><dl class=\"gallery-item\"><dt class=\"gallery-icon\">\n\t\t<a class=\"fancybox\" href=\"https:\/\/kavantan.com.br\/2016\/wp-content\/uploads\/2016\/10\/mulheres-que-encantam_002.jpg\" rel=\"gallery-0\"><img loading=\"lazy\" decoding=\"async\" width=\"150\" height=\"150\" class=\"attachment-thumbnail\" alt=\"\" src=\"https:\/\/kavantan.com.br\/2016\/wp-content\/uploads\/2016\/10\/mulheres-que-encantam_002-150x150.jpg\" \/><\/a><\/dt><\/dl>\n\n<dl class=\"gallery-item\"><dt class=\"gallery-icon\">\n\t\t<a class=\"fancybox\" href=\"https:\/\/kavantan.com.br\/2016\/wp-content\/uploads\/2016\/10\/mulheres-que-encantam_011.jpg\" rel=\"gallery-0\"><img loading=\"lazy\" decoding=\"async\" width=\"150\" height=\"150\" class=\"attachment-thumbnail\" alt=\"\" src=\"https:\/\/kavantan.com.br\/2016\/wp-content\/uploads\/2016\/10\/mulheres-que-encantam_011-150x150.jpg\" \/><\/a><\/dt><\/dl>\n\n<dl class=\"gallery-item\"><dt class=\"gallery-icon\">\n\t\t<a class=\"fancybox\" href=\"https:\/\/kavantan.com.br\/2016\/wp-content\/uploads\/2016\/10\/mulheres-que-encantam_013.jpg\" rel=\"gallery-0\"><img loading=\"lazy\" decoding=\"async\" width=\"150\" height=\"150\" class=\"attachment-thumbnail\" alt=\"\" src=\"https:\/\/kavantan.com.br\/2016\/wp-content\/uploads\/2016\/10\/mulheres-que-encantam_013-150x150.jpg\" \/><\/a><\/dt><\/dl>\n\n<dl class=\"gallery-item\"><dt class=\"gallery-icon\">\n\t\t<a class=\"fancybox\" href=\"https:\/\/kavantan.com.br\/2016\/wp-content\/uploads\/2016\/10\/mulheres-que-encantam_009.jpg\" rel=\"gallery-0\"><img loading=\"lazy\" decoding=\"async\" width=\"150\" height=\"150\" class=\"attachment-thumbnail\" alt=\"\" src=\"https:\/\/kavantan.com.br\/2016\/wp-content\/uploads\/2016\/10\/mulheres-que-encantam_009-150x150.jpg\" \/><\/a><\/dt><\/dl>\n\n<dl class=\"gallery-item\"><dt class=\"gallery-icon\">\n\t\t<a class=\"fancybox\" href=\"https:\/\/kavantan.com.br\/2016\/wp-content\/uploads\/2016\/10\/mulheres-que-encantam_007.jpg\" rel=\"gallery-0\"><img loading=\"lazy\" decoding=\"async\" width=\"150\" height=\"150\" class=\"attachment-thumbnail\" alt=\"\" src=\"https:\/\/kavantan.com.br\/2016\/wp-content\/uploads\/2016\/10\/mulheres-que-encantam_007-150x150.jpg\" \/><\/a><\/dt><\/dl>\n\n<dl class=\"gallery-item\"><dt class=\"gallery-icon\">\n\t\t<a class=\"fancybox\" href=\"https:\/\/kavantan.com.br\/2016\/wp-content\/uploads\/2016\/10\/mulheres-que-encantam_006.jpg\" rel=\"gallery-0\"><img loading=\"lazy\" decoding=\"async\" width=\"150\" height=\"150\" class=\"attachment-thumbnail\" alt=\"\" src=\"https:\/\/kavantan.com.br\/2016\/wp-content\/uploads\/2016\/10\/mulheres-que-encantam_006-150x150.jpg\" \/><\/a><\/dt><\/dl>\n\n<dl class=\"gallery-item\"><dt class=\"gallery-icon\">\n\t\t<a class=\"fancybox\" href=\"https:\/\/kavantan.com.br\/2016\/wp-content\/uploads\/2016\/10\/mulheres-que-encantam_004.jpg\" rel=\"gallery-0\"><img loading=\"lazy\" decoding=\"async\" width=\"150\" height=\"150\" class=\"attachment-thumbnail\" alt=\"\" src=\"https:\/\/kavantan.com.br\/2016\/wp-content\/uploads\/2016\/10\/mulheres-que-encantam_004-150x150.jpg\" \/><\/a><\/dt><\/dl>\n\n<dl class=\"gallery-item\"><dt class=\"gallery-icon\">\n\t\t<a class=\"fancybox\" href=\"https:\/\/kavantan.com.br\/2016\/wp-content\/uploads\/2016\/10\/mulheres-que-encantam_005.jpg\" rel=\"gallery-0\"><img loading=\"lazy\" decoding=\"async\" width=\"150\" height=\"150\" class=\"attachment-thumbnail\" alt=\"\" src=\"https:\/\/kavantan.com.br\/2016\/wp-content\/uploads\/2016\/10\/mulheres-que-encantam_005-150x150.jpg\" \/><\/a><\/dt><\/dl>\n\n<dl class=\"gallery-item\"><dt class=\"gallery-icon\">\n\t\t<a class=\"fancybox\" href=\"https:\/\/kavantan.com.br\/2016\/wp-content\/uploads\/2016\/10\/mulheres-que-encantam_014.jpg\" rel=\"gallery-0\"><img loading=\"lazy\" decoding=\"async\" width=\"150\" height=\"150\" class=\"attachment-thumbnail\" alt=\"\" src=\"https:\/\/kavantan.com.br\/2016\/wp-content\/uploads\/2016\/10\/mulheres-que-encantam_014-150x150.jpg\" \/><\/a><\/dt><\/dl>\n\n<dl class=\"gallery-item\"><dt class=\"gallery-icon\">\n\t\t<a class=\"fancybox\" href=\"https:\/\/kavantan.com.br\/2016\/wp-content\/uploads\/2016\/10\/mulheres-que-encantam_010.jpg\" rel=\"gallery-0\"><img loading=\"lazy\" decoding=\"async\" width=\"150\" height=\"150\" class=\"attachment-thumbnail\" alt=\"\" src=\"https:\/\/kavantan.com.br\/2016\/wp-content\/uploads\/2016\/10\/mulheres-que-encantam_010-150x150.jpg\" \/><\/a><\/dt><\/dl>\n\n<dl class=\"gallery-item\"><dt class=\"gallery-icon\">\n\t\t<a class=\"fancybox\" href=\"https:\/\/kavantan.com.br\/2016\/wp-content\/uploads\/2016\/10\/mulheres-que-encantam_012.jpg\" rel=\"gallery-0\"><img loading=\"lazy\" decoding=\"async\" width=\"150\" height=\"150\" class=\"attachment-thumbnail\" alt=\"\" src=\"https:\/\/kavantan.com.br\/2016\/wp-content\/uploads\/2016\/10\/mulheres-que-encantam_012-150x150.jpg\" \/><\/a><\/dt><\/dl>\n\n<dl class=\"gallery-item\"><dt class=\"gallery-icon\">\n\t\t<a class=\"fancybox\" href=\"https:\/\/kavantan.com.br\/2016\/wp-content\/uploads\/2016\/10\/mulheres-que-encantam_001.jpg\" rel=\"gallery-0\"><img loading=\"lazy\" decoding=\"async\" width=\"150\" height=\"150\" class=\"attachment-thumbnail\" alt=\"\" src=\"https:\/\/kavantan.com.br\/2016\/wp-content\/uploads\/2016\/10\/mulheres-que-encantam_001-150x150.jpg\" \/><\/a><\/dt><\/dl>\n\n<\/div><br clear=\"all\" \/><!-- Rendered by FancyBox without labels END -->\n\n<p><strong>Ficha T\u00e9cnica<\/strong><\/p>\n<p><strong>Dire\u00e7\u00e3o Musical:<\/strong> Nelson Ayres<br \/>\n<strong>Reg\u00eancia da Orquestra:<\/strong> M\u00e1rio Zaccaro<br \/>\n<strong>Vozes:<\/strong> Rosana Lamosa, Saulo Javan, Zizi Possi, Roberta S\u00e1, M\u00f4nica Salmaso, Fabiana Cozza, Marina de La Riva<br \/>\n<strong>Produ\u00e7\u00e3o Geral:<\/strong> Samba<br \/>\n<strong>Realiza\u00e7\u00e3o:<\/strong> Kavantan Projetos e Eventos Culturais<br \/>\n<strong>Patroc\u00ednio:<\/strong> Avon<br \/>\n<strong>Apoio:<\/strong> Instituto Avon. Lei de Incentivo \u00e0 Cultura \u2013 Minist\u00e9rio da Cultura<\/p>\n","protected":false},"excerpt":{"rendered":"<p>O diretor musical e arranjador Nelson Ayres enfrentou o desafio de apresentar [&hellip;]<\/p>\n","protected":false},"author":1,"featured_media":0,"parent":40,"menu_order":0,"comment_status":"closed","ping_status":"closed","template":"","meta":{"_monsterinsights_skip_tracking":false,"_monsterinsights_sitenote_active":false,"_monsterinsights_sitenote_note":"","_monsterinsights_sitenote_category":0,"spay_email":"","footnotes":""},"class_list":["post-141","page","type-page","status-publish","hentry"],"yoast_head":"<!-- This site is optimized with the Yoast SEO plugin v18.0 - https:\/\/yoast.com\/wordpress\/plugins\/seo\/ -->\n<title>Mulheres Que Encantam &ndash; Kavantan Projetos e Eventos Culturais<\/title>\n<meta name=\"robots\" content=\"index, follow, max-snippet:-1, max-image-preview:large, max-video-preview:-1\" \/>\n<link rel=\"canonical\" href=\"https:\/\/kavantan.com.br\/2016\/projetos\/realizacoes\/mulheres-que-encantam\/\" \/>\n<meta property=\"og:locale\" content=\"pt_BR\" \/>\n<meta property=\"og:type\" content=\"article\" \/>\n<meta property=\"og:title\" content=\"Mulheres Que Encantam &ndash; Kavantan Projetos e Eventos Culturais\" \/>\n<meta property=\"og:description\" content=\"O diretor musical e arranjador Nelson Ayres enfrentou o desafio de apresentar [&hellip;]\" \/>\n<meta property=\"og:url\" content=\"https:\/\/kavantan.com.br\/2016\/projetos\/realizacoes\/mulheres-que-encantam\/\" \/>\n<meta property=\"og:site_name\" content=\"Kavantan Projetos e Eventos Culturais\" \/>\n<meta property=\"article:publisher\" content=\"https:\/\/www.facebook.com\/KavantanCultural\/\" \/>\n<meta property=\"article:modified_time\" content=\"2016-11-25T11:56:30+00:00\" \/>\n<meta property=\"og:image\" content=\"https:\/\/kavantan.com.br\/2016\/wp-content\/uploads\/2016\/10\/mulheres-que-encantam_002-150x150.jpg\" \/>\n<meta name=\"twitter:card\" content=\"summary\" \/>\n<meta name=\"twitter:label1\" content=\"Est. tempo de leitura\" \/>\n\t<meta name=\"twitter:data1\" content=\"1 minuto\" \/>\n<script type=\"application\/ld+json\" class=\"yoast-schema-graph\">{\"@context\":\"https:\/\/schema.org\",\"@graph\":[{\"@type\":\"Organization\",\"@id\":\"https:\/\/kavantan.com.br\/2016\/#organization\",\"name\":\"Kavantan Projetos e Eventos Culturais\",\"url\":\"https:\/\/kavantan.com.br\/2016\/\",\"sameAs\":[\"https:\/\/www.facebook.com\/KavantanCultural\/\",\"http:\/\/instagram.com\/KavantanCultural\",\"https:\/\/www.youtube.com\/channel\/UCb9iwGfNUFnBax2SqznpQYA\"],\"logo\":{\"@type\":\"ImageObject\",\"@id\":\"https:\/\/kavantan.com.br\/2016\/#logo\",\"inLanguage\":\"pt-BR\",\"url\":\"https:\/\/kavantan.com.br\/2016\/wp-content\/uploads\/2016\/09\/Kavantan_319x100.jpg\",\"contentUrl\":\"https:\/\/kavantan.com.br\/2016\/wp-content\/uploads\/2016\/09\/Kavantan_319x100.jpg\",\"width\":319,\"height\":100,\"caption\":\"Kavantan Projetos e Eventos Culturais\"},\"image\":{\"@id\":\"https:\/\/kavantan.com.br\/2016\/#logo\"}},{\"@type\":\"WebSite\",\"@id\":\"https:\/\/kavantan.com.br\/2016\/#website\",\"url\":\"https:\/\/kavantan.com.br\/2016\/\",\"name\":\"Kavantan Projetos e Eventos Culturais\",\"description\":\"\",\"publisher\":{\"@id\":\"https:\/\/kavantan.com.br\/2016\/#organization\"},\"potentialAction\":[{\"@type\":\"SearchAction\",\"target\":{\"@type\":\"EntryPoint\",\"urlTemplate\":\"https:\/\/kavantan.com.br\/2016\/?s={search_term_string}\"},\"query-input\":\"required name=search_term_string\"}],\"inLanguage\":\"pt-BR\"},{\"@type\":\"ImageObject\",\"@id\":\"https:\/\/kavantan.com.br\/2016\/projetos\/realizacoes\/mulheres-que-encantam\/#primaryimage\",\"inLanguage\":\"pt-BR\",\"url\":\"http:\/\/kavantan.com.br\/2016\/wp-content\/uploads\/2016\/09\/projetos_1400x400.jpg\",\"contentUrl\":\"http:\/\/kavantan.com.br\/2016\/wp-content\/uploads\/2016\/09\/projetos_1400x400.jpg\"},{\"@type\":\"WebPage\",\"@id\":\"https:\/\/kavantan.com.br\/2016\/projetos\/realizacoes\/mulheres-que-encantam\/#webpage\",\"url\":\"https:\/\/kavantan.com.br\/2016\/projetos\/realizacoes\/mulheres-que-encantam\/\",\"name\":\"Mulheres Que Encantam &ndash; Kavantan Projetos e Eventos Culturais\",\"isPartOf\":{\"@id\":\"https:\/\/kavantan.com.br\/2016\/#website\"},\"primaryImageOfPage\":{\"@id\":\"https:\/\/kavantan.com.br\/2016\/projetos\/realizacoes\/mulheres-que-encantam\/#primaryimage\"},\"datePublished\":\"2016-10-03T13:49:01+00:00\",\"dateModified\":\"2016-11-25T11:56:30+00:00\",\"breadcrumb\":{\"@id\":\"https:\/\/kavantan.com.br\/2016\/projetos\/realizacoes\/mulheres-que-encantam\/#breadcrumb\"},\"inLanguage\":\"pt-BR\",\"potentialAction\":[{\"@type\":\"ReadAction\",\"target\":[\"https:\/\/kavantan.com.br\/2016\/projetos\/realizacoes\/mulheres-que-encantam\/\"]}]},{\"@type\":\"BreadcrumbList\",\"@id\":\"https:\/\/kavantan.com.br\/2016\/projetos\/realizacoes\/mulheres-que-encantam\/#breadcrumb\",\"itemListElement\":[{\"@type\":\"ListItem\",\"position\":1,\"name\":\"In\u00edcio\",\"item\":\"https:\/\/kavantan.com.br\/2016\/\"},{\"@type\":\"ListItem\",\"position\":2,\"name\":\"Projetos\",\"item\":\"https:\/\/kavantan.com.br\/2016\/projetos\/\"},{\"@type\":\"ListItem\",\"position\":3,\"name\":\"Realiza\u00e7\u00f5es\",\"item\":\"https:\/\/kavantan.com.br\/2016\/projetos\/realizacoes\/\"},{\"@type\":\"ListItem\",\"position\":4,\"name\":\"Mulheres Que Encantam\"}]}]}<\/script>\n<!-- \/ Yoast SEO plugin. -->","yoast_head_json":{"title":"Mulheres Que Encantam &ndash; Kavantan Projetos e Eventos Culturais","robots":{"index":"index","follow":"follow","max-snippet":"max-snippet:-1","max-image-preview":"max-image-preview:large","max-video-preview":"max-video-preview:-1"},"canonical":"https:\/\/kavantan.com.br\/2016\/projetos\/realizacoes\/mulheres-que-encantam\/","og_locale":"pt_BR","og_type":"article","og_title":"Mulheres Que Encantam &ndash; Kavantan Projetos e Eventos Culturais","og_description":"O diretor musical e arranjador Nelson Ayres enfrentou o desafio de apresentar [&hellip;]","og_url":"https:\/\/kavantan.com.br\/2016\/projetos\/realizacoes\/mulheres-que-encantam\/","og_site_name":"Kavantan Projetos e Eventos Culturais","article_publisher":"https:\/\/www.facebook.com\/KavantanCultural\/","article_modified_time":"2016-11-25T11:56:30+00:00","og_image":[{"url":"https:\/\/kavantan.com.br\/2016\/wp-content\/uploads\/2016\/10\/mulheres-que-encantam_002-150x150.jpg"}],"twitter_card":"summary","twitter_misc":{"Est. tempo de leitura":"1 minuto"},"schema":{"@context":"https:\/\/schema.org","@graph":[{"@type":"Organization","@id":"https:\/\/kavantan.com.br\/2016\/#organization","name":"Kavantan Projetos e Eventos Culturais","url":"https:\/\/kavantan.com.br\/2016\/","sameAs":["https:\/\/www.facebook.com\/KavantanCultural\/","http:\/\/instagram.com\/KavantanCultural","https:\/\/www.youtube.com\/channel\/UCb9iwGfNUFnBax2SqznpQYA"],"logo":{"@type":"ImageObject","@id":"https:\/\/kavantan.com.br\/2016\/#logo","inLanguage":"pt-BR","url":"https:\/\/kavantan.com.br\/2016\/wp-content\/uploads\/2016\/09\/Kavantan_319x100.jpg","contentUrl":"https:\/\/kavantan.com.br\/2016\/wp-content\/uploads\/2016\/09\/Kavantan_319x100.jpg","width":319,"height":100,"caption":"Kavantan Projetos e Eventos Culturais"},"image":{"@id":"https:\/\/kavantan.com.br\/2016\/#logo"}},{"@type":"WebSite","@id":"https:\/\/kavantan.com.br\/2016\/#website","url":"https:\/\/kavantan.com.br\/2016\/","name":"Kavantan Projetos e Eventos Culturais","description":"","publisher":{"@id":"https:\/\/kavantan.com.br\/2016\/#organization"},"potentialAction":[{"@type":"SearchAction","target":{"@type":"EntryPoint","urlTemplate":"https:\/\/kavantan.com.br\/2016\/?s={search_term_string}"},"query-input":"required name=search_term_string"}],"inLanguage":"pt-BR"},{"@type":"ImageObject","@id":"https:\/\/kavantan.com.br\/2016\/projetos\/realizacoes\/mulheres-que-encantam\/#primaryimage","inLanguage":"pt-BR","url":"http:\/\/kavantan.com.br\/2016\/wp-content\/uploads\/2016\/09\/projetos_1400x400.jpg","contentUrl":"http:\/\/kavantan.com.br\/2016\/wp-content\/uploads\/2016\/09\/projetos_1400x400.jpg"},{"@type":"WebPage","@id":"https:\/\/kavantan.com.br\/2016\/projetos\/realizacoes\/mulheres-que-encantam\/#webpage","url":"https:\/\/kavantan.com.br\/2016\/projetos\/realizacoes\/mulheres-que-encantam\/","name":"Mulheres Que Encantam &ndash; Kavantan Projetos e Eventos Culturais","isPartOf":{"@id":"https:\/\/kavantan.com.br\/2016\/#website"},"primaryImageOfPage":{"@id":"https:\/\/kavantan.com.br\/2016\/projetos\/realizacoes\/mulheres-que-encantam\/#primaryimage"},"datePublished":"2016-10-03T13:49:01+00:00","dateModified":"2016-11-25T11:56:30+00:00","breadcrumb":{"@id":"https:\/\/kavantan.com.br\/2016\/projetos\/realizacoes\/mulheres-que-encantam\/#breadcrumb"},"inLanguage":"pt-BR","potentialAction":[{"@type":"ReadAction","target":["https:\/\/kavantan.com.br\/2016\/projetos\/realizacoes\/mulheres-que-encantam\/"]}]},{"@type":"BreadcrumbList","@id":"https:\/\/kavantan.com.br\/2016\/projetos\/realizacoes\/mulheres-que-encantam\/#breadcrumb","itemListElement":[{"@type":"ListItem","position":1,"name":"In\u00edcio","item":"https:\/\/kavantan.com.br\/2016\/"},{"@type":"ListItem","position":2,"name":"Projetos","item":"https:\/\/kavantan.com.br\/2016\/projetos\/"},{"@type":"ListItem","position":3,"name":"Realiza\u00e7\u00f5es","item":"https:\/\/kavantan.com.br\/2016\/projetos\/realizacoes\/"},{"@type":"ListItem","position":4,"name":"Mulheres Que Encantam"}]}]}},"_links":{"self":[{"href":"https:\/\/kavantan.com.br\/2016\/wp-json\/wp\/v2\/pages\/141","targetHints":{"allow":["GET"]}}],"collection":[{"href":"https:\/\/kavantan.com.br\/2016\/wp-json\/wp\/v2\/pages"}],"about":[{"href":"https:\/\/kavantan.com.br\/2016\/wp-json\/wp\/v2\/types\/page"}],"author":[{"embeddable":true,"href":"https:\/\/kavantan.com.br\/2016\/wp-json\/wp\/v2\/users\/1"}],"replies":[{"embeddable":true,"href":"https:\/\/kavantan.com.br\/2016\/wp-json\/wp\/v2\/comments?post=141"}],"version-history":[{"count":4,"href":"https:\/\/kavantan.com.br\/2016\/wp-json\/wp\/v2\/pages\/141\/revisions"}],"predecessor-version":[{"id":407,"href":"https:\/\/kavantan.com.br\/2016\/wp-json\/wp\/v2\/pages\/141\/revisions\/407"}],"up":[{"embeddable":true,"href":"https:\/\/kavantan.com.br\/2016\/wp-json\/wp\/v2\/pages\/40"}],"wp:attachment":[{"href":"https:\/\/kavantan.com.br\/2016\/wp-json\/wp\/v2\/media?parent=141"}],"curies":[{"name":"wp","href":"https:\/\/api.w.org\/{rel}","templated":true}]}}